{"id":15579,"date":"2020-02-24T19:56:01","date_gmt":"2020-02-24T19:56:01","guid":{"rendered":"http:\/\/leiklist.websitetest.site\/product\/import-placeholder-for-5549\/"},"modified":"2026-01-05T18:38:53","modified_gmt":"2026-01-05T18:38:53","slug":"aquacolor-soft-cream-50-ml","status":"publish","type":"product","link":"https:\/\/leiklist.is\/en\/product\/aquacolor-soft-cream-50-ml\/","title":{"rendered":"Aquacolor Soft Cream, 25 og 50 ml."},"content":{"rendered":"<p><em>Aquacolor Soft Cream<\/em> eru vatnsuppleysanlegir litir fr\u00e1 Kryolan me\u00f0 kremkenndri \u00e1fer\u00f0. \u00deeir koma \u00ed hagkv\u00e6mum plastfl\u00f6skum me\u00f0 pumpu e\u00f0a t\u00fapum svo au\u00f0velt og flj\u00f3tlegt er a\u00f0 bera \u00fe\u00e1 \u00e1 t.d. \u00feegar lita \u00fearf st\u00f3ra fleti. Hver litur er 25 e\u00f0a 50 ml. Aquacolor Soft Cream f\u00e6st \u00ed nokkrum litum. H\u00e6gt er a\u00f0 \u00feynna litina me\u00f0 vatni.<br \/>\n\u00de\u00e1 er \u00feetta varan sem \u00feig vantar.<\/p>\n<p><a href=\"https:\/\/global.kryolan.com\/product\/aquacolor-soft-cream-50-ml\">Innihaldsl\u00fdsing og n\u00e1nari uppl\u00fdsingar.<\/a><\/p>","protected":false},"excerpt":{"rendered":"<p>Aquacolor Soft Cream eru vatnsuppleysanlegir litir fr\u00e1 Kryolan me\u00f0 kremkenndri \u00e1fer\u00f0. \u00deeir koma \u00ed hagkv\u00e6mum plastfl\u00f6skum me\u00f0 pumpu e\u00f0a t\u00fapum svo au\u00f0velt og flj\u00f3tlegt er a\u00f0 bera \u00fe\u00e1 \u00e1 t.d. \u00feegar lita \u00fearf st\u00f3ra fleti. Hver litur er 25 e\u00f0a 50 ml. Aquacolor Soft Cream f\u00e6st \u00ed nokkrum litum. H\u00e6gt er a\u00f0 \u00feynna litina me\u00f0 [&hellip;]<\/p>\n","protected":false},"featured_media":15641,"template":"","meta":{"_et_pb_use_builder":"","_et_pb_old_content":"","_et_gb_content_width":""},"product_brand":[],"product_cat":[126,127,128,73],"product_tag":[75],"class_list":{"0":"post-15579","1":"product","2":"type-product","3":"status-publish","4":"has-post-thumbnail","6":"product_cat-andlits-likamslitir","7":"product_cat-make-up","8":"product_cat-vatnslitir-fordun","9":"product_cat-fardi","10":"product_tag-kryolan","12":"first","13":"instock","14":"sale","15":"taxable","16":"shipping-taxable","17":"purchasable","18":"product-type-variable"},"_links":{"self":[{"href":"https:\/\/leiklist.is\/en\/wp-json\/wp\/v2\/product\/15579","targetHints":{"allow":["GET"]}}],"collection":[{"href":"https:\/\/leiklist.is\/en\/wp-json\/wp\/v2\/product"}],"about":[{"href":"https:\/\/leiklist.is\/en\/wp-json\/wp\/v2\/types\/product"}],"wp:featuredmedia":[{"embeddable":true,"href":"https:\/\/leiklist.is\/en\/wp-json\/wp\/v2\/media\/15641"}],"wp:attachment":[{"href":"https:\/\/leiklist.is\/en\/wp-json\/wp\/v2\/media?parent=15579"}],"wp:term":[{"taxonomy":"product_brand","embeddable":true,"href":"https:\/\/leiklist.is\/en\/wp-json\/wp\/v2\/product_brand?post=15579"},{"taxonomy":"product_cat","embeddable":true,"href":"https:\/\/leiklist.is\/en\/wp-json\/wp\/v2\/product_cat?post=15579"},{"taxonomy":"product_tag","embeddable":true,"href":"https:\/\/leiklist.is\/en\/wp-json\/wp\/v2\/product_tag?post=15579"}],"curies":[{"name":"wp","href":"https:\/\/api.w.org\/{rel}","templated":true}]}}