{"id":15578,"date":"2020-02-24T19:56:00","date_gmt":"2020-02-24T19:56:00","guid":{"rendered":"http:\/\/leiklist.websitetest.site\/product\/import-placeholder-for-5546\/"},"modified":"2026-01-28T11:15:09","modified_gmt":"2026-01-28T11:15:09","slug":"grimas-foundation-35-ml","status":"publish","type":"product","link":"https:\/\/leiklist.is\/en\/product\/grimas-foundation-35-ml\/","title":{"rendered":"Grimas Foundation 25 ml."},"content":{"rendered":"<p><em><em>Grimas Foundation<\/em> <\/em>er l\u00e9ttur, mattur, flj\u00f3tandi h\u00fa\u00f0far\u00f0i sem er vel \u00feekjandi. Hentar s\u00e9rlega vel \u00ed mikilli n\u00e1l\u00e6g\u00f0, fyrir kvikmyndir og lj\u00f3smyndun t.d. Liturinn er \u00ed 25 ml. t\u00fabum og til \u00ed nokkrum litat\u00f3num.<\/p>\n<p class=\"p1\">Far\u00f0inn er borinn beint \u00e1 h\u00fa\u00f0. Ef h\u00fa\u00f0in en \u00feurr getur veri\u00f0 gott a\u00f0 nota rakakrem undir. Beri\u00f0 \u00fea\u00f0 \u00e1 og b\u00ed\u00f0i\u00f0 \u00ed 10 m\u00edn. \u00e1\u00f0ur en far\u00f0inn er nota\u00f0ur.<\/p>\n<p class=\"p2\">Far\u00f0inn n\u00e6st af me\u00f0 hreinsikremi.<\/p>\n<p class=\"p2\">Innihaldsl\u00fdsing og n\u00e1nari uppl\u00fdsingar:<\/p>\n<p class=\"p1\"><a href=\"http:\/\/www.grimas.nl\/website\/web2\/index.php?onderwerp=000424aa\">http:\/\/www.grimas.nl\/website\/web2\/index.php?onderwerp=000424aa<\/a><\/p>","protected":false},"excerpt":{"rendered":"<p>Grimas Foundation er l\u00e9ttur, mattur, flj\u00f3tandi h\u00fa\u00f0far\u00f0i sem er vel \u00feekjandi. Hentar s\u00e9rlega vel \u00ed mikilli n\u00e1l\u00e6g\u00f0, fyrir kvikmyndir og lj\u00f3smyndun t.d. Liturinn er \u00ed 25 ml. t\u00fabum og til \u00ed nokkrum litat\u00f3num. Far\u00f0inn er borinn beint \u00e1 h\u00fa\u00f0. Ef h\u00fa\u00f0in en \u00feurr getur veri\u00f0 gott a\u00f0 nota rakakrem undir. Beri\u00f0 \u00fea\u00f0 \u00e1 og b\u00ed\u00f0i\u00f0 [&hellip;]<\/p>\n","protected":false},"featured_media":15596,"template":"","meta":{"_et_pb_use_builder":"","_et_pb_old_content":"","_et_gb_content_width":""},"product_brand":[],"product_cat":[126,127],"product_tag":[70],"class_list":{"0":"post-15578","1":"product","2":"type-product","3":"status-publish","4":"has-post-thumbnail","6":"product_cat-andlits-likamslitir","7":"product_cat-make-up","8":"product_tag-grimas","10":"first","11":"instock","12":"taxable","13":"shipping-taxable","14":"purchasable","15":"product-type-variable"},"_links":{"self":[{"href":"https:\/\/leiklist.is\/en\/wp-json\/wp\/v2\/product\/15578","targetHints":{"allow":["GET"]}}],"collection":[{"href":"https:\/\/leiklist.is\/en\/wp-json\/wp\/v2\/product"}],"about":[{"href":"https:\/\/leiklist.is\/en\/wp-json\/wp\/v2\/types\/product"}],"wp:featuredmedia":[{"embeddable":true,"href":"https:\/\/leiklist.is\/en\/wp-json\/wp\/v2\/media\/15596"}],"wp:attachment":[{"href":"https:\/\/leiklist.is\/en\/wp-json\/wp\/v2\/media?parent=15578"}],"wp:term":[{"taxonomy":"product_brand","embeddable":true,"href":"https:\/\/leiklist.is\/en\/wp-json\/wp\/v2\/product_brand?post=15578"},{"taxonomy":"product_cat","embeddable":true,"href":"https:\/\/leiklist.is\/en\/wp-json\/wp\/v2\/product_cat?post=15578"},{"taxonomy":"product_tag","embeddable":true,"href":"https:\/\/leiklist.is\/en\/wp-json\/wp\/v2\/product_tag?post=15578"}],"curies":[{"name":"wp","href":"https:\/\/api.w.org\/{rel}","templated":true}]}}