{"id":15577,"date":"2020-02-24T19:56:00","date_gmt":"2020-02-24T19:56:00","guid":{"rendered":"http:\/\/leiklist.websitetest.site\/product\/import-placeholder-for-5543\/"},"modified":"2026-02-24T10:04:32","modified_gmt":"2026-02-24T10:04:32","slug":"grimas-cake-make-up-35-gr","status":"publish","type":"product","link":"https:\/\/leiklist.is\/en\/product\/grimas-cake-make-up-35-gr\/","title":{"rendered":"Cake Make-up, 35 gr -Grimas"},"content":{"rendered":"<p>Grimas Cake Make-up e\u00f0a k\u00f6kumeik eins og \u00fea\u00f0 er kalla\u00f0 er \u00feekjandi andlitsfar\u00f0i sem er au\u00f0veldur \u00ed notkun. Hann er framleiddur \u00ed m\u00f6rgum h\u00fa\u00f0litum \u00e1samt hv\u00edtum og sv\u00f6rtum, kemur \u00ed 35 gr. d\u00f3sum.<\/p>\n<p class=\"p1\">Cake Make-up hentar vel t.d. sem undirfar\u00f0i fyrir Grimar vatnslitina e\u00f0a bara eitt og s\u00e9r \u00feegar f\u00f3lk vill s\u00ed\u00f0ur nota kremfar\u00f0a. Far\u00f0inn er borinn \u00e1 hreina h\u00fa\u00f0 me\u00f0 blautum svampi. Ekki \u00fe\u00f3 of blautum \u00fev\u00ed \u00fe\u00e1 vill hann fara \u00ed rendur. Ekki er \u00fe\u00f6rf \u00e1 a\u00f0 p\u00fa\u00f0ra yfir far\u00f0ann.<\/p>\n<p class=\"p2\">Innihaldsl\u00fdsing og n\u00e1nari uppl\u00fdsingar:<\/p>\n<p class=\"p1\"><a href=\"https:\/\/www.grimas.nl\/website\/web2\/index.php?onderwerp=000014hh\">https:\/\/www.grimas.nl\/website\/web2\/index.php?onderwerp=000014hh<\/a><\/p>","protected":false},"excerpt":{"rendered":"<p>Grimas Cake Make-up e\u00f0a k\u00f6kumeik eins og \u00fea\u00f0 er kalla\u00f0 er \u00feekjandi andlitsfar\u00f0i sem er au\u00f0veldur \u00ed notkun. Hann er framleiddur \u00ed m\u00f6rgum h\u00fa\u00f0litum \u00e1samt hv\u00edtum og sv\u00f6rtum, kemur \u00ed 35 gr. d\u00f3sum. Cake Make-up hentar vel t.d. sem undirfar\u00f0i fyrir Grimar vatnslitina e\u00f0a bara eitt og s\u00e9r \u00feegar f\u00f3lk vill s\u00ed\u00f0ur nota kremfar\u00f0a. Far\u00f0inn [&hellip;]<\/p>\n","protected":false},"featured_media":15443,"template":"","meta":{"_et_pb_use_builder":"","_et_pb_old_content":"","_et_gb_content_width":""},"product_brand":[],"product_cat":[126,69,127],"product_tag":[70],"class_list":{"0":"post-15577","1":"product","2":"type-product","3":"status-publish","4":"has-post-thumbnail","6":"product_cat-andlits-likamslitir","7":"product_cat-andlitslikamslitir","8":"product_cat-make-up","9":"product_tag-grimas","11":"first","12":"instock","13":"taxable","14":"shipping-taxable","15":"purchasable","16":"product-type-variable"},"_links":{"self":[{"href":"https:\/\/leiklist.is\/en\/wp-json\/wp\/v2\/product\/15577","targetHints":{"allow":["GET"]}}],"collection":[{"href":"https:\/\/leiklist.is\/en\/wp-json\/wp\/v2\/product"}],"about":[{"href":"https:\/\/leiklist.is\/en\/wp-json\/wp\/v2\/types\/product"}],"wp:featuredmedia":[{"embeddable":true,"href":"https:\/\/leiklist.is\/en\/wp-json\/wp\/v2\/media\/15443"}],"wp:attachment":[{"href":"https:\/\/leiklist.is\/en\/wp-json\/wp\/v2\/media?parent=15577"}],"wp:term":[{"taxonomy":"product_brand","embeddable":true,"href":"https:\/\/leiklist.is\/en\/wp-json\/wp\/v2\/product_brand?post=15577"},{"taxonomy":"product_cat","embeddable":true,"href":"https:\/\/leiklist.is\/en\/wp-json\/wp\/v2\/product_cat?post=15577"},{"taxonomy":"product_tag","embeddable":true,"href":"https:\/\/leiklist.is\/en\/wp-json\/wp\/v2\/product_tag?post=15577"}],"curies":[{"name":"wp","href":"https:\/\/api.w.org\/{rel}","templated":true}]}}