{"id":15576,"date":"2020-02-24T19:56:00","date_gmt":"2020-02-24T19:56:00","guid":{"rendered":"http:\/\/leiklist.websitetest.site\/product\/import-placeholder-for-5542\/"},"modified":"2026-04-27T12:12:06","modified_gmt":"2026-04-27T12:12:06","slug":"bic-activator-100-ml","status":"publish","type":"product","link":"https:\/\/leiklist.is\/en\/product\/bic-activator-100-ml\/","title":{"rendered":"Bic Activator, 100 ml."},"content":{"rendered":"<p class=\"p2\">Liturinn er nota\u00f0ur eins og venjulegur vatnslitur nema \u00ed sta\u00f0 vatns er notu\u00f0 s\u00e9rst\u00f6k upplausn, BIC Activator, til a\u00f0 leysa upp litinn \u00ed d\u00f3sinni.\u00a0Body Illustration Make-up Colors eru til \u00ed 8 litum \u00ed 1,5 gr. d\u00f3sum.\u00a0Bic Activator er til \u00ed 100 ml. fl\u00f6skum.<\/p>","protected":false},"excerpt":{"rendered":"<p>Liturinn er nota\u00f0ur eins og venjulegur vatnslitur nema \u00ed sta\u00f0 vatns er notu\u00f0 s\u00e9rst\u00f6k upplausn, BIC Activator, til a\u00f0 leysa upp litinn \u00ed d\u00f3sinni.\u00a0Body Illustration Make-up Colors eru til \u00ed 8 litum \u00ed 1,5 gr. d\u00f3sum.\u00a0Bic Activator er til \u00ed 100 ml. fl\u00f6skum.<\/p>","protected":false},"featured_media":36686,"template":"","meta":{"_et_pb_use_builder":"","_et_pb_old_content":"","_et_gb_content_width":""},"product_brand":[],"product_cat":[126],"product_tag":[75],"class_list":{"0":"post-15576","1":"product","2":"type-product","3":"status-publish","4":"has-post-thumbnail","6":"product_cat-andlits-likamslitir","7":"product_tag-kryolan","9":"first","10":"instock","11":"taxable","12":"shipping-taxable","13":"purchasable","14":"product-type-simple"},"_links":{"self":[{"href":"https:\/\/leiklist.is\/en\/wp-json\/wp\/v2\/product\/15576","targetHints":{"allow":["GET"]}}],"collection":[{"href":"https:\/\/leiklist.is\/en\/wp-json\/wp\/v2\/product"}],"about":[{"href":"https:\/\/leiklist.is\/en\/wp-json\/wp\/v2\/types\/product"}],"wp:featuredmedia":[{"embeddable":true,"href":"https:\/\/leiklist.is\/en\/wp-json\/wp\/v2\/media\/36686"}],"wp:attachment":[{"href":"https:\/\/leiklist.is\/en\/wp-json\/wp\/v2\/media?parent=15576"}],"wp:term":[{"taxonomy":"product_brand","embeddable":true,"href":"https:\/\/leiklist.is\/en\/wp-json\/wp\/v2\/product_brand?post=15576"},{"taxonomy":"product_cat","embeddable":true,"href":"https:\/\/leiklist.is\/en\/wp-json\/wp\/v2\/product_cat?post=15576"},{"taxonomy":"product_tag","embeddable":true,"href":"https:\/\/leiklist.is\/en\/wp-json\/wp\/v2\/product_tag?post=15576"}],"curies":[{"name":"wp","href":"https:\/\/api.w.org\/{rel}","templated":true}]}}