{"id":15575,"date":"2020-02-24T19:56:00","date_gmt":"2020-02-24T19:56:00","guid":{"rendered":"http:\/\/leiklist.websitetest.site\/product\/import-placeholder-for-5539\/"},"modified":"2026-03-10T21:00:25","modified_gmt":"2026-03-10T21:00:25","slug":"body-illustration-make-up-colors","status":"publish","type":"product","link":"https:\/\/leiklist.is\/en\/product\/body-illustration-make-up-colors\/","title":{"rendered":"Body Illustration Make-up Colors"},"content":{"rendered":"<h3><strong>15% afsl\u00e1ttur! <\/strong><\/h3>\n<p><strong>ATH! <a href=\"https:\/\/leiklist.is\/en\/product\/fx-design-color-tattolitir\/\">FX Design Colors<\/a> eru a\u00f0 taka vi\u00f0 af \u00feessari v\u00f6ru!\u00a0<\/strong><br \/>\nBody Illustration Make-up Colors fr\u00e1 Kryolan, e\u00f0a Tattoo-litir eins og vi\u00f0 k\u00f6llum \u00fe\u00e1, eru s\u00e9rstakir litir sem nota m\u00e1 til a\u00f0 teikna \u00e1 h\u00fa\u00f0 t.d. gerfi tattoo e\u00f0a myndir sem eiga a\u00f0 endast. \u00deegar liturinn er \u00feorna\u00f0ur \u00e1 h\u00fa\u00f0inni \u00fe\u00e1 smitar hann ekki, er vatnsheldur og endist lengi.<br \/>\n\u00dearftu a\u00f0 fela tattoo? E\u00f0a vera me\u00f0 tattoo sem \u00fe\u00fa vilt ekki a\u00f0 endist \u00e6vilangt? \u00de\u00e1 er \u00feetta varan sem \u00feig vantar.<br \/>\nLiturinn er nota\u00f0ur eins og venjulegur vatnslitur nema \u00ed sta\u00f0 vatns er notu\u00f0 s\u00e9rst\u00f6k upplausn, BIC Activator, til a\u00f0 leysa upp litinn \u00ed d\u00f3sinni.<br \/>\nBody Illustration Make-up Colors eru til \u00ed 10 litum \u00ed 1,5 gr. d\u00f3sum.<br \/>\nBic Activator er til \u00ed 100 ml. fl\u00f6skum.<br \/>\nBody Illustration Make-up Colors, innihaldsl\u00fdsing og n\u00e1nari uppl\u00fdsingar:\u00a0<a href=\"https:\/\/global.kryolan.com\/product\/body-illustration-make-up-color-refill\">https:\/\/global.kryolan.com\/product\/body-illustration-make-up-color-refill<\/a><br \/>\nBIC Activator, innihaldsl\u00fdsing og n\u00e1nari uppl\u00fdsingar:<a href=\"https:\/\/global.kryolan.com\/product\/bic-activator\">https:\/\/global.kryolan.com\/product\/bic-activator<\/a><\/p>","protected":false},"excerpt":{"rendered":"<p>15% afsl\u00e1ttur! ATH! FX Design Colors eru a\u00f0 taka vi\u00f0 af \u00feessari v\u00f6ru!\u00a0 Body Illustration Make-up Colors fr\u00e1 Kryolan, e\u00f0a Tattoo-litir eins og vi\u00f0 k\u00f6llum \u00fe\u00e1, eru s\u00e9rstakir litir sem nota m\u00e1 til a\u00f0 teikna \u00e1 h\u00fa\u00f0 t.d. gerfi tattoo e\u00f0a myndir sem eiga a\u00f0 endast. \u00deegar liturinn er \u00feorna\u00f0ur \u00e1 h\u00fa\u00f0inni \u00fe\u00e1 smitar hann [&hellip;]<\/p>\n","protected":false},"featured_media":15441,"template":"","meta":{"_et_pb_use_builder":"","_et_pb_old_content":"","_et_gb_content_width":""},"product_brand":[],"product_cat":[69,126,127],"product_tag":[75],"class_list":{"0":"post-15575","1":"product","2":"type-product","3":"status-publish","4":"has-post-thumbnail","6":"product_cat-andlitslikamslitir","7":"product_cat-andlits-likamslitir","8":"product_cat-make-up","9":"product_tag-kryolan","11":"first","12":"instock","13":"sale","14":"taxable","15":"shipping-taxable","16":"purchasable","17":"product-type-variable"},"_links":{"self":[{"href":"https:\/\/leiklist.is\/en\/wp-json\/wp\/v2\/product\/15575","targetHints":{"allow":["GET"]}}],"collection":[{"href":"https:\/\/leiklist.is\/en\/wp-json\/wp\/v2\/product"}],"about":[{"href":"https:\/\/leiklist.is\/en\/wp-json\/wp\/v2\/types\/product"}],"wp:featuredmedia":[{"embeddable":true,"href":"https:\/\/leiklist.is\/en\/wp-json\/wp\/v2\/media\/15441"}],"wp:attachment":[{"href":"https:\/\/leiklist.is\/en\/wp-json\/wp\/v2\/media?parent=15575"}],"wp:term":[{"taxonomy":"product_brand","embeddable":true,"href":"https:\/\/leiklist.is\/en\/wp-json\/wp\/v2\/product_brand?post=15575"},{"taxonomy":"product_cat","embeddable":true,"href":"https:\/\/leiklist.is\/en\/wp-json\/wp\/v2\/product_cat?post=15575"},{"taxonomy":"product_tag","embeddable":true,"href":"https:\/\/leiklist.is\/en\/wp-json\/wp\/v2\/product_tag?post=15575"}],"curies":[{"name":"wp","href":"https:\/\/api.w.org\/{rel}","templated":true}]}}