{"id":15574,"date":"2020-02-24T19:56:00","date_gmt":"2020-02-24T19:56:00","guid":{"rendered":"http:\/\/leiklist.websitetest.site\/product\/import-placeholder-for-5500\/"},"modified":"2025-11-12T09:22:59","modified_gmt":"2025-11-12T09:22:59","slug":"eyebrow-plastic","status":"publish","type":"product","link":"https:\/\/leiklist.is\/en\/product\/eyebrow-plastic\/","title":{"rendered":"Eyebrow Plastic"},"content":{"rendered":"<p><i>Eyebrow Plastic fr\u00e1 Grimas.<\/i> Gl\u00e6rt vax til a\u00f0 hylja augnabr\u00fanir. Tollir vel vi\u00f0 h\u00fa\u00f0ina og helst teygjanlegt.<\/p>\n<p class=\"p1\"><a href=\"http:\/\/dramashop.dk\/product\/oejenbrynsplastik-25-ml-2983\/\">H\u00e9r er mj\u00f6g g\u00f3\u00f0 l\u00fdsing \u00e1 v\u00f6runni og hvernig \u00e1 a\u00f0 nota hana og \u00fer\u00edfa af \u00e1 d\u00f6nsku.<\/a><\/p>\n<p class=\"p2\"><a href=\"https:\/\/www.grimas.nl\/website\/web2\/index.php?onderwerp=000417aa\">Innihaldsl\u00fdsing og fleira.<\/a><\/p>","protected":false},"excerpt":{"rendered":"<p>Eyebrow Plastic fr\u00e1 Grimas. Gl\u00e6rt vax til a\u00f0 hylja augnabr\u00fanir. Tollir vel vi\u00f0 h\u00fa\u00f0ina og helst teygjanlegt. H\u00e9r er mj\u00f6g g\u00f3\u00f0 l\u00fdsing \u00e1 v\u00f6runni og hvernig \u00e1 a\u00f0 nota hana og \u00fer\u00edfa af \u00e1 d\u00f6nsku. Innihaldsl\u00fdsing og fleira.<\/p>","protected":false},"featured_media":15439,"template":"","meta":{"_et_pb_use_builder":"","_et_pb_old_content":"","_et_gb_content_width":""},"product_brand":[],"product_cat":[135,124],"product_tag":[70],"class_list":{"0":"post-15574","1":"product","2":"type-product","3":"status-publish","4":"has-post-thumbnail","6":"product_cat-blyantar-og-mascarar","7":"product_cat-latex-vax-gervagerd","8":"product_tag-grimas","10":"first","11":"instock","12":"taxable","13":"shipping-taxable","14":"purchasable","15":"product-type-simple"},"_links":{"self":[{"href":"https:\/\/leiklist.is\/en\/wp-json\/wp\/v2\/product\/15574","targetHints":{"allow":["GET"]}}],"collection":[{"href":"https:\/\/leiklist.is\/en\/wp-json\/wp\/v2\/product"}],"about":[{"href":"https:\/\/leiklist.is\/en\/wp-json\/wp\/v2\/types\/product"}],"wp:featuredmedia":[{"embeddable":true,"href":"https:\/\/leiklist.is\/en\/wp-json\/wp\/v2\/media\/15439"}],"wp:attachment":[{"href":"https:\/\/leiklist.is\/en\/wp-json\/wp\/v2\/media?parent=15574"}],"wp:term":[{"taxonomy":"product_brand","embeddable":true,"href":"https:\/\/leiklist.is\/en\/wp-json\/wp\/v2\/product_brand?post=15574"},{"taxonomy":"product_cat","embeddable":true,"href":"https:\/\/leiklist.is\/en\/wp-json\/wp\/v2\/product_cat?post=15574"},{"taxonomy":"product_tag","embeddable":true,"href":"https:\/\/leiklist.is\/en\/wp-json\/wp\/v2\/product_tag?post=15574"}],"curies":[{"name":"wp","href":"https:\/\/api.w.org\/{rel}","templated":true}]}}