{"id":15572,"date":"2020-02-24T19:56:00","date_gmt":"2020-02-24T19:56:00","guid":{"rendered":"http:\/\/leiklist.websitetest.site\/product\/import-placeholder-for-5446\/"},"modified":"2026-03-19T10:18:16","modified_gmt":"2026-03-19T10:18:16","slug":"vatnslitir-grimas-3-staerdir-52-litanumer","status":"publish","type":"product","link":"https:\/\/leiklist.is\/en\/product\/vatnslitir-grimas-3-staerdir-52-litanumer\/","title":{"rendered":"Vatnslitir Grimas, 4 st\u00e6r\u00f0ir, 52 litan\u00famer"},"content":{"rendered":"<p>Vins\u00e6lasta v\u00f6rutegundin \u00ed Leikh\u00fasb\u00fa\u00f0inni fr\u00e1 upphafi eru vatnslitirnir fr\u00e1 Grimas \u00ed Hollandi, en \u00feeir eru framleiddir undir str\u00f6ngu g\u00e6\u00f0aeftirliti og innihalda engin ska\u00f0leg efni. Fj\u00f6lmargir grunn- og leiksk\u00f3lar allt \u00ed kringum landi\u00f0 eru fastir k\u00fannar hj\u00e1 okkur og segir \u00fea\u00f0 meira en m\u00f6rg or\u00f0 um g\u00e6\u00f0i litanna, en leik- og grunnsk\u00f3lakennarar vilja au\u00f0vita\u00f0 bara \u00fea\u00f0 besta fyrir vi\u00f0kv\u00e6ma h\u00fa\u00f0 barnanna.<br \/>\nLitirnir f\u00e1st \u00ed 6, 12 og 24 lita boxum en einnig er h\u00e6gt a\u00f0 kaupa staka liti \u00ed 15, 25 og 60 ml. d\u00f3sum. Sumir litir eru a\u00f0eins f\u00e1anlegir \u00ed 15 ml. d\u00f3sum. H\u00e6gt er a\u00f0 f\u00e1 \u00e1fylingar \u00ed boxin.<br \/>\nEin 15 ml. d\u00f3s dugar \u00e1 15-20 heilm\u00e1lu\u00f0 andlit.<br \/>\nLiturinn er nota\u00f0ur eins og venjulegir vatnslitir, borinn \u00e1 me\u00f0 blautum pensli e\u00f0a svampi og n\u00e6st af me\u00f0 vatni og s\u00e1pu.<\/p>\n<p><a href=\"https:\/\/www.grimas.nl\/website\/web2\/index.php?onderwerp=000007bd&amp;pv=0\">H\u00e9r m\u00e1 finna innihaldsl\u00fdsingu<\/a>\u00a0\u00e1 hverju litan\u00fameri fyrir sig.<\/p>","protected":false},"excerpt":{"rendered":"<p>Vins\u00e6lasta v\u00f6rutegundin \u00ed Leikh\u00fasb\u00fa\u00f0inni fr\u00e1 upphafi eru vatnslitirnir fr\u00e1 Grimas \u00ed Hollandi, en \u00feeir eru framleiddir undir str\u00f6ngu g\u00e6\u00f0aeftirliti og innihalda engin ska\u00f0leg efni. Fj\u00f6lmargir grunn- og leiksk\u00f3lar allt \u00ed kringum landi\u00f0 eru fastir k\u00fannar hj\u00e1 okkur og segir \u00fea\u00f0 meira en m\u00f6rg or\u00f0 um g\u00e6\u00f0i litanna, en leik- og grunnsk\u00f3lakennarar vilja au\u00f0vita\u00f0 bara \u00fea\u00f0 [&hellip;]<\/p>\n","protected":false},"featured_media":15337,"template":"","meta":{"_et_pb_use_builder":"","_et_pb_old_content":"","_et_gb_content_width":""},"product_brand":[],"product_cat":[69,126,127,128,73],"product_tag":[],"class_list":{"0":"post-15572","1":"product","2":"type-product","3":"status-publish","4":"has-post-thumbnail","6":"product_cat-andlitslikamslitir","7":"product_cat-andlits-likamslitir","8":"product_cat-make-up","9":"product_cat-vatnslitir-fordun","10":"product_cat-fardi","12":"first","13":"instock","14":"taxable","15":"shipping-taxable","16":"purchasable","17":"product-type-variable"},"_links":{"self":[{"href":"https:\/\/leiklist.is\/en\/wp-json\/wp\/v2\/product\/15572","targetHints":{"allow":["GET"]}}],"collection":[{"href":"https:\/\/leiklist.is\/en\/wp-json\/wp\/v2\/product"}],"about":[{"href":"https:\/\/leiklist.is\/en\/wp-json\/wp\/v2\/types\/product"}],"wp:featuredmedia":[{"embeddable":true,"href":"https:\/\/leiklist.is\/en\/wp-json\/wp\/v2\/media\/15337"}],"wp:attachment":[{"href":"https:\/\/leiklist.is\/en\/wp-json\/wp\/v2\/media?parent=15572"}],"wp:term":[{"taxonomy":"product_brand","embeddable":true,"href":"https:\/\/leiklist.is\/en\/wp-json\/wp\/v2\/product_brand?post=15572"},{"taxonomy":"product_cat","embeddable":true,"href":"https:\/\/leiklist.is\/en\/wp-json\/wp\/v2\/product_cat?post=15572"},{"taxonomy":"product_tag","embeddable":true,"href":"https:\/\/leiklist.is\/en\/wp-json\/wp\/v2\/product_tag?post=15572"}],"curies":[{"name":"wp","href":"https:\/\/api.w.org\/{rel}","templated":true}]}}