{"id":15570,"date":"2020-02-24T19:56:00","date_gmt":"2020-02-24T19:56:00","guid":{"rendered":"http:\/\/leiklist.websitetest.site\/product\/import-placeholder-for-5382\/"},"modified":"2025-10-21T10:24:46","modified_gmt":"2025-10-21T10:24:46","slug":"augnblod","status":"publish","type":"product","link":"https:\/\/leiklist.is\/en\/product\/augnblod\/","title":{"rendered":"Augnbl\u00f3\u00f0"},"content":{"rendered":"<p>Augnbl\u00f3\u00f0, 20 ml. rautt, gult, svart og gr\u00e6nt. Hentugt fyrir kvikmyndir og v\u00edde\u00f3 en s\u00ed\u00f0ur fyrir leiksvi\u00f0 \u00fear sem t\u00e1raframlei\u00f0sla ey\u00f0ir effektinum flj\u00f3tt.<\/p>","protected":false},"excerpt":{"rendered":"<p>Augnbl\u00f3\u00f0, 20 ml. rautt, gult, svart og gr\u00e6nt. Hentugt fyrir kvikmyndir og v\u00edde\u00f3 en s\u00ed\u00f0ur fyrir leiksvi\u00f0 \u00fear sem t\u00e1raframlei\u00f0sla ey\u00f0ir effektinum flj\u00f3tt.<\/p>","protected":false},"featured_media":15334,"template":"","meta":{"_et_pb_use_builder":"","_et_pb_old_content":"","_et_gb_content_width":""},"product_brand":[],"product_cat":[77,243],"product_tag":[75],"class_list":{"0":"post-15570","1":"product","2":"type-product","3":"status-publish","4":"has-post-thumbnail","6":"product_cat-gerviblod","7":"product_cat-sfx","8":"product_tag-kryolan","10":"first","11":"instock","12":"taxable","13":"shipping-taxable","14":"purchasable","15":"product-type-variable"},"_links":{"self":[{"href":"https:\/\/leiklist.is\/en\/wp-json\/wp\/v2\/product\/15570","targetHints":{"allow":["GET"]}}],"collection":[{"href":"https:\/\/leiklist.is\/en\/wp-json\/wp\/v2\/product"}],"about":[{"href":"https:\/\/leiklist.is\/en\/wp-json\/wp\/v2\/types\/product"}],"wp:featuredmedia":[{"embeddable":true,"href":"https:\/\/leiklist.is\/en\/wp-json\/wp\/v2\/media\/15334"}],"wp:attachment":[{"href":"https:\/\/leiklist.is\/en\/wp-json\/wp\/v2\/media?parent=15570"}],"wp:term":[{"taxonomy":"product_brand","embeddable":true,"href":"https:\/\/leiklist.is\/en\/wp-json\/wp\/v2\/product_brand?post=15570"},{"taxonomy":"product_cat","embeddable":true,"href":"https:\/\/leiklist.is\/en\/wp-json\/wp\/v2\/product_cat?post=15570"},{"taxonomy":"product_tag","embeddable":true,"href":"https:\/\/leiklist.is\/en\/wp-json\/wp\/v2\/product_tag?post=15570"}],"curies":[{"name":"wp","href":"https:\/\/api.w.org\/{rel}","templated":true}]}}