{"id":15569,"date":"2020-02-24T19:56:00","date_gmt":"2020-02-24T19:56:00","guid":{"rendered":"http:\/\/leiklist.websitetest.site\/product\/import-placeholder-for-5380\/"},"modified":"2023-11-16T13:22:50","modified_gmt":"2023-11-16T13:22:50","slug":"hokuskegg-minni","status":"publish","type":"product","link":"https:\/\/leiklist.is\/en\/product\/hokuskegg-minni\/","title":{"rendered":"H\u00f6kuskegg (minni)"},"content":{"rendered":"<p>Handhn\u00fdtt h\u00f6kuskegg \u00far ekta mannsh\u00e1ri.<br \/>\nSkeggin eru hn\u00fdtt \u00ed mj\u00fakt og endingargott tjull \u00feannig a\u00f0 \u00feau eru margnota me\u00f0 g\u00f3\u00f0ri me\u00f0fer\u00f0. Noti\u00f0 flj\u00f3tandi skeggl\u00edm til a\u00f0 l\u00edma \u00feau ni\u00f0ur.<\/p>\n<p>H\u00e6gt er a\u00f0 \u00fevo skeggin og li\u00f0a og jafnvel lita me\u00f0 g\u00f3\u00f0um \u00e1rangri. L\u00edmi\u00f0 er fjarl\u00e6gt me\u00f0 l\u00edmey\u00f0i.<br \/>\n\u00dear sem skeggin eru handunnin fr\u00e1 grunni getur s\u00eddd \u00feeirra veri\u00f0 a\u00f0eins breytileg.<\/p>\n<p>H\u00e9r eru uppl\u00fdsingar um skeggin fr\u00e1 framlei\u00f0anda:\u00a0<a href=\"https:\/\/global.kryolan.com\/product\/chin-beard-0\">https:\/\/global.kryolan.com\/product\/chin-beard-0.<\/a><\/p>\n<p>Einnig h\u00e6gt a\u00f0 panta alskegg fr\u00e1 eyra til eyra.<\/p>","protected":false},"excerpt":{"rendered":"<p>Handhn\u00fdtt h\u00f6kuskegg \u00far ekta mannsh\u00e1ri. Skeggin eru hn\u00fdtt \u00ed mj\u00fakt og endingargott tjull \u00feannig a\u00f0 \u00feau eru margnota me\u00f0 g\u00f3\u00f0ri me\u00f0fer\u00f0. Noti\u00f0 flj\u00f3tandi skeggl\u00edm til a\u00f0 l\u00edma \u00feau ni\u00f0ur. H\u00e6gt er a\u00f0 \u00fevo skeggin og li\u00f0a og jafnvel lita me\u00f0 g\u00f3\u00f0um \u00e1rangri. L\u00edmi\u00f0 er fjarl\u00e6gt me\u00f0 l\u00edmey\u00f0i. \u00dear sem skeggin eru handunnin fr\u00e1 grunni getur [&hellip;]<\/p>\n","protected":false},"featured_media":36687,"template":"","meta":{"_et_pb_use_builder":"","_et_pb_old_content":"","_et_gb_content_width":""},"product_brand":[],"product_cat":[133],"product_tag":[75],"class_list":{"0":"post-15569","1":"product","2":"type-product","3":"status-publish","4":"has-post-thumbnail","6":"product_cat-skegg-harvorur","7":"product_tag-kryolan","9":"first","10":"outofstock","11":"taxable","12":"shipping-taxable","13":"purchasable","14":"product-type-variable"},"_links":{"self":[{"href":"https:\/\/leiklist.is\/en\/wp-json\/wp\/v2\/product\/15569","targetHints":{"allow":["GET"]}}],"collection":[{"href":"https:\/\/leiklist.is\/en\/wp-json\/wp\/v2\/product"}],"about":[{"href":"https:\/\/leiklist.is\/en\/wp-json\/wp\/v2\/types\/product"}],"wp:featuredmedia":[{"embeddable":true,"href":"https:\/\/leiklist.is\/en\/wp-json\/wp\/v2\/media\/36687"}],"wp:attachment":[{"href":"https:\/\/leiklist.is\/en\/wp-json\/wp\/v2\/media?parent=15569"}],"wp:term":[{"taxonomy":"product_brand","embeddable":true,"href":"https:\/\/leiklist.is\/en\/wp-json\/wp\/v2\/product_brand?post=15569"},{"taxonomy":"product_cat","embeddable":true,"href":"https:\/\/leiklist.is\/en\/wp-json\/wp\/v2\/product_cat?post=15569"},{"taxonomy":"product_tag","embeddable":true,"href":"https:\/\/leiklist.is\/en\/wp-json\/wp\/v2\/product_tag?post=15569"}],"curies":[{"name":"wp","href":"https:\/\/api.w.org\/{rel}","templated":true}]}}