{"id":15567,"date":"2020-02-24T19:55:59","date_gmt":"2020-02-24T19:55:59","guid":{"rendered":"http:\/\/leiklist.websitetest.site\/product\/import-placeholder-for-5378\/"},"modified":"2026-03-13T12:30:42","modified_gmt":"2026-03-13T12:30:42","slug":"skeggefni-ullarkrep-10-cm","status":"publish","type":"product","link":"https:\/\/leiklist.is\/en\/product\/skeggefni-ullarkrep-10-cm\/","title":{"rendered":"Skeggefni (ullarkrep) 10 cm."},"content":{"rendered":"<p class=\"p1\"><i>Skeggefni (ullarkrep)\u00a0<\/i>er fl\u00e9ttu\u00f0 og litu\u00f0 lambsull sem hentar vel til a\u00f0 b\u00faa til gerviskegg, barta, augnabr\u00fanir o.\u00fe.h. Skeggefni\u00f0 er einnig nota\u00f0 til a\u00f0 fela kanta \u00e1 tilb\u00fanum gerviskeggjum e\u00f0a til a\u00f0 b\u00faa til skeggstubba. H\u00e1rin \u00ed fl\u00e9ttunum eru u.\u00fe.b. 15 cm. l\u00f6ng. Skeggefni\u00f0 f\u00e6st \u00ed m\u00f6rgum litum og er selt \u00ed minnst 10 cm einingum.<\/p>\n<p>Au\u00f0velt er a\u00f0 blanda litum saman og skeggefni\u00f0 er h\u00e6gt a\u00f0 lita me\u00f0 Grimas vatnslitum e\u00f0a augnskuggum.\u00a0Margir litir \u00e1 lager en <a href=\"http:\/\/dramashop.dk\/category\/uldcrepe-art-166-195\/\">h\u00e9r m\u00e1 sj\u00e1 \u00ed hva\u00f0a litum skeggefni\u00f0 er framleitt.\u00a0 <\/a><br \/>\n<a href=\"https:\/\/www.grimas.nl\/website\/web2\/index.php?onderwerp=000457aa\">N\u00e1nari uppl\u00fdsingar um notkunarm\u00f6guleika<\/a><\/p>","protected":false},"excerpt":{"rendered":"<p>Skeggefni (ullarkrep)\u00a0er fl\u00e9ttu\u00f0 og litu\u00f0 lambsull sem hentar vel til a\u00f0 b\u00faa til gerviskegg, barta, augnabr\u00fanir o.\u00fe.h. Skeggefni\u00f0 er einnig nota\u00f0 til a\u00f0 fela kanta \u00e1 tilb\u00fanum gerviskeggjum e\u00f0a til a\u00f0 b\u00faa til skeggstubba. H\u00e1rin \u00ed fl\u00e9ttunum eru u.\u00fe.b. 15 cm. l\u00f6ng. Skeggefni\u00f0 f\u00e6st \u00ed m\u00f6rgum litum og er selt \u00ed minnst 10 cm einingum. [&hellip;]<\/p>\n","protected":false},"featured_media":15327,"template":"","meta":{"_et_pb_use_builder":"","_et_pb_old_content":"","_et_gb_content_width":""},"product_brand":[],"product_cat":[132,133],"product_tag":[],"class_list":{"0":"post-15567","1":"product","2":"type-product","3":"status-publish","4":"has-post-thumbnail","6":"product_cat-krephar-harvorur","7":"product_cat-skegg-harvorur","9":"first","10":"instock","11":"taxable","12":"shipping-taxable","13":"purchasable","14":"product-type-variable"},"_links":{"self":[{"href":"https:\/\/leiklist.is\/en\/wp-json\/wp\/v2\/product\/15567","targetHints":{"allow":["GET"]}}],"collection":[{"href":"https:\/\/leiklist.is\/en\/wp-json\/wp\/v2\/product"}],"about":[{"href":"https:\/\/leiklist.is\/en\/wp-json\/wp\/v2\/types\/product"}],"wp:featuredmedia":[{"embeddable":true,"href":"https:\/\/leiklist.is\/en\/wp-json\/wp\/v2\/media\/15327"}],"wp:attachment":[{"href":"https:\/\/leiklist.is\/en\/wp-json\/wp\/v2\/media?parent=15567"}],"wp:term":[{"taxonomy":"product_brand","embeddable":true,"href":"https:\/\/leiklist.is\/en\/wp-json\/wp\/v2\/product_brand?post=15567"},{"taxonomy":"product_cat","embeddable":true,"href":"https:\/\/leiklist.is\/en\/wp-json\/wp\/v2\/product_cat?post=15567"},{"taxonomy":"product_tag","embeddable":true,"href":"https:\/\/leiklist.is\/en\/wp-json\/wp\/v2\/product_tag?post=15567"}],"curies":[{"name":"wp","href":"https:\/\/api.w.org\/{rel}","templated":true}]}}