{"id":15566,"date":"2020-02-24T19:55:59","date_gmt":"2020-02-24T19:55:59","guid":{"rendered":"http:\/\/leiklist.websitetest.site\/product\/import-placeholder-for-5376\/"},"modified":"2022-08-17T12:40:15","modified_gmt":"2022-08-17T12:40:15","slug":"hargel-500-ml-extra-sterkt","status":"publish","type":"product","link":"https:\/\/leiklist.is\/en\/product\/hargel-500-ml-extra-sterkt\/","title":{"rendered":"H\u00e1rgel 500 ml, extra sterkt"},"content":{"rendered":"<p><em><a href=\"https:\/\/leiklist.is\/wp-content\/uploads\/2014\/05\/BIL_Verslun_Vara_vikunnar_Hargel_hargel2.jpg\"><img loading=\"lazy\" decoding=\"async\" class=\"alignright size-full wp-image-4668\" src=\"https:\/\/leiklist.is\/wp-content\/uploads\/2014\/05\/BIL_Verslun_Vara_vikunnar_Hargel_hargel2.jpg\" alt=\"hargel2\" width=\"148\" height=\"200\" \/><\/a>Extra sterkt h\u00e1rgel fr\u00e1 Kryolan.\u00a0<\/em><\/p>\n<p>Geli\u00f0 festir mj\u00f6g vel og endist lengi. N\u00e6st \u00far h\u00e1ri me\u00f0 vatni og s\u00e1pu.<\/p>\n<p>Viltu grei\u00f0a \u00fe\u00e9r \u00ed kamb? \u00de\u00e1 er \u00feetta varan sem \u00fe\u00fa \u00fearft.<\/p>\n<p>Uppl\u00fdsingar um v\u00f6runa fr\u00e1 framlei\u00f0anda, athugi\u00f0 a\u00f0 vi\u00f0 seljum geli\u00f0 bara \u00ed 500 ml. d\u00f3sum, ekki t\u00fabum:<\/p>\n<p><a href=\"https:\/\/global.kryolan.com\/product\/hair-gel\">https:\/\/global.kryolan.com\/product\/hair-gel<\/a><\/p>","protected":false},"excerpt":{"rendered":"<p><em>Extra sterkt h\u00e1rgel fr\u00e1 Kryolan.\u00a0<\/em><\/p>","protected":false},"featured_media":15324,"template":"","meta":{"_et_pb_use_builder":"","_et_pb_old_content":"","_et_gb_content_width":""},"product_brand":[],"product_cat":[132,130,82],"product_tag":[75],"class_list":{"0":"post-15566","1":"product","2":"type-product","3":"status-publish","4":"has-post-thumbnail","6":"product_cat-krephar-harvorur","7":"product_cat-litad-harspray","8":"product_cat-ymislegt","9":"product_tag-kryolan","11":"first","12":"outofstock","13":"taxable","14":"shipping-taxable","15":"purchasable","16":"product-type-simple"},"_links":{"self":[{"href":"https:\/\/leiklist.is\/en\/wp-json\/wp\/v2\/product\/15566","targetHints":{"allow":["GET"]}}],"collection":[{"href":"https:\/\/leiklist.is\/en\/wp-json\/wp\/v2\/product"}],"about":[{"href":"https:\/\/leiklist.is\/en\/wp-json\/wp\/v2\/types\/product"}],"wp:featuredmedia":[{"embeddable":true,"href":"https:\/\/leiklist.is\/en\/wp-json\/wp\/v2\/media\/15324"}],"wp:attachment":[{"href":"https:\/\/leiklist.is\/en\/wp-json\/wp\/v2\/media?parent=15566"}],"wp:term":[{"taxonomy":"product_brand","embeddable":true,"href":"https:\/\/leiklist.is\/en\/wp-json\/wp\/v2\/product_brand?post=15566"},{"taxonomy":"product_cat","embeddable":true,"href":"https:\/\/leiklist.is\/en\/wp-json\/wp\/v2\/product_cat?post=15566"},{"taxonomy":"product_tag","embeddable":true,"href":"https:\/\/leiklist.is\/en\/wp-json\/wp\/v2\/product_tag?post=15566"}],"curies":[{"name":"wp","href":"https:\/\/api.w.org\/{rel}","templated":true}]}}