{"id":15561,"date":"2020-02-24T19:55:59","date_gmt":"2020-02-24T19:55:59","guid":{"rendered":"http:\/\/leiklist.websitetest.site\/product\/import-placeholder-for-5369\/"},"modified":"2026-04-13T11:42:25","modified_gmt":"2026-04-13T11:42:25","slug":"creme-make-up-grimas","status":"publish","type":"product","link":"https:\/\/leiklist.is\/en\/product\/creme-make-up-grimas\/","title":{"rendered":"Cr\u00e9me make-up Grimas Pure"},"content":{"rendered":"<p>Ol\u00edu og vaxbasera\u00f0ur far\u00f0i sem \u00feekur vel &#8211; hi\u00f0 eina sanna leikh\u00fassmink. Litirnir blandast vel sem er forsenda \u00feess a\u00f0 skyggingar o.\u00fe.h. takist vel. Fr\u00e1b\u00e6rt t.d. \u00feegar b\u00faa \u00e1 til karaktera e\u00f0a gera \u00fearf leikara eldri en \u00feeir eru. Ofn\u00e6misprufa\u00f0ur far\u00f0i \u00e1n parabena, glutenlaus og \u00e1n lyktarefna.<br \/>\nGrimas Cr\u00e9me make-up er til \u00ed tveimur st\u00e6r\u00f0um, 60 ml. og 15. ml. d\u00f3sum. Fj\u00f6ldi litan\u00famera til a\u00f0 velja \u00far, b\u00e6\u00f0i sk\u00e6rir litir og h\u00fa\u00f0litir \u00ed \u00fdmsum t\u00f3num.<\/p>\n<p>Lei\u00f0beiningar:<br \/>\nLitirnir eru bornir \u00e1 me\u00f0 r\u00f6kum svampi e\u00f0a pensli og n\u00e1st af me\u00f0 hreinsikremi. Einnig til Cr\u00e9me Make-up Pearl \u00ed Silfur 701, Gull 702 og Bronz 703.<\/p>\n<p><a title=\"\" href=\"http:\/\/www.grimas.nl\/website\/web2\/index.php?onderwerp=000413aa\">H\u00e9r er a\u00f0 finna innihaldsl\u00fdsingu \u00e1 v\u00f6runni \u00e1samt f\u00f6r\u00f0unard\u00e6mum og fleiru gagnlegu.<\/a><\/p>","protected":false},"excerpt":{"rendered":"<p>Ol\u00edu og vaxbasera\u00f0ur far\u00f0i sem \u00feekur vel &#8211; hi\u00f0 eina sanna leikh\u00fassmink. Litirnir blandast vel sem er forsenda \u00feess a\u00f0 skyggingar o.\u00fe.h. takist vel. Fr\u00e1b\u00e6rt t.d. \u00feegar b\u00faa \u00e1 til karaktera e\u00f0a gera \u00fearf leikara eldri en \u00feeir eru. Ofn\u00e6misprufa\u00f0ur far\u00f0i \u00e1n parabena, glutenlaus og \u00e1n lyktarefna. Grimas Cr\u00e9me make-up er til \u00ed tveimur st\u00e6r\u00f0um, [&hellip;]<\/p>\n","protected":false},"featured_media":15315,"template":"","meta":{"_et_pb_use_builder":"","_et_pb_old_content":"","_et_gb_content_width":""},"product_brand":[],"product_cat":[69,126,127],"product_tag":[70],"class_list":{"0":"post-15561","1":"product","2":"type-product","3":"status-publish","4":"has-post-thumbnail","6":"product_cat-andlitslikamslitir","7":"product_cat-andlits-likamslitir","8":"product_cat-make-up","9":"product_tag-grimas","11":"first","12":"instock","13":"taxable","14":"shipping-taxable","15":"purchasable","16":"product-type-variable"},"_links":{"self":[{"href":"https:\/\/leiklist.is\/en\/wp-json\/wp\/v2\/product\/15561","targetHints":{"allow":["GET"]}}],"collection":[{"href":"https:\/\/leiklist.is\/en\/wp-json\/wp\/v2\/product"}],"about":[{"href":"https:\/\/leiklist.is\/en\/wp-json\/wp\/v2\/types\/product"}],"wp:featuredmedia":[{"embeddable":true,"href":"https:\/\/leiklist.is\/en\/wp-json\/wp\/v2\/media\/15315"}],"wp:attachment":[{"href":"https:\/\/leiklist.is\/en\/wp-json\/wp\/v2\/media?parent=15561"}],"wp:term":[{"taxonomy":"product_brand","embeddable":true,"href":"https:\/\/leiklist.is\/en\/wp-json\/wp\/v2\/product_brand?post=15561"},{"taxonomy":"product_cat","embeddable":true,"href":"https:\/\/leiklist.is\/en\/wp-json\/wp\/v2\/product_cat?post=15561"},{"taxonomy":"product_tag","embeddable":true,"href":"https:\/\/leiklist.is\/en\/wp-json\/wp\/v2\/product_tag?post=15561"}],"curies":[{"name":"wp","href":"https:\/\/api.w.org\/{rel}","templated":true}]}}