{"id":15560,"date":"2020-02-24T19:55:59","date_gmt":"2020-02-24T19:55:59","guid":{"rendered":"http:\/\/leiklist.websitetest.site\/product\/import-placeholder-for-5367\/"},"modified":"2026-02-18T14:06:33","modified_gmt":"2026-02-18T14:06:33","slug":"litad-harspray-fra-kryolan-150-ml","status":"publish","type":"product","link":"https:\/\/leiklist.is\/en\/product\/litad-harspray-fra-kryolan-150-ml\/","title":{"rendered":"Color Spray &#8211; Lita\u00f0 h\u00e1rspray fr\u00e1 Kryolan"},"content":{"rendered":"<p>Lita\u00f0 h\u00e1rspray fr\u00e1 Kryolan. \u00deekjandi litir fyrir h\u00e1r, skegg og h\u00e1rkollur. Litirnir koma \u00ed 150 ml. \u00fa\u00f0abr\u00fasum, f\u00e1st \u00ed 24 litum.<br \/>\nEinnig til Glimmer spray \u00ed silfri og gulli \u00ed 150 ml. br\u00fasum og bl\u00e1tt, rautt og gr\u00e6nt \u00ed 75 ml. br\u00fasum. Glimmerinu m\u00e1 \u00fa\u00f0a \u00e1 h\u00e1r, h\u00fa\u00f0 og f\u00f6t.<\/p>\n<p>Lei\u00f0beiningar:<br \/>\n\u00da\u00f0i\u00f0 litunum \u00ed h\u00e1r \u00far ca. 30 cm. fjarl\u00e6g\u00f0.\u00a0Litirnir n\u00e1st au\u00f0veldlega \u00far \u00f3me\u00f0h\u00f6ndlu\u00f0u h\u00e1ri me\u00f0 vatni og s\u00e1pu.\u00a0Ef h\u00e1r hefur veri\u00f0 lita\u00f0 e\u00f0a aflita\u00f0 er r\u00e1\u00f0legt a\u00f0 gera fyrst prufu.<\/p>","protected":false},"excerpt":{"rendered":"<p>Lita\u00f0 h\u00e1rspray fr\u00e1 Kryolan. \u00deekjandi litir fyrir h\u00e1r, skegg og h\u00e1rkollur. Litirnir koma \u00ed 150 ml. \u00fa\u00f0abr\u00fasum, f\u00e1st \u00ed 24 litum. Einnig til Glimmer spray \u00ed silfri og gulli \u00ed 150 ml. br\u00fasum og bl\u00e1tt, rautt og gr\u00e6nt \u00ed 75 ml. br\u00fasum. Glimmerinu m\u00e1 \u00fa\u00f0a \u00e1 h\u00e1r, h\u00fa\u00f0 og f\u00f6t. Lei\u00f0beiningar: \u00da\u00f0i\u00f0 litunum \u00ed h\u00e1r [&hellip;]<\/p>\n","protected":false},"featured_media":15313,"template":"","meta":{"_et_pb_use_builder":"","_et_pb_old_content":"","_et_gb_content_width":""},"product_brand":[],"product_cat":[130],"product_tag":[75],"class_list":{"0":"post-15560","1":"product","2":"type-product","3":"status-publish","4":"has-post-thumbnail","6":"product_cat-litad-harspray","7":"product_tag-kryolan","9":"first","10":"instock","11":"taxable","12":"shipping-taxable","13":"purchasable","14":"product-type-variable"},"_links":{"self":[{"href":"https:\/\/leiklist.is\/en\/wp-json\/wp\/v2\/product\/15560","targetHints":{"allow":["GET"]}}],"collection":[{"href":"https:\/\/leiklist.is\/en\/wp-json\/wp\/v2\/product"}],"about":[{"href":"https:\/\/leiklist.is\/en\/wp-json\/wp\/v2\/types\/product"}],"wp:featuredmedia":[{"embeddable":true,"href":"https:\/\/leiklist.is\/en\/wp-json\/wp\/v2\/media\/15313"}],"wp:attachment":[{"href":"https:\/\/leiklist.is\/en\/wp-json\/wp\/v2\/media?parent=15560"}],"wp:term":[{"taxonomy":"product_brand","embeddable":true,"href":"https:\/\/leiklist.is\/en\/wp-json\/wp\/v2\/product_brand?post=15560"},{"taxonomy":"product_cat","embeddable":true,"href":"https:\/\/leiklist.is\/en\/wp-json\/wp\/v2\/product_cat?post=15560"},{"taxonomy":"product_tag","embeddable":true,"href":"https:\/\/leiklist.is\/en\/wp-json\/wp\/v2\/product_tag?post=15560"}],"curies":[{"name":"wp","href":"https:\/\/api.w.org\/{rel}","templated":true}]}}