{"id":15559,"date":"2020-02-24T19:55:59","date_gmt":"2020-02-24T19:55:59","guid":{"rendered":"http:\/\/leiklist.websitetest.site\/product\/import-placeholder-for-5346\/"},"modified":"2020-02-24T20:18:44","modified_gmt":"2020-02-24T20:18:44","slug":"saga-bil","status":"publish","type":"product","link":"https:\/\/leiklist.is\/en\/product\/saga-bil\/","title":{"rendered":"Saga B\u00cdL"},"content":{"rendered":"<p><samp><strong>Allt fyrir andann<\/strong>, Saga Bandalags \u00edsl. leikf\u00e9laga 1950-2000 <\/samp><samp><br \/>\n<\/samp><samp>H\u00f6fundur Bjarni Gu\u00f0marsson<\/samp><\/p>","protected":false},"excerpt":{"rendered":"<p>Allt fyrir andann, Saga Bandalags \u00edsl. leikf\u00e9laga 1950-2000 H\u00f6fundur Bjarni Gu\u00f0marsson<\/p>","protected":false},"featured_media":15312,"template":"","meta":{"_et_pb_use_builder":"","_et_pb_old_content":"","_et_gb_content_width":""},"product_brand":[],"product_cat":[82],"product_tag":[],"class_list":{"0":"post-15559","1":"product","2":"type-product","3":"status-publish","4":"has-post-thumbnail","6":"product_cat-ymislegt","8":"first","9":"instock","10":"taxable","11":"shipping-taxable","12":"purchasable","13":"product-type-simple"},"_links":{"self":[{"href":"https:\/\/leiklist.is\/en\/wp-json\/wp\/v2\/product\/15559","targetHints":{"allow":["GET"]}}],"collection":[{"href":"https:\/\/leiklist.is\/en\/wp-json\/wp\/v2\/product"}],"about":[{"href":"https:\/\/leiklist.is\/en\/wp-json\/wp\/v2\/types\/product"}],"wp:featuredmedia":[{"embeddable":true,"href":"https:\/\/leiklist.is\/en\/wp-json\/wp\/v2\/media\/15312"}],"wp:attachment":[{"href":"https:\/\/leiklist.is\/en\/wp-json\/wp\/v2\/media?parent=15559"}],"wp:term":[{"taxonomy":"product_brand","embeddable":true,"href":"https:\/\/leiklist.is\/en\/wp-json\/wp\/v2\/product_brand?post=15559"},{"taxonomy":"product_cat","embeddable":true,"href":"https:\/\/leiklist.is\/en\/wp-json\/wp\/v2\/product_cat?post=15559"},{"taxonomy":"product_tag","embeddable":true,"href":"https:\/\/leiklist.is\/en\/wp-json\/wp\/v2\/product_tag?post=15559"}],"curies":[{"name":"wp","href":"https:\/\/api.w.org\/{rel}","templated":true}]}}