{"id":15558,"date":"2020-02-24T19:55:59","date_gmt":"2020-02-24T19:55:59","guid":{"rendered":"http:\/\/leiklist.websitetest.site\/product\/import-placeholder-for-5343\/"},"modified":"2026-03-06T22:36:09","modified_gmt":"2026-03-06T22:36:09","slug":"grimas-transparent-pudur","status":"publish","type":"product","link":"https:\/\/leiklist.is\/en\/product\/grimas-transparent-pudur\/","title":{"rendered":"Transparent p\u00fa\u00f0ur fr\u00e1 Grimas"},"content":{"rendered":"<p><em>Grimas Transparent Powder<br \/>\n<\/em>Hv\u00edtt, laust p\u00fa\u00f0ur sem ver\u00f0ur gegns\u00e6tt \u00feegar \u00fea\u00f0 er bori\u00f0 \u00e1 ol\u00edubasera\u00f0an far\u00f0a e\u00f0a vax. Nota\u00f0 til a\u00f0 festa og matta far\u00f0a. P\u00fa\u00f0ri\u00f0 f\u00e6st \u00ed 10ml, 40 gr. og 120 gr. d\u00f3sum. Langvins\u00e6lasta p\u00fa\u00f0ri\u00f0 \u00ed versluninni.<br \/>\nP\u00fa\u00f0ri\u00f0 er bori\u00f0 \u00e1 me\u00f0 kvasta e\u00f0a p\u00fa\u00f0urbursta. L\u00e1ti\u00f0 b\u00ed\u00f0a a\u00f0eins \u00e1\u00f0ur en umfram p\u00fa\u00f0ur er bursta\u00f0 af. Ef gr\u00e1 slikja myndast er gott a\u00f0 bleyta eldh\u00faspapp\u00edr \u00ed vatni og d\u00fappa laust yfir.<br \/>\nUppl\u00fdsingar framlei\u00f0anda um v\u00f6runa og innihaldsefni:<\/p>\n<p><a href=\"http:\/\/www.grimas.nl\/website\/web2\/index.php?onderwerp=000453aa\">http:\/\/www.grimas.nl\/website\/web2\/index.php?onderwerp=000453aa<\/a><\/p>","protected":false},"excerpt":{"rendered":"<p>Grimas Transparent Powder Hv\u00edtt, laust p\u00fa\u00f0ur sem ver\u00f0ur gegns\u00e6tt \u00feegar \u00fea\u00f0 er bori\u00f0 \u00e1 ol\u00edubasera\u00f0an far\u00f0a e\u00f0a vax. Nota\u00f0 til a\u00f0 festa og matta far\u00f0a. P\u00fa\u00f0ri\u00f0 f\u00e6st \u00ed 10ml, 40 gr. og 120 gr. d\u00f3sum. Langvins\u00e6lasta p\u00fa\u00f0ri\u00f0 \u00ed versluninni. P\u00fa\u00f0ri\u00f0 er bori\u00f0 \u00e1 me\u00f0 kvasta e\u00f0a p\u00fa\u00f0urbursta. L\u00e1ti\u00f0 b\u00ed\u00f0a a\u00f0eins \u00e1\u00f0ur en umfram p\u00fa\u00f0ur er [&hellip;]<\/p>\n","protected":false},"featured_media":15311,"template":"","meta":{"_et_pb_use_builder":"","_et_pb_old_content":"","_et_gb_content_width":""},"product_brand":[],"product_cat":[85],"product_tag":[70],"class_list":{"0":"post-15558","1":"product","2":"type-product","3":"status-publish","4":"has-post-thumbnail","6":"product_cat-pudur","7":"product_tag-grimas","9":"first","10":"instock","11":"taxable","12":"shipping-taxable","13":"purchasable","14":"product-type-variable"},"_links":{"self":[{"href":"https:\/\/leiklist.is\/en\/wp-json\/wp\/v2\/product\/15558","targetHints":{"allow":["GET"]}}],"collection":[{"href":"https:\/\/leiklist.is\/en\/wp-json\/wp\/v2\/product"}],"about":[{"href":"https:\/\/leiklist.is\/en\/wp-json\/wp\/v2\/types\/product"}],"wp:featuredmedia":[{"embeddable":true,"href":"https:\/\/leiklist.is\/en\/wp-json\/wp\/v2\/media\/15311"}],"wp:attachment":[{"href":"https:\/\/leiklist.is\/en\/wp-json\/wp\/v2\/media?parent=15558"}],"wp:term":[{"taxonomy":"product_brand","embeddable":true,"href":"https:\/\/leiklist.is\/en\/wp-json\/wp\/v2\/product_brand?post=15558"},{"taxonomy":"product_cat","embeddable":true,"href":"https:\/\/leiklist.is\/en\/wp-json\/wp\/v2\/product_cat?post=15558"},{"taxonomy":"product_tag","embeddable":true,"href":"https:\/\/leiklist.is\/en\/wp-json\/wp\/v2\/product_tag?post=15558"}],"curies":[{"name":"wp","href":"https:\/\/api.w.org\/{rel}","templated":true}]}}