{"id":15557,"date":"2020-02-24T19:55:58","date_gmt":"2020-02-24T19:55:58","guid":{"rendered":"http:\/\/leiklist.websitetest.site\/product\/import-placeholder-for-5340\/"},"modified":"2026-01-28T11:15:10","modified_gmt":"2026-01-28T11:15:10","slug":"grimas-make-up-pudur","status":"publish","type":"product","link":"https:\/\/leiklist.is\/en\/product\/grimas-make-up-pudur\/","title":{"rendered":"Make-up p\u00fa\u00f0ur fr\u00e1 Grimas"},"content":{"rendered":"<p>Grimas Make-up p\u00fa\u00f0ur, laust 50 og 150 gr. d\u00f3sir.<\/p>\n<p><a href=\"https:\/\/www.grimas.nl\/shop\/000180sp\/8\/Total-Assortment\/Make-up-Powder.html\">Sj\u00e1 n\u00e1nar \u00e1 vef Grimas<\/a>.<\/p>","protected":false},"excerpt":{"rendered":"<p>Grimas Make-up p\u00fa\u00f0ur, laust 50 og 150 gr. d\u00f3sir. Sj\u00e1 n\u00e1nar \u00e1 vef Grimas.<\/p>","protected":false},"featured_media":15310,"template":"","meta":{"_et_pb_use_builder":"","_et_pb_old_content":"","_et_gb_content_width":""},"product_brand":[],"product_cat":[85],"product_tag":[70],"class_list":{"0":"post-15557","1":"product","2":"type-product","3":"status-publish","4":"has-post-thumbnail","6":"product_cat-pudur","7":"product_tag-grimas","9":"first","10":"instock","11":"taxable","12":"shipping-taxable","13":"purchasable","14":"product-type-variable"},"_links":{"self":[{"href":"https:\/\/leiklist.is\/en\/wp-json\/wp\/v2\/product\/15557","targetHints":{"allow":["GET"]}}],"collection":[{"href":"https:\/\/leiklist.is\/en\/wp-json\/wp\/v2\/product"}],"about":[{"href":"https:\/\/leiklist.is\/en\/wp-json\/wp\/v2\/types\/product"}],"wp:featuredmedia":[{"embeddable":true,"href":"https:\/\/leiklist.is\/en\/wp-json\/wp\/v2\/media\/15310"}],"wp:attachment":[{"href":"https:\/\/leiklist.is\/en\/wp-json\/wp\/v2\/media?parent=15557"}],"wp:term":[{"taxonomy":"product_brand","embeddable":true,"href":"https:\/\/leiklist.is\/en\/wp-json\/wp\/v2\/product_brand?post=15557"},{"taxonomy":"product_cat","embeddable":true,"href":"https:\/\/leiklist.is\/en\/wp-json\/wp\/v2\/product_cat?post=15557"},{"taxonomy":"product_tag","embeddable":true,"href":"https:\/\/leiklist.is\/en\/wp-json\/wp\/v2\/product_tag?post=15557"}],"curies":[{"name":"wp","href":"https:\/\/api.w.org\/{rel}","templated":true}]}}