{"id":15554,"date":"2020-02-24T19:55:58","date_gmt":"2020-02-24T19:55:58","guid":{"rendered":"http:\/\/leiklist.websitetest.site\/product\/import-placeholder-for-5336\/"},"modified":"2026-01-05T00:47:20","modified_gmt":"2026-01-05T00:47:20","slug":"vistique-pudur-kryolan","status":"publish","type":"product","link":"https:\/\/leiklist.is\/en\/product\/vistique-pudur-kryolan\/","title":{"rendered":"Vistique setting p\u00fa\u00f0ur &#8211; Kryolan"},"content":{"rendered":"<p>Vistique Setting p\u00fa\u00f0ur, laust 15 gr. d\u00f3s. Litur MP1 og MP11.<\/p>","protected":false},"excerpt":{"rendered":"<p>Vistique Setting p\u00fa\u00f0ur, laust 15 gr. d\u00f3s. Litur MP1 og MP11.<\/p>","protected":false},"featured_media":15307,"template":"","meta":{"_et_pb_use_builder":"","_et_pb_old_content":"","_et_gb_content_width":""},"product_brand":[],"product_cat":[85],"product_tag":[75],"class_list":{"0":"post-15554","1":"product","2":"type-product","3":"status-publish","4":"has-post-thumbnail","6":"product_cat-pudur","7":"product_tag-kryolan","9":"first","10":"outofstock","11":"taxable","12":"shipping-taxable","13":"purchasable","14":"product-type-simple"},"_links":{"self":[{"href":"https:\/\/leiklist.is\/en\/wp-json\/wp\/v2\/product\/15554","targetHints":{"allow":["GET"]}}],"collection":[{"href":"https:\/\/leiklist.is\/en\/wp-json\/wp\/v2\/product"}],"about":[{"href":"https:\/\/leiklist.is\/en\/wp-json\/wp\/v2\/types\/product"}],"wp:featuredmedia":[{"embeddable":true,"href":"https:\/\/leiklist.is\/en\/wp-json\/wp\/v2\/media\/15307"}],"wp:attachment":[{"href":"https:\/\/leiklist.is\/en\/wp-json\/wp\/v2\/media?parent=15554"}],"wp:term":[{"taxonomy":"product_brand","embeddable":true,"href":"https:\/\/leiklist.is\/en\/wp-json\/wp\/v2\/product_brand?post=15554"},{"taxonomy":"product_cat","embeddable":true,"href":"https:\/\/leiklist.is\/en\/wp-json\/wp\/v2\/product_cat?post=15554"},{"taxonomy":"product_tag","embeddable":true,"href":"https:\/\/leiklist.is\/en\/wp-json\/wp\/v2\/product_tag?post=15554"}],"curies":[{"name":"wp","href":"https:\/\/api.w.org\/{rel}","templated":true}]}}