{"id":15553,"date":"2020-02-24T19:55:58","date_gmt":"2020-02-24T19:55:58","guid":{"rendered":"http:\/\/leiklist.websitetest.site\/product\/import-placeholder-for-5335\/"},"modified":"2023-01-17T20:00:58","modified_gmt":"2023-01-17T20:00:58","slug":"kryolan-anti-shine-pudur","status":"publish","type":"product","link":"https:\/\/leiklist.is\/en\/product\/kryolan-anti-shine-pudur\/","title":{"rendered":"Anti-Shine p\u00fa\u00f0ur"},"content":{"rendered":"<p>Anti-Shine p\u00fa\u00f0ur fr\u00e1 Kryolan, laust, 30 gr. d\u00f3s.<\/p>","protected":false},"excerpt":{"rendered":"<p>Anti-Shine p\u00fa\u00f0ur.<\/p>","protected":false},"featured_media":15306,"template":"","meta":{"_et_pb_use_builder":"","_et_pb_old_content":"","_et_gb_content_width":""},"product_brand":[],"product_cat":[85],"product_tag":[75],"class_list":{"0":"post-15553","1":"product","2":"type-product","3":"status-publish","4":"has-post-thumbnail","6":"product_cat-pudur","7":"product_tag-kryolan","9":"first","10":"outofstock","11":"taxable","12":"shipping-taxable","13":"purchasable","14":"product-type-simple"},"_links":{"self":[{"href":"https:\/\/leiklist.is\/en\/wp-json\/wp\/v2\/product\/15553","targetHints":{"allow":["GET"]}}],"collection":[{"href":"https:\/\/leiklist.is\/en\/wp-json\/wp\/v2\/product"}],"about":[{"href":"https:\/\/leiklist.is\/en\/wp-json\/wp\/v2\/types\/product"}],"wp:featuredmedia":[{"embeddable":true,"href":"https:\/\/leiklist.is\/en\/wp-json\/wp\/v2\/media\/15306"}],"wp:attachment":[{"href":"https:\/\/leiklist.is\/en\/wp-json\/wp\/v2\/media?parent=15553"}],"wp:term":[{"taxonomy":"product_brand","embeddable":true,"href":"https:\/\/leiklist.is\/en\/wp-json\/wp\/v2\/product_brand?post=15553"},{"taxonomy":"product_cat","embeddable":true,"href":"https:\/\/leiklist.is\/en\/wp-json\/wp\/v2\/product_cat?post=15553"},{"taxonomy":"product_tag","embeddable":true,"href":"https:\/\/leiklist.is\/en\/wp-json\/wp\/v2\/product_tag?post=15553"}],"curies":[{"name":"wp","href":"https:\/\/api.w.org\/{rel}","templated":true}]}}