{"id":15552,"date":"2020-02-24T19:55:58","date_gmt":"2020-02-24T19:55:58","guid":{"rendered":"http:\/\/leiklist.websitetest.site\/product\/import-placeholder-for-5334\/"},"modified":"2026-02-18T20:31:25","modified_gmt":"2026-02-18T20:31:25","slug":"kryolan-transparent-pudur","status":"publish","type":"product","link":"https:\/\/leiklist.is\/en\/product\/kryolan-transparent-pudur\/","title":{"rendered":"Translucent p\u00fa\u00f0ur fr\u00e1 Kryolan"},"content":{"rendered":"<p>Laust p\u00fa\u00f0ur, 15, 50 og 400 gr. d\u00f3sir.<\/p>","protected":false},"excerpt":{"rendered":"<p>Laust p\u00fa\u00f0ur, 15, 50 og 400 gr. d\u00f3sir.<\/p>","protected":false},"featured_media":15304,"template":"","meta":{"_et_pb_use_builder":"","_et_pb_old_content":"","_et_gb_content_width":""},"product_brand":[],"product_cat":[85],"product_tag":[75],"class_list":{"0":"post-15552","1":"product","2":"type-product","3":"status-publish","4":"has-post-thumbnail","6":"product_cat-pudur","7":"product_tag-kryolan","9":"first","10":"instock","11":"taxable","12":"shipping-taxable","13":"purchasable","14":"product-type-variable"},"_links":{"self":[{"href":"https:\/\/leiklist.is\/en\/wp-json\/wp\/v2\/product\/15552","targetHints":{"allow":["GET"]}}],"collection":[{"href":"https:\/\/leiklist.is\/en\/wp-json\/wp\/v2\/product"}],"about":[{"href":"https:\/\/leiklist.is\/en\/wp-json\/wp\/v2\/types\/product"}],"wp:featuredmedia":[{"embeddable":true,"href":"https:\/\/leiklist.is\/en\/wp-json\/wp\/v2\/media\/15304"}],"wp:attachment":[{"href":"https:\/\/leiklist.is\/en\/wp-json\/wp\/v2\/media?parent=15552"}],"wp:term":[{"taxonomy":"product_brand","embeddable":true,"href":"https:\/\/leiklist.is\/en\/wp-json\/wp\/v2\/product_brand?post=15552"},{"taxonomy":"product_cat","embeddable":true,"href":"https:\/\/leiklist.is\/en\/wp-json\/wp\/v2\/product_cat?post=15552"},{"taxonomy":"product_tag","embeddable":true,"href":"https:\/\/leiklist.is\/en\/wp-json\/wp\/v2\/product_tag?post=15552"}],"curies":[{"name":"wp","href":"https:\/\/api.w.org\/{rel}","templated":true}]}}