{"id":15550,"date":"2020-02-24T19:55:58","date_gmt":"2020-02-24T19:55:58","guid":{"rendered":"http:\/\/leiklist.websitetest.site\/product\/import-placeholder-for-5301\/"},"modified":"2026-02-24T09:48:29","modified_gmt":"2026-02-24T09:48:29","slug":"nefkitti","status":"publish","type":"product","link":"https:\/\/leiklist.is\/en\/product\/nefkitti\/","title":{"rendered":"Nefk\u00edtti &#8211; Nose Wax"},"content":{"rendered":"<p>Grimas Nose Wax. Vaxkennt efni \u00ed lj\u00f3sum h\u00fa\u00f0lit, nota\u00f0 til a\u00f0 byggja upp andlitshluta, s.s. nef og h\u00f6ku. F\u00e6st \u00ed 60 ml. d\u00f3sum.<br \/>\nLei\u00f0beiningar:<br \/>\nVaxi\u00f0 skafi\u00f0 \u00far d\u00f3sinni me\u00f0 spa\u00f0a, r\u00falla\u00f0 milli f\u00edngra sm\u00e1stund og sett beint \u00e1 hreina h\u00fa\u00f0. Ekki er nau\u00f0synlegt a\u00f0 nota l\u00edm undir. Gott er a\u00f0 nota sm\u00e1 hreinsikrem me\u00f0an ma\u00f0ur sl\u00e9ttar \u00ed \u00f3j\u00f6fnum og vinnur ni\u00f0ur kantana. Kremi\u00f0 er svo fjarl\u00e6gt me\u00f0 hreinum svampi. \u00deegar b\u00fai\u00f0 er a\u00f0 m\u00f3ta eins og \u00fearf er p\u00fa\u00f0ra\u00f0 yfir og svo far\u00f0a\u00f0 eins og venjulega.<br \/>\nHreinsa\u00f0 af \u00feannig a\u00f0 fyrst er vaxi\u00f0 skafi\u00f0 burt og s\u00ed\u00f0an er h\u00fa\u00f0in hreinsu\u00f0 me\u00f0 hreinsikremi.<br \/>\nN\u00e1nari uppl\u00fdsingar og innihaldsl\u00fdsing:<\/p>\n<p class=\"p3\"><a href=\"http:\/\/dramashop.dk\/product\/nose-wax-2986\/\">http:\/\/dramashop.dk\/product\/nose-wax-2986\/<\/a><\/p>","protected":false},"excerpt":{"rendered":"<p>H\u00fa\u00f0lita\u00f0 vaxkennt efni nota\u00f0 til a\u00f0 byggja upp andlitshluta, s.s. nef og h\u00f6ku.<\/p>","protected":false},"featured_media":15301,"template":"","meta":{"_et_pb_use_builder":"","_et_pb_old_content":"","_et_gb_content_width":""},"product_brand":[],"product_cat":[124,125],"product_tag":[263],"class_list":{"0":"post-15550","1":"product","2":"type-product","3":"status-publish","4":"has-post-thumbnail","6":"product_cat-latex-vax-gervagerd","7":"product_cat-nef-gervagerd","8":"product_tag-grimas-halloween-hrekkjavaka","10":"first","11":"instock","12":"taxable","13":"shipping-taxable","14":"purchasable","15":"product-type-simple"},"_links":{"self":[{"href":"https:\/\/leiklist.is\/en\/wp-json\/wp\/v2\/product\/15550","targetHints":{"allow":["GET"]}}],"collection":[{"href":"https:\/\/leiklist.is\/en\/wp-json\/wp\/v2\/product"}],"about":[{"href":"https:\/\/leiklist.is\/en\/wp-json\/wp\/v2\/types\/product"}],"wp:featuredmedia":[{"embeddable":true,"href":"https:\/\/leiklist.is\/en\/wp-json\/wp\/v2\/media\/15301"}],"wp:attachment":[{"href":"https:\/\/leiklist.is\/en\/wp-json\/wp\/v2\/media?parent=15550"}],"wp:term":[{"taxonomy":"product_brand","embeddable":true,"href":"https:\/\/leiklist.is\/en\/wp-json\/wp\/v2\/product_brand?post=15550"},{"taxonomy":"product_cat","embeddable":true,"href":"https:\/\/leiklist.is\/en\/wp-json\/wp\/v2\/product_cat?post=15550"},{"taxonomy":"product_tag","embeddable":true,"href":"https:\/\/leiklist.is\/en\/wp-json\/wp\/v2\/product_tag?post=15550"}],"curies":[{"name":"wp","href":"https:\/\/api.w.org\/{rel}","templated":true}]}}