{"id":14626,"date":"2020-02-05T10:03:11","date_gmt":"2020-02-05T10:03:11","guid":{"rendered":"https:\/\/leiklist.is\/?post_type=product&#038;p=14626"},"modified":"2022-08-23T12:54:51","modified_gmt":"2022-08-23T12:54:51","slug":"svampur-dropaform","status":"publish","type":"product","link":"https:\/\/leiklist.is\/en\/product\/svampur-dropaform\/","title":{"rendered":"Svampur, dropaform"},"content":{"rendered":"<p>N\u00fdr svampur \u00ed laginu eins og dropi sem au\u00f0veldar f\u00ednvinnu vi\u00f0 f\u00f6r\u00f0un.<\/p>","protected":false},"excerpt":{"rendered":"<p>N\u00fdr svampur \u00ed laginu eins og dropi sem au\u00f0veldar f\u00ednvinnu vi\u00f0 f\u00f6r\u00f0un.<\/p>","protected":false},"featured_media":16154,"template":"","meta":{"_et_pb_use_builder":"off","_et_pb_old_content":"<p>N\u00fdr svampur \u00ed laginu eins og dropi sem au\u00f0veldar f\u00ednvinnu vi\u00f0 f\u00f6r\u00f0un.\u00a0<\/p><p>Sj\u00e1 notkun h\u00e9r:<\/p><p>\u00a0<\/p>","_et_gb_content_width":""},"product_brand":[],"product_cat":[144,139],"product_tag":[],"class_list":{"0":"post-14626","1":"product","2":"type-product","3":"status-publish","4":"has-post-thumbnail","6":"product_cat-annad-fordun","7":"product_cat-svampar-ahold","9":"first","10":"outofstock","11":"taxable","12":"shipping-taxable","13":"purchasable","14":"product-type-simple"},"_links":{"self":[{"href":"https:\/\/leiklist.is\/en\/wp-json\/wp\/v2\/product\/14626","targetHints":{"allow":["GET"]}}],"collection":[{"href":"https:\/\/leiklist.is\/en\/wp-json\/wp\/v2\/product"}],"about":[{"href":"https:\/\/leiklist.is\/en\/wp-json\/wp\/v2\/types\/product"}],"wp:featuredmedia":[{"embeddable":true,"href":"https:\/\/leiklist.is\/en\/wp-json\/wp\/v2\/media\/16154"}],"wp:attachment":[{"href":"https:\/\/leiklist.is\/en\/wp-json\/wp\/v2\/media?parent=14626"}],"wp:term":[{"taxonomy":"product_brand","embeddable":true,"href":"https:\/\/leiklist.is\/en\/wp-json\/wp\/v2\/product_brand?post=14626"},{"taxonomy":"product_cat","embeddable":true,"href":"https:\/\/leiklist.is\/en\/wp-json\/wp\/v2\/product_cat?post=14626"},{"taxonomy":"product_tag","embeddable":true,"href":"https:\/\/leiklist.is\/en\/wp-json\/wp\/v2\/product_tag?post=14626"}],"curies":[{"name":"wp","href":"https:\/\/api.w.org\/{rel}","templated":true}]}}