{"id":14588,"date":"2020-01-30T11:24:52","date_gmt":"2020-01-30T11:24:52","guid":{"rendered":"https:\/\/leiklist.is\/?post_type=product&#038;p=14588"},"modified":"2025-12-29T12:19:35","modified_gmt":"2025-12-29T12:19:35","slug":"nef-latex","status":"publish","type":"product","link":"https:\/\/leiklist.is\/en\/product\/nef-latex\/","title":{"rendered":"Gervinef latex"},"content":{"rendered":"<p>Nef \u00far latex fr\u00e1 Grimas.<\/p>","protected":false},"excerpt":{"rendered":"<p>Nef gert \u00far latex. H\u00e9r m\u00e1 sj\u00e1 hvernig gott er a\u00f0 bera sig a\u00f0 vi\u00f0 setja nef \u00e1 manneskju:<br \/>\n<iframe loading=\"lazy\" src=\"https:\/\/www.youtube.com\/embed\/iwu7vwQIcOQ\" width=\"560\" height=\"315\" frameborder=\"0\" allowfullscreen=\"allowfullscreen\"><\/iframe><\/p>","protected":false},"featured_media":16143,"template":"","meta":{"_et_pb_use_builder":"","_et_pb_old_content":"","_et_gb_content_width":""},"product_brand":[],"product_cat":[250,125],"product_tag":[70],"class_list":{"0":"post-14588","1":"product","2":"type-product","3":"status-publish","4":"has-post-thumbnail","6":"product_cat-likamshlutar","7":"product_cat-nef-gervagerd","8":"product_tag-grimas","10":"first","11":"instock","12":"taxable","13":"shipping-taxable","14":"purchasable","15":"product-type-variable"},"_links":{"self":[{"href":"https:\/\/leiklist.is\/en\/wp-json\/wp\/v2\/product\/14588","targetHints":{"allow":["GET"]}}],"collection":[{"href":"https:\/\/leiklist.is\/en\/wp-json\/wp\/v2\/product"}],"about":[{"href":"https:\/\/leiklist.is\/en\/wp-json\/wp\/v2\/types\/product"}],"wp:featuredmedia":[{"embeddable":true,"href":"https:\/\/leiklist.is\/en\/wp-json\/wp\/v2\/media\/16143"}],"wp:attachment":[{"href":"https:\/\/leiklist.is\/en\/wp-json\/wp\/v2\/media?parent=14588"}],"wp:term":[{"taxonomy":"product_brand","embeddable":true,"href":"https:\/\/leiklist.is\/en\/wp-json\/wp\/v2\/product_brand?post=14588"},{"taxonomy":"product_cat","embeddable":true,"href":"https:\/\/leiklist.is\/en\/wp-json\/wp\/v2\/product_cat?post=14588"},{"taxonomy":"product_tag","embeddable":true,"href":"https:\/\/leiklist.is\/en\/wp-json\/wp\/v2\/product_tag?post=14588"}],"curies":[{"name":"wp","href":"https:\/\/api.w.org\/{rel}","templated":true}]}}