{"id":14543,"date":"2020-01-28T20:25:52","date_gmt":"2020-01-28T20:25:52","guid":{"rendered":"https:\/\/leiklist.is\/?post_type=product&#038;p=14543"},"modified":"2025-12-29T12:18:23","modified_gmt":"2025-12-29T12:18:23","slug":"gerviblod-grimas-filmblood","status":"publish","type":"product","link":"https:\/\/leiklist.is\/en\/product\/gerviblod-grimas-filmblood\/","title":{"rendered":"Flj\u00f3tandi gervibl\u00f3\u00f0 &#8211; Filmblood Grimas"},"content":{"rendered":"<p>Flj\u00f3tandi gervibl\u00f3\u00f0 sem \u00feornar ekki en heldur glansinum. \u00de\u00e6gilegt a\u00f0 nota til a\u00f0 kl\u00e1ra s\u00e1r og mei\u00f0sli.<\/p>\n<p class=\"p1\">Bl\u00f3\u00f0i\u00f0 n\u00e6st af h\u00fa\u00f0 me\u00f0 vatni og s\u00e1pu. Ef lj\u00f3sa bl\u00f3\u00f0i\u00f0 fer \u00ed f\u00f6t er r\u00e1\u00f0lagt a\u00f0 leggja fl\u00edkina \u00ed bleyti og nota Biotex e\u00f0a \u00e1l\u00edka \u00fevottaefni. S\u00ed\u00f0an er fl\u00edkin \u00fevegin \u00ed h\u00f6ndum e\u00f0a sett \u00ed \u00fevottav\u00e9l. \u00dea\u00f0 er erfi\u00f0ara a\u00f0 n\u00e1 d\u00f6kka bl\u00f3\u00f0inu \u00far f\u00f6tum.<\/p>\n<p class=\"p2\">N\u00e1nari uppl\u00fdsingar og innihaldsl\u00fdsing:<\/p>\n<p class=\"p1\"><a href=\"https:\/\/www.grimas.nl\/website\/web2\/index.php?onderwerp=000421aa\">https:\/\/www.grimas.nl\/website\/web2\/index.php?onderwerp=000421aa<\/a><\/p>","protected":false},"excerpt":{"rendered":"<p>Flj\u00f3tandi gerfibl\u00f3\u00f0 sem \u00feornar ekki en heldur glansinum.<\/p>","protected":false},"featured_media":16138,"template":"","meta":{"_et_pb_use_builder":"","_et_pb_old_content":"","_et_gb_content_width":""},"product_brand":[],"product_cat":[77],"product_tag":[],"class_list":{"0":"post-14543","1":"product","2":"type-product","3":"status-publish","4":"has-post-thumbnail","6":"product_cat-gerviblod","8":"first","9":"instock","10":"taxable","11":"shipping-taxable","12":"purchasable","13":"product-type-variable"},"_links":{"self":[{"href":"https:\/\/leiklist.is\/en\/wp-json\/wp\/v2\/product\/14543","targetHints":{"allow":["GET"]}}],"collection":[{"href":"https:\/\/leiklist.is\/en\/wp-json\/wp\/v2\/product"}],"about":[{"href":"https:\/\/leiklist.is\/en\/wp-json\/wp\/v2\/types\/product"}],"wp:featuredmedia":[{"embeddable":true,"href":"https:\/\/leiklist.is\/en\/wp-json\/wp\/v2\/media\/16138"}],"wp:attachment":[{"href":"https:\/\/leiklist.is\/en\/wp-json\/wp\/v2\/media?parent=14543"}],"wp:term":[{"taxonomy":"product_brand","embeddable":true,"href":"https:\/\/leiklist.is\/en\/wp-json\/wp\/v2\/product_brand?post=14543"},{"taxonomy":"product_cat","embeddable":true,"href":"https:\/\/leiklist.is\/en\/wp-json\/wp\/v2\/product_cat?post=14543"},{"taxonomy":"product_tag","embeddable":true,"href":"https:\/\/leiklist.is\/en\/wp-json\/wp\/v2\/product_tag?post=14543"}],"curies":[{"name":"wp","href":"https:\/\/api.w.org\/{rel}","templated":true}]}}