{"id":14414,"date":"2020-01-26T13:23:09","date_gmt":"2020-01-26T13:23:09","guid":{"rendered":"https:\/\/leiklist.is\/?post_type=product&#038;p=14414"},"modified":"2026-04-24T14:54:12","modified_gmt":"2026-04-24T14:54:12","slug":"fixing-spray-2","status":"publish","type":"product","link":"https:\/\/leiklist.is\/en\/product\/fixing-spray-2\/","title":{"rendered":"Fixing Spray"},"content":{"rendered":"<p>Fixing Spray 75 e\u00f0a 300 ml. \u00fer\u00fdstibr\u00fasi.<\/p>\n<p>Fixing Spray er \u00fa\u00f0a\u00f0 yfir far\u00f0a\u00f0a h\u00fa\u00f0. \u00dea\u00f0 b\u00fdr til \u00f3s\u00fdnilega filmu sem ver og vi\u00f0heldur f\u00f6r\u00f0uninni. Hentar s\u00e9rlega vel me\u00f0 Aquacolor litum. Sprauta\u00f0 beint \u00e1 h\u00fa\u00f0 \u00far ca. 30 cm fjarl\u00e6g\u00f0 og l\u00e1ti\u00f0 \u00feorna. Au\u00f0velt a\u00f0 fjarl\u00e6gja me\u00f0 s\u00e1pu og vatni. Inniheldur alk\u00f3h\u00f3l og <strong>\u00e6tti ekki a\u00f0 nota n\u00e1l\u00e6gt augum<\/strong>.<\/p>","protected":false},"excerpt":{"rendered":"<p>Fixing Spray 75 e\u00f0a 300 ml. \u00fer\u00fdstibr\u00fasi. Fixing Spray er \u00fa\u00f0a\u00f0 yfir far\u00f0a\u00f0a h\u00fa\u00f0. \u00dea\u00f0 b\u00fdr til \u00f3s\u00fdnilega filmu sem ver og vi\u00f0heldur f\u00f6r\u00f0uninni. Hentar s\u00e9rlega vel me\u00f0 Aquacolor litum. Sprauta\u00f0 beint \u00e1 h\u00fa\u00f0 \u00far ca. 30 cm fjarl\u00e6g\u00f0 og l\u00e1ti\u00f0 \u00feorna. Au\u00f0velt a\u00f0 fjarl\u00e6gja me\u00f0 s\u00e1pu og vatni. Inniheldur alk\u00f3h\u00f3l og \u00e6tti ekki a\u00f0 [&hellip;]<\/p>\n","protected":false},"featured_media":16128,"template":"","meta":{"_et_pb_use_builder":"","_et_pb_old_content":"","_et_gb_content_width":""},"product_brand":[],"product_cat":[126,127,128,73,82],"product_tag":[75],"class_list":{"0":"post-14414","1":"product","2":"type-product","3":"status-publish","4":"has-post-thumbnail","6":"product_cat-andlits-likamslitir","7":"product_cat-make-up","8":"product_cat-vatnslitir-fordun","9":"product_cat-fardi","10":"product_cat-ymislegt","11":"product_tag-kryolan","12":"product_shipping_class-landpostur","14":"first","15":"instock","16":"taxable","17":"shipping-taxable","18":"purchasable","19":"product-type-variable"},"_links":{"self":[{"href":"https:\/\/leiklist.is\/en\/wp-json\/wp\/v2\/product\/14414","targetHints":{"allow":["GET"]}}],"collection":[{"href":"https:\/\/leiklist.is\/en\/wp-json\/wp\/v2\/product"}],"about":[{"href":"https:\/\/leiklist.is\/en\/wp-json\/wp\/v2\/types\/product"}],"wp:featuredmedia":[{"embeddable":true,"href":"https:\/\/leiklist.is\/en\/wp-json\/wp\/v2\/media\/16128"}],"wp:attachment":[{"href":"https:\/\/leiklist.is\/en\/wp-json\/wp\/v2\/media?parent=14414"}],"wp:term":[{"taxonomy":"product_brand","embeddable":true,"href":"https:\/\/leiklist.is\/en\/wp-json\/wp\/v2\/product_brand?post=14414"},{"taxonomy":"product_cat","embeddable":true,"href":"https:\/\/leiklist.is\/en\/wp-json\/wp\/v2\/product_cat?post=14414"},{"taxonomy":"product_tag","embeddable":true,"href":"https:\/\/leiklist.is\/en\/wp-json\/wp\/v2\/product_tag?post=14414"}],"curies":[{"name":"wp","href":"https:\/\/api.w.org\/{rel}","templated":true}]}}