{"id":40669,"date":"2024-10-25T08:56:09","date_gmt":"2024-10-25T08:56:09","guid":{"rendered":"https:\/\/leiklist.is\/?page_id=40669"},"modified":"2024-10-25T08:56:19","modified_gmt":"2024-10-25T08:56:19","slug":"arsrit-bil","status":"publish","type":"page","link":"https:\/\/leiklist.is\/en\/arsrit-bil\/","title":{"rendered":"\u00c1rsrit B\u00cdL"},"content":{"rendered":"<p>[et_pb_section fb_built=&#8220;1&#8243; _builder_version=&#8220;4.9.10&#8243; _module_preset=&#8220;default&#8220;][et_pb_row column_structure=&#8220;3_5,2_5&#8243; _builder_version=&#8220;4.9.10&#8243; _module_preset=&#8220;default&#8220;][et_pb_column type=&#8220;3_5&#8243; _builder_version=&#8220;4.9.10&#8243; _module_preset=&#8220;default&#8220;][et_pb_text _builder_version=&#8220;4.9.10&#8243; _module_preset=&#8220;default&#8220; hover_enabled=&#8220;0&#8243; sticky_enabled=&#8220;0&#8243;]<\/p>\n<pre><code><ul class=\"lcp_catlist\" id=\"lcp_instance_0\"><li><a href=\"https:\/\/leiklist.is\/en\/arsrit-2025\/\">\u00c1rsrit 2025<\/a><\/li><li><a href=\"https:\/\/leiklist.is\/en\/arsrit-2024\/\">\u00c1rsrit 2024<\/a><\/li><li><a href=\"https:\/\/leiklist.is\/en\/arsrit-2023\/\">\u00c1rsrit 2023<\/a><\/li><li><a href=\"https:\/\/leiklist.is\/en\/arsrit-2022\/\">\u00c1rsrit 2022<\/a><\/li><\/ul><\/code><\/pre>\n<p>[\/et_pb_text][\/et_pb_column][et_pb_column type=&#8220;2_5&#8243; _builder_version=&#8220;4.9.10&#8243; _module_preset=&#8220;default&#8220;][et_pb_image src=&#8220;https:\/\/leiklist.is\/wp-content\/uploads\/2024\/10\/arsrit2024front.jpg&#8220; _builder_version=&#8220;4.9.10&#8243; _module_preset=&#8220;default&#8220; hover_enabled=&#8220;0&#8243; sticky_enabled=&#8220;0&#8243;][\/et_pb_image][\/et_pb_column][\/et_pb_row][\/et_pb_section]<\/p>\n","protected":false},"excerpt":{"rendered":"<p>\u00c1rsrit 2025\u00c1rsrit 2024\u00c1rsrit 2023\u00c1rsrit 2022<\/p>","protected":false},"author":3,"featured_media":0,"parent":0,"menu_order":0,"comment_status":"closed","ping_status":"closed","template":"","meta":{"_et_pb_use_builder":"on","_et_pb_old_content":"","_et_gb_content_width":"","footnotes":""},"class_list":["post-40669","page","type-page","status-publish","hentry"],"_links":{"self":[{"href":"https:\/\/leiklist.is\/en\/wp-json\/wp\/v2\/pages\/40669","targetHints":{"allow":["GET"]}}],"collection":[{"href":"https:\/\/leiklist.is\/en\/wp-json\/wp\/v2\/pages"}],"about":[{"href":"https:\/\/leiklist.is\/en\/wp-json\/wp\/v2\/types\/page"}],"author":[{"embeddable":true,"href":"https:\/\/leiklist.is\/en\/wp-json\/wp\/v2\/users\/3"}],"replies":[{"embeddable":true,"href":"https:\/\/leiklist.is\/en\/wp-json\/wp\/v2\/comments?post=40669"}],"version-history":[{"count":0,"href":"https:\/\/leiklist.is\/en\/wp-json\/wp\/v2\/pages\/40669\/revisions"}],"wp:attachment":[{"href":"https:\/\/leiklist.is\/en\/wp-json\/wp\/v2\/media?parent=40669"}],"curies":[{"name":"wp","href":"https:\/\/api.w.org\/{rel}","templated":true}]}}