{"id":34856,"date":"2020-09-21T10:50:18","date_gmt":"2020-09-21T10:50:18","guid":{"rendered":"https:\/\/leiklist.is\/?page_id=34856"},"modified":"2020-09-21T10:54:47","modified_gmt":"2020-09-21T10:54:47","slug":"verklagsreglur-um-kynbundid-og-kynferdislegt-areiti","status":"publish","type":"page","link":"https:\/\/leiklist.is\/en\/verklagsreglur-um-kynbundid-og-kynferdislegt-areiti\/","title":{"rendered":"Verklagsreglur um kynbundi\u00f0 og kynfer\u00f0islegt \u00e1reiti"},"content":{"rendered":"<p>[et_pb_section fb_built=&#8220;1&#8243; _builder_version=&#8220;3.22&#8243;][et_pb_row _builder_version=&#8220;3.25&#8243; background_size=&#8220;initial&#8220; background_position=&#8220;top_left&#8220; background_repeat=&#8220;repeat&#8220;][et_pb_column type=&#8220;4_4&#8243; _builder_version=&#8220;3.25&#8243; custom_padding=&#8220;|||&#8220; custom_padding__hover=&#8220;|||&#8220;][et_pb_text _builder_version=&#8220;4.4.1&#8243; background_color=&#8220;#d6d6d6&#8243; hover_enabled=&#8220;0&#8243;]<\/p>\n<div>\u00a0<\/div>\n<div>Hver s\u00e1 einstaklingur sem telur sig hafa or\u00f0i\u00f0 fyrir \u00e1reitni e\u00f0a ofbeldi \u00ed starfi \u00e1 vegum B\u00cdL er hvattur til a\u00f0 tilkynna um atvik til <a href=\"https:\/\/leiklist.is\/stjorn\/\">formanns e\u00f0a framkv\u00e6mdastj\u00f3ra B\u00cdL<\/a>.<\/div>\n<div>\u00a0<\/div>\n<p>[\/et_pb_text][et_pb_text _builder_version=&#8220;4.4.1&#8243; background_size=&#8220;initial&#8220; background_position=&#8220;top_left&#8220; background_repeat=&#8220;repeat&#8220;]<\/p>\n<div>Efrtirfarandi verklagsreglur voru sam\u00feykktar \u00e1 a\u00f0alfundi B\u00cdL 19. sept. 2020:<\/div>\n<div>\u00a0<\/div>\n<div style=\"text-align: center;\"><em><strong>Verklagsreglur Bandalags \u00edslenskra leikf\u00e9laga (Bandalagsins) um vi\u00f0br\u00f6g\u00f0 vi\u00f0 kynbundinni og kynfer\u00f0islegri \u00e1reitni og ofbeldi \u00ed leiklistarstarfi.<\/strong><\/em><\/div>\n<div>\u00a0<\/div>\n<div><strong>1.gr.<\/strong><\/div>\n<div><strong>Markmi\u00f0<\/strong><\/div>\n<div>\u00cd leiklistarstarfi ber a\u00f0 hafa jafnr\u00e6\u00f0i og vir\u00f0ingu a\u00f0 lei\u00f0arlj\u00f3si \u00ed samskiptum einstaklinga.<\/div>\n<div>Kynbundin og kynfer\u00f0isleg \u00e1reitni e\u00f0a ofbeldi (brot) er me\u00f0 \u00f6llu \u00f3heimilt \u00ed starfi \u00e1 vegum Bandalagsins og a\u00f0ildarf\u00e9laga. Brot eru hvorki li\u00f0in \u00ed samskiptum starfsf\u00f3lks og stj\u00f3rnenda innbyr\u00f0is, samskiptum \u00feeirra vi\u00f0 \u00fe\u00e1tttakendur n\u00e9 \u00ed samskiptum \u00fe\u00e1tttakenda \u00ed leiklistarstarfi innbyr\u00f0is.<\/div>\n<div>Markmi\u00f0 me\u00f0 verklagsreglum \u00feessum er a\u00f0 stu\u00f0la a\u00f0 \u00fev\u00ed a\u00f0 \u00farr\u00e6\u00f0i s\u00e9u til sta\u00f0ar telji einhver sig hafa or\u00f0i\u00f0 fyrir sl\u00edkum brotum.<\/div>\n<div>\u00a0<\/div>\n<div><strong>2. gr.<\/strong><\/div>\n<div><strong>Or\u00f0sk\u00fdringar<\/strong><\/div>\n<div>Me\u00f0 kynbundinni \u00e1reitni e\u00f0a ofbeldi er \u00e1tt vi\u00f0 heg\u00f0un sem tengist kyni \u00feess einstaklings sem fyrir henni ver\u00f0ur, er \u00ed \u00f3\u00fe\u00f6kk vi\u00f0komandi og hefur \u00feann tilgang e\u00f0a \u00feau \u00e1hrif a\u00f0 skapa a\u00f0st\u00e6\u00f0ur sem eru \u00f3gnandi, fjandsamlegar e\u00f0a ni\u00f0url\u00e6gjandi e\u00f0a valda l\u00edkamlegum e\u00f0a s\u00e1lr\u00e6num ska\u00f0a.<\/div>\n<div>Me\u00f0 kynfer\u00f0islegri \u00e1reitni e\u00f0a ofbeldi er \u00e1tt vi\u00f0 hvers kyns kynfer\u00f0islega heg\u00f0un sem er \u00ed \u00f3\u00fe\u00f6kk \u00feess einstaklings sem fyrir henni ver\u00f0ur og hefur \u00feann tilgang e\u00f0a \u00feau \u00e1hrif a\u00f0 misbj\u00f3\u00f0a vir\u00f0ingu vi\u00f0komandi, einkum \u00feegar heg\u00f0unin lei\u00f0ir til \u00f3gnandi, fjandsamlegra e\u00f0a ni\u00f0url\u00e6gjandi a\u00f0st\u00e6\u00f0na, svo og \u00feegar heg\u00f0unin felur \u00ed s\u00e9r brot gegn kynfrelsi einstaklings sem l\u00fdst eru refsiver\u00f0 \u00ed XXII. kafla almennra hegningarlaga.<\/div>\n<div>Me\u00f0 hugtakinu starfsf\u00f3lk og stj\u00f3rnendur er \u00e1tt vi\u00f0 \u00f6ll \u00feau sem starfa \u00e1 vegum Bandalagsins e\u00f0a einstakra a\u00f0ildarf\u00e9laga, hvort sem \u00feau eru skipu\u00f0 til starfans, eru \u00ed beinu r\u00e1\u00f0ningarsambandi e\u00f0a eru verktakar.<\/div>\n<div>Me\u00f0 hugtakinu \u00fe\u00e1tttakendur er \u00e1tt vi\u00f0 \u00f6ll \u00feau sem taka \u00fe\u00e1tt \u00ed starfi \u00e1 vegum Bandalagsins e\u00f0a a\u00f0ildarf\u00e9laga, t.d. \u00fe\u00e1tttakendur \u00e1 fundum, n\u00e1mskei\u00f0um, skemmtunum og \u00ed einstaka leiks\u00fdningum.<\/div>\n<div>\u00a0<\/div>\n<div><strong>3. gr.<\/strong><\/div>\n<div><strong>Vi\u00f0br\u00f6g\u00f0 Bandalagsins<\/strong><\/div>\n<div>Almennt leitast Bandalagi\u00f0 vi\u00f0 a\u00f0 beita forv\u00f6rnum og fr\u00e6\u00f0slu til a\u00f0 koma \u00ed veg fyrir brot \u00ed starfsemi sinni.<\/div>\n<div>Hver s\u00e1 einstaklingur sem vill bera fram kv\u00f6rtun vegna brots sem vi\u00f0komandi telur sig ver\u00f0a e\u00f0a hafa or\u00f0i\u00f0 fyrir \u00ed starfsemi \u00e1 vegum Bandalagsins getur sn\u00fai\u00f0 s\u00e9r til framkv\u00e6mdastj\u00f3ra og\/e\u00f0a formanns stj\u00f3rnar Bandalagsins. Hi\u00f0 sama \u00e1 vi\u00f0 ef einstaklingur telur alvarlega h\u00e6ttu \u00e1 a\u00f0 brot ver\u00f0i frami\u00f0 \u00ed leiklistarstarfi \u00e1 vegum Bandalagsins, t.d. vegna uppl\u00fdsinga um \u00f6nnur alvarleg brot \u00feess sem tekur \u00fe\u00e1tt \u00ed umr\u00e6ddri starfsemi.<\/div>\n<div>Framkv\u00e6mdastj\u00f3ri og forma\u00f0ur stj\u00f3rnar taka vi\u00f0 og kanna kvartanir vegna brots. \u00deau geta leita\u00f0 til einstaklings sem hefur fag\u00feekkingu og reynslu af me\u00f0fer\u00f0 m\u00e1la af \u00feessu tagi ef \u00fe\u00f6rf krefur. Kanna skal m\u00e1li\u00f0 eftir \u00fev\u00ed sem unnt er, me\u00f0al annars me\u00f0 \u00fev\u00ed a\u00f0 afla gagna, r\u00e6\u00f0a vi\u00f0 \u00fe\u00e1 sem hlut eiga a\u00f0 m\u00e1li og eftir atvikum a\u00f0ra sem varpa\u00f0 geta lj\u00f3si \u00e1 m\u00e1li\u00f0. \u00d3ski vi\u00f0komandi eftir a\u00f0 k\u00e6ra m\u00e1l til l\u00f6greglu skal veita a\u00f0sto\u00f0 vi\u00f0 \u00fea\u00f0 eftir f\u00f6ngum svo og a\u00f0 lei\u00f0beina brota\u00feola um a\u00f0 leita s\u00e9r faglegrar a\u00f0sto\u00f0ar eftir \u00fev\u00ed sem vi\u00f0 \u00e1. Ef brot beinist gegn barni ber tafarlaust a\u00f0 tilkynna \u00fea\u00f0 til barnaverndaryfirvalda \u00ed samr\u00e6mi vi\u00f0 \u00e1kv\u00e6\u00f0i barnaverndarlaga.<\/div>\n<div>\u00deegar m\u00e1l hefur veri\u00f0 kanna\u00f0 eins og unnt er taka framkv\u00e6mdastj\u00f3ri og forma\u00f0ur stj\u00f3rnar \u00e1kv\u00f6r\u00f0un um hvort og \u00fe\u00e1 hva\u00f0a \u00farr\u00e6\u00f0a r\u00e9ttast er a\u00f0 gr\u00edpa til. Reyna skal a\u00f0 n\u00e1 s\u00e1tt um ni\u00f0urst\u00f6\u00f0ur eftir \u00fev\u00ed sem vi\u00f0. \u00darr\u00e6\u00f0i mi\u00f0ast a\u00f0 \u00f6\u00f0ru leyti vi\u00f0 \u00fe\u00e6r uppl\u00fdsingar sem fyrir liggja, alvarleika m\u00e1lsatvika og a\u00f0st\u00e6\u00f0ur a\u00f0 \u00f6\u00f0ru leyti.<\/div>\n<div>Me\u00f0al \u00farr\u00e6\u00f0a er heimild til a\u00f0 \u00fatiloka einstakling fr\u00e1 starfsemi \u00e1 vegum Bandalagsins a\u00f0 \u00f6llu leyti, e\u00f0a fr\u00e1 tiltekinni starfsemi, ef tali\u00f0 er a\u00f0 \u00fe\u00e1tttaka vi\u00f0komandi, me\u00f0 hli\u00f0sj\u00f3n af e\u00f0li og alvarleika brots, \u00f3gni heilsu e\u00f0a \u00f6ryggi brota\u00feola e\u00f0a heilsu e\u00f0a \u00f6ryggi annarra. Ef brot er ekki tali\u00f0 \u00f3gna heilsu e\u00f0a \u00f6ryggi annarra er heimilt a\u00f0 bj\u00f3\u00f0a brota\u00feola forgang a\u00f0 tilteknum \u00fe\u00e1ttum starfseminnar, svo sem a\u00f0 s\u00e6kja fundi og n\u00e1mskei\u00f0, og \u00fatiloka \u00feann sem kv\u00f6rtun beinist a\u00f0 fr\u00e1 \u00feeim vi\u00f0bur\u00f0um sem brota\u00feoli velur a\u00f0 s\u00e6kja hverju sinni.<\/div>\n<div>\u00d6llum \u00feeim sem a\u00f0 m\u00e1lum koma er skylt a\u00f0 g\u00e6ta \u00feagm\u00e6lsku um \u00feau m\u00e1l sem unni\u00f0 er me\u00f0 og r\u00edk \u00e1hersla er l\u00f6g\u00f0 \u00e1 vernd og \u00f6ryggi pers\u00f3nuuppl\u00fdsinga, \u00ed samr\u00e6mi vi\u00f0 gildandi l\u00f6g og reglur um pers\u00f3nuvernd og vinnslu pers\u00f3nuuppl\u00fdsinga.<\/div>\n<div>\u00a0<\/div>\n<div><strong>4. gr.<\/strong><\/div>\n<div><strong>Vi\u00f0br\u00f6g\u00f0 a\u00f0ildarf\u00e9laga<\/strong><\/div>\n<div>Bandalagi\u00f0 hvetur \u00f6ll a\u00f0ildarf\u00e9l\u00f6g s\u00edn til a\u00f0 marka stefnu um hvernig koma megi \u00ed veg fyrir brot og setja s\u00e9r verklagsreglur um vi\u00f0br\u00f6g\u00f0 vi\u00f0 brotum sem falla a\u00f0 starfsemi hvers og eins f\u00e9lags.<\/div>\n<div>\u00cd verklagsreglum komi a\u00f0 l\u00e1gmarki fram hvert megi sn\u00faa s\u00e9r me\u00f0 kv\u00f6rtun vegna brots og hver ver\u00f0i frekari vi\u00f0br\u00f6g\u00f0.<\/div>\n<div>A\u00f0ildarf\u00e9lag skal leitast vi\u00f0 a\u00f0 kynna verklagsreglur s\u00ednar me\u00f0 skilvirkum h\u00e6tti fyrir \u00f6llum \u00feeim sem taka \u00fe\u00e1tt \u00ed starfsemi \u00e1 vegum f\u00e9lagsins.<\/div>\n<div>\u00a0<\/div>\n<div><strong>5. gr.<\/strong><\/div>\n<div><strong>Gildistaka<\/strong><\/div>\n<div>Verklagsreglur \u00feessar \u00f6\u00f0last gildi vi\u00f0 sta\u00f0festingu \u00e1 a\u00f0alfundi Bandalagsins.<\/div>\n<div>\u00a0<\/div>\n<p>[\/et_pb_text][\/et_pb_column][\/et_pb_row][\/et_pb_section]<\/p>\n","protected":false},"excerpt":{"rendered":"<p>\u00a0 Hver s\u00e1 einstaklingur sem telur sig hafa or\u00f0i\u00f0 fyrir \u00e1reitni e\u00f0a ofbeldi \u00ed starfi \u00e1 vegum B\u00cdL er hvattur til a\u00f0 tilkynna um atvik til formanns e\u00f0a framkv\u00e6mdastj\u00f3ra B\u00cdL. \u00a0 Efrtirfarandi verklagsreglur voru sam\u00feykktar \u00e1 a\u00f0alfundi B\u00cdL 19. sept. 2020: \u00a0 Verklagsreglur Bandalags \u00edslenskra leikf\u00e9laga (Bandalagsins) um vi\u00f0br\u00f6g\u00f0 vi\u00f0 kynbundinni og kynfer\u00f0islegri \u00e1reitni og [&hellip;]<\/p>\n","protected":false},"author":3,"featured_media":0,"parent":0,"menu_order":0,"comment_status":"closed","ping_status":"closed","template":"","meta":{"_et_pb_use_builder":"on","_et_pb_old_content":"<div>Efrtirfarandi verklagsreglur voru sam\u00feykktar \u00e1 a\u00f0alfundi B\u00cdL 19. sept. 2020:<\/div><div>\u00a0<\/div><div style=\"text-align: center;\"><em><strong>Verklagsreglur Bandalags \u00edslenskra leikf\u00e9laga (Bandalagsins) um vi\u00f0br\u00f6g\u00f0 vi\u00f0 kynbundinni og kynfer\u00f0islegri \u00e1reitni og ofbeldi \u00ed leiklistarstarfi.<\/strong><\/em><\/div><div>\u00a0<\/div><div><strong>1.gr.<\/strong><\/div><div><strong>Markmi\u00f0<\/strong><\/div><div>\u00cd leiklistarstarfi ber a\u00f0 hafa jafnr\u00e6\u00f0i og vir\u00f0ingu a\u00f0 lei\u00f0arlj\u00f3si \u00ed samskiptum einstaklinga.<\/div><div>Kynbundin og kynfer\u00f0isleg \u00e1reitni e\u00f0a ofbeldi (brot) er me\u00f0 \u00f6llu \u00f3heimilt \u00ed starfi \u00e1 vegum Bandalagsins og a\u00f0ildarf\u00e9laga. Brot eru hvorki li\u00f0in \u00ed samskiptum starfsf\u00f3lks og stj\u00f3rnenda innbyr\u00f0is, samskiptum \u00feeirra vi\u00f0 \u00fe\u00e1tttakendur n\u00e9 \u00ed samskiptum \u00fe\u00e1tttakenda \u00ed leiklistarstarfi innbyr\u00f0is.<\/div><div>Markmi\u00f0 me\u00f0 verklagsreglum \u00feessum er a\u00f0 stu\u00f0la a\u00f0 \u00fev\u00ed a\u00f0 \u00farr\u00e6\u00f0i s\u00e9u til sta\u00f0ar telji einhver sig hafa or\u00f0i\u00f0 fyrir sl\u00edkum brotum.<\/div><div>\u00a0<\/div><div><strong>2. gr.<\/strong><\/div><div><strong>Or\u00f0sk\u00fdringar<\/strong><\/div><div>Me\u00f0 kynbundinni \u00e1reitni e\u00f0a ofbeldi er \u00e1tt vi\u00f0 heg\u00f0un sem tengist kyni \u00feess einstaklings sem fyrir henni ver\u00f0ur, er \u00ed \u00f3\u00fe\u00f6kk vi\u00f0komandi og hefur \u00feann tilgang e\u00f0a \u00feau \u00e1hrif a\u00f0 skapa a\u00f0st\u00e6\u00f0ur sem eru \u00f3gnandi, fjandsamlegar e\u00f0a ni\u00f0url\u00e6gjandi e\u00f0a valda l\u00edkamlegum e\u00f0a s\u00e1lr\u00e6num ska\u00f0a.<\/div><div>Me\u00f0 kynfer\u00f0islegri \u00e1reitni e\u00f0a ofbeldi er \u00e1tt vi\u00f0 hvers kyns kynfer\u00f0islega heg\u00f0un sem er \u00ed \u00f3\u00fe\u00f6kk \u00feess einstaklings sem fyrir henni ver\u00f0ur og hefur \u00feann tilgang e\u00f0a \u00feau \u00e1hrif a\u00f0 misbj\u00f3\u00f0a vir\u00f0ingu vi\u00f0komandi, einkum \u00feegar heg\u00f0unin lei\u00f0ir til \u00f3gnandi, fjandsamlegra e\u00f0a ni\u00f0url\u00e6gjandi a\u00f0st\u00e6\u00f0na, svo og \u00feegar heg\u00f0unin felur \u00ed s\u00e9r brot gegn kynfrelsi einstaklings sem l\u00fdst eru refsiver\u00f0 \u00ed XXII. kafla almennra hegningarlaga.<\/div><div>Me\u00f0 hugtakinu starfsf\u00f3lk og stj\u00f3rnendur er \u00e1tt vi\u00f0 \u00f6ll \u00feau sem starfa \u00e1 vegum Bandalagsins e\u00f0a einstakra a\u00f0ildarf\u00e9laga, hvort sem \u00feau eru skipu\u00f0 til starfans, eru \u00ed beinu r\u00e1\u00f0ningarsambandi e\u00f0a eru verktakar.<\/div><div>Me\u00f0 hugtakinu \u00fe\u00e1tttakendur er \u00e1tt vi\u00f0 \u00f6ll \u00feau sem taka \u00fe\u00e1tt \u00ed starfi \u00e1 vegum Bandalagsins e\u00f0a a\u00f0ildarf\u00e9laga, t.d. \u00fe\u00e1tttakendur \u00e1 fundum, n\u00e1mskei\u00f0um, skemmtunum og \u00ed einstaka leiks\u00fdningum.<\/div><div>\u00a0<\/div><div><strong>3. gr.<\/strong><\/div><div><strong>Vi\u00f0br\u00f6g\u00f0 Bandalagsins<\/strong><\/div><div>Almennt leitast Bandalagi\u00f0 vi\u00f0 a\u00f0 beita forv\u00f6rnum og fr\u00e6\u00f0slu til a\u00f0 koma \u00ed veg fyrir brot \u00ed starfsemi sinni.<\/div><div>Hver s\u00e1 einstaklingur sem vill bera fram kv\u00f6rtun vegna brots sem vi\u00f0komandi telur sig ver\u00f0a e\u00f0a hafa or\u00f0i\u00f0 fyrir \u00ed starfsemi \u00e1 vegum Bandalagsins getur sn\u00fai\u00f0 s\u00e9r til framkv\u00e6mdastj\u00f3ra og\/e\u00f0a formanns stj\u00f3rnar Bandalagsins. Hi\u00f0 sama \u00e1 vi\u00f0 ef einstaklingur telur alvarlega h\u00e6ttu \u00e1 a\u00f0 brot ver\u00f0i frami\u00f0 \u00ed leiklistarstarfi \u00e1 vegum Bandalagsins, t.d. vegna uppl\u00fdsinga um \u00f6nnur alvarleg brot \u00feess sem tekur \u00fe\u00e1tt \u00ed umr\u00e6ddri starfsemi.<\/div><div>Framkv\u00e6mdastj\u00f3ri og forma\u00f0ur stj\u00f3rnar taka vi\u00f0 og kanna kvartanir vegna brots. \u00deau geta leita\u00f0 til einstaklings sem hefur fag\u00feekkingu og reynslu af me\u00f0fer\u00f0 m\u00e1la af \u00feessu tagi ef \u00fe\u00f6rf krefur. Kanna skal m\u00e1li\u00f0 eftir \u00fev\u00ed sem unnt er, me\u00f0al annars me\u00f0 \u00fev\u00ed a\u00f0 afla gagna, r\u00e6\u00f0a vi\u00f0 \u00fe\u00e1 sem hlut eiga a\u00f0 m\u00e1li og eftir atvikum a\u00f0ra sem varpa\u00f0 geta lj\u00f3si \u00e1 m\u00e1li\u00f0. \u00d3ski vi\u00f0komandi eftir a\u00f0 k\u00e6ra m\u00e1l til l\u00f6greglu skal veita a\u00f0sto\u00f0 vi\u00f0 \u00fea\u00f0 eftir f\u00f6ngum svo og a\u00f0 lei\u00f0beina brota\u00feola um a\u00f0 leita s\u00e9r faglegrar a\u00f0sto\u00f0ar eftir \u00fev\u00ed sem vi\u00f0 \u00e1. Ef brot beinist gegn barni ber tafarlaust a\u00f0 tilkynna \u00fea\u00f0 til barnaverndaryfirvalda \u00ed samr\u00e6mi vi\u00f0 \u00e1kv\u00e6\u00f0i barnaverndarlaga.<\/div><div>\u00deegar m\u00e1l hefur veri\u00f0 kanna\u00f0 eins og unnt er taka framkv\u00e6mdastj\u00f3ri og forma\u00f0ur stj\u00f3rnar \u00e1kv\u00f6r\u00f0un um hvort og \u00fe\u00e1 hva\u00f0a \u00farr\u00e6\u00f0a r\u00e9ttast er a\u00f0 gr\u00edpa til. Reyna skal a\u00f0 n\u00e1 s\u00e1tt um ni\u00f0urst\u00f6\u00f0ur eftir \u00fev\u00ed sem vi\u00f0. \u00darr\u00e6\u00f0i mi\u00f0ast a\u00f0 \u00f6\u00f0ru leyti vi\u00f0 \u00fe\u00e6r uppl\u00fdsingar sem fyrir liggja, alvarleika m\u00e1lsatvika og a\u00f0st\u00e6\u00f0ur a\u00f0 \u00f6\u00f0ru leyti.<\/div><div>Me\u00f0al \u00farr\u00e6\u00f0a er heimild til a\u00f0 \u00fatiloka einstakling fr\u00e1 starfsemi \u00e1 vegum Bandalagsins a\u00f0 \u00f6llu leyti, e\u00f0a fr\u00e1 tiltekinni starfsemi, ef tali\u00f0 er a\u00f0 \u00fe\u00e1tttaka vi\u00f0komandi, me\u00f0 hli\u00f0sj\u00f3n af e\u00f0li og alvarleika brots, \u00f3gni heilsu e\u00f0a \u00f6ryggi brota\u00feola e\u00f0a heilsu e\u00f0a \u00f6ryggi annarra. Ef brot er ekki tali\u00f0 \u00f3gna heilsu e\u00f0a \u00f6ryggi annarra er heimilt a\u00f0 bj\u00f3\u00f0a brota\u00feola forgang a\u00f0 tilteknum \u00fe\u00e1ttum starfseminnar, svo sem a\u00f0 s\u00e6kja fundi og n\u00e1mskei\u00f0, og \u00fatiloka \u00feann sem kv\u00f6rtun beinist a\u00f0 fr\u00e1 \u00feeim vi\u00f0bur\u00f0um sem brota\u00feoli velur a\u00f0 s\u00e6kja hverju sinni.<\/div><div>\u00d6llum \u00feeim sem a\u00f0 m\u00e1lum koma er skylt a\u00f0 g\u00e6ta \u00feagm\u00e6lsku um \u00feau m\u00e1l sem unni\u00f0 er me\u00f0 og r\u00edk \u00e1hersla er l\u00f6g\u00f0 \u00e1 vernd og \u00f6ryggi pers\u00f3nuuppl\u00fdsinga, \u00ed samr\u00e6mi vi\u00f0 gildandi l\u00f6g og reglur um pers\u00f3nuvernd og vinnslu pers\u00f3nuuppl\u00fdsinga.<\/div><div>\u00a0<\/div><div><strong>4. gr.<\/strong><\/div><div><strong>Vi\u00f0br\u00f6g\u00f0 a\u00f0ildarf\u00e9laga<\/strong><\/div><div>Bandalagi\u00f0 hvetur \u00f6ll a\u00f0ildarf\u00e9l\u00f6g s\u00edn til a\u00f0 marka stefnu um hvernig koma megi \u00ed veg fyrir brot og setja s\u00e9r verklagsreglur um vi\u00f0br\u00f6g\u00f0 vi\u00f0 brotum sem falla a\u00f0 starfsemi hvers og eins f\u00e9lags.<\/div><div>\u00cd verklagsreglum komi a\u00f0 l\u00e1gmarki fram hvert megi sn\u00faa s\u00e9r me\u00f0 kv\u00f6rtun vegna brots og hver ver\u00f0i frekari vi\u00f0br\u00f6g\u00f0.<\/div><div>A\u00f0ildarf\u00e9lag skal leitast vi\u00f0 a\u00f0 kynna verklagsreglur s\u00ednar me\u00f0 skilvirkum h\u00e6tti fyrir \u00f6llum \u00feeim sem taka \u00fe\u00e1tt \u00ed starfsemi \u00e1 vegum f\u00e9lagsins.<\/div><div>\u00a0<\/div><div><strong>5. gr.<\/strong><\/div><div><strong>Gildistaka<\/strong><\/div><div>Verklagsreglur \u00feessar \u00f6\u00f0last gildi vi\u00f0 sta\u00f0festingu \u00e1 a\u00f0alfundi Bandalagsins.<\/div><div>\u00a0<\/div><div>------------------------<\/div><div>Tilkynningar:<\/div><div>Hver s\u00e1 einstaklingur sem telur sig hafa or\u00f0i\u00f0 fyrir \u00e1reitni e\u00f0a ofbeldi \u00ed starfi \u00e1 vegum B\u00cdL er hvattur til a\u00f0 tilkynna um atvik til <a href=\"https:\/\/leiklist.is\/stjorn\/\">formanns e\u00f0a framkv\u00e6mdastj\u00f3ra B\u00cdL<\/a>.<\/div>","_et_gb_content_width":"","footnotes":""},"class_list":["post-34856","page","type-page","status-publish","hentry"],"_links":{"self":[{"href":"https:\/\/leiklist.is\/en\/wp-json\/wp\/v2\/pages\/34856","targetHints":{"allow":["GET"]}}],"collection":[{"href":"https:\/\/leiklist.is\/en\/wp-json\/wp\/v2\/pages"}],"about":[{"href":"https:\/\/leiklist.is\/en\/wp-json\/wp\/v2\/types\/page"}],"author":[{"embeddable":true,"href":"https:\/\/leiklist.is\/en\/wp-json\/wp\/v2\/users\/3"}],"replies":[{"embeddable":true,"href":"https:\/\/leiklist.is\/en\/wp-json\/wp\/v2\/comments?post=34856"}],"version-history":[{"count":0,"href":"https:\/\/leiklist.is\/en\/wp-json\/wp\/v2\/pages\/34856\/revisions"}],"wp:attachment":[{"href":"https:\/\/leiklist.is\/en\/wp-json\/wp\/v2\/media?parent=34856"}],"curies":[{"name":"wp","href":"https:\/\/api.w.org\/{rel}","templated":true}]}}