{"id":33886,"date":"2020-03-17T22:51:45","date_gmt":"2020-03-17T22:51:45","guid":{"rendered":"https:\/\/leiklist.is\/?page_id=33886"},"modified":"2020-03-17T22:52:43","modified_gmt":"2020-03-17T22:52:43","slug":"skolanefndarsidan","status":"publish","type":"page","link":"https:\/\/leiklist.is\/en\/skolanefndarsidan\/","title":{"rendered":"Sk\u00f3lanefndars\u00ed\u00f0an"},"content":{"rendered":"<p><img loading=\"lazy\" decoding=\"async\" class=\"alignright  wp-image-21144\" src=\"https:\/\/leiklist.is\/wp-content\/uploads\/2020\/03\/skolalogo_colour60small-274x300.jpg\" alt=\"\" width=\"201\" height=\"220\" srcset=\"https:\/\/leiklist.is\/wp-content\/uploads\/2020\/03\/skolalogo_colour60small-274x300.jpg 274w, https:\/\/leiklist.is\/wp-content\/uploads\/2020\/03\/skolalogo_colour60small.jpg 377w\" sizes=\"auto, (max-width: 201px) 100vw, 201px\" \/><a href=\"https:\/\/leiklist.is\/en\/frm_display\/fundargerdir-skolanefndar\/\">Fundarger\u00f0ir sk\u00f3lanefndar<\/a><\/p>\n<p><a href=\"https:\/\/leiklist.is\/en\/fundagerd-skolanefndar\/\">N\u00fd fundarger\u00f0<\/a><\/p>\n<p>&nbsp;<\/p>","protected":false},"excerpt":{"rendered":"<p>Fundarger\u00f0ir sk\u00f3lanefndar N\u00fd fundarger\u00f0 &nbsp;<\/p>","protected":false},"author":3,"featured_media":0,"parent":0,"menu_order":0,"comment_status":"closed","ping_status":"closed","template":"","meta":{"_et_pb_use_builder":"","_et_pb_old_content":"","_et_gb_content_width":"","footnotes":""},"class_list":["post-33886","page","type-page","status-publish","hentry"],"_links":{"self":[{"href":"https:\/\/leiklist.is\/en\/wp-json\/wp\/v2\/pages\/33886","targetHints":{"allow":["GET"]}}],"collection":[{"href":"https:\/\/leiklist.is\/en\/wp-json\/wp\/v2\/pages"}],"about":[{"href":"https:\/\/leiklist.is\/en\/wp-json\/wp\/v2\/types\/page"}],"author":[{"embeddable":true,"href":"https:\/\/leiklist.is\/en\/wp-json\/wp\/v2\/users\/3"}],"replies":[{"embeddable":true,"href":"https:\/\/leiklist.is\/en\/wp-json\/wp\/v2\/comments?post=33886"}],"version-history":[{"count":0,"href":"https:\/\/leiklist.is\/en\/wp-json\/wp\/v2\/pages\/33886\/revisions"}],"wp:attachment":[{"href":"https:\/\/leiklist.is\/en\/wp-json\/wp\/v2\/media?parent=33886"}],"curies":[{"name":"wp","href":"https:\/\/api.w.org\/{rel}","templated":true}]}}