{"id":3,"date":"2020-02-04T14:52:46","date_gmt":"2020-02-04T14:52:46","guid":{"rendered":"http:\/\/leiklist.websitetest.site\/?page_id=3"},"modified":"2020-03-26T09:09:54","modified_gmt":"2020-03-26T09:09:54","slug":"personuverndarstefna-bil","status":"publish","type":"page","link":"https:\/\/leiklist.is\/en\/personuverndarstefna-bil\/","title":{"rendered":"Pers\u00f3nuverndarstefna B\u00cdL"},"content":{"rendered":"[et_pb_section bb_built=&#8220;1&#8243; _builder_version=&#8220;3.22&#8243;][et_pb_row _builder_version=&#8220;3.25&#8243; background_size=&#8220;initial&#8220; background_position=&#8220;top_left&#8220; background_repeat=&#8220;repeat&#8220;][et_pb_column type=&#8220;4_4&#8243; _builder_version=&#8220;3.25&#8243; custom_padding=&#8220;|||&#8220; custom_padding__hover=&#8220;|||&#8220;][et_pb_text _builder_version=&#8220;4.4.1&#8243; background_size=&#8220;initial&#8220; background_position=&#8220;top_left&#8220; background_repeat=&#8220;repeat&#8220; hover_enabled=&#8220;0&#8243; background_color=&#8220;#f9f9f9&#8243; text_text_shadow_horizontal_length=&#8220;text_text_shadow_style,%91object Object%93&#8243; text_text_shadow_horizontal_length_tablet=&#8220;0px&#8220; text_text_shadow_vertical_length=&#8220;text_text_shadow_style,%91object Object%93&#8243; text_text_shadow_vertical_length_tablet=&#8220;0px&#8220; text_text_shadow_blur_strength=&#8220;text_text_shadow_style,%91object Object%93&#8243; text_text_shadow_blur_strength_tablet=&#8220;1px&#8220; link_text_shadow_horizontal_length=&#8220;link_text_shadow_style,%91object Object%93&#8243; link_text_shadow_horizontal_length_tablet=&#8220;0px&#8220; link_text_shadow_vertical_length=&#8220;link_text_shadow_style,%91object Object%93&#8243; link_text_shadow_vertical_length_tablet=&#8220;0px&#8220; link_text_shadow_blur_strength=&#8220;link_text_shadow_style,%91object Object%93&#8243; link_text_shadow_blur_strength_tablet=&#8220;1px&#8220; ul_text_shadow_horizontal_length=&#8220;ul_text_shadow_style,%91object Object%93&#8243; ul_text_shadow_horizontal_length_tablet=&#8220;0px&#8220; ul_text_shadow_vertical_length=&#8220;ul_text_shadow_style,%91object Object%93&#8243; ul_text_shadow_vertical_length_tablet=&#8220;0px&#8220; ul_text_shadow_blur_strength=&#8220;ul_text_shadow_style,%91object Object%93&#8243; ul_text_shadow_blur_strength_tablet=&#8220;1px&#8220; ol_text_shadow_horizontal_length=&#8220;ol_text_shadow_style,%91object Object%93&#8243; ol_text_shadow_horizontal_length_tablet=&#8220;0px&#8220; ol_text_shadow_vertical_length=&#8220;ol_text_shadow_style,%91object Object%93&#8243; ol_text_shadow_vertical_length_tablet=&#8220;0px&#8220; ol_text_shadow_blur_strength=&#8220;ol_text_shadow_style,%91object Object%93&#8243; ol_text_shadow_blur_strength_tablet=&#8220;1px&#8220; quote_text_shadow_horizontal_length=&#8220;quote_text_shadow_style,%91object Object%93&#8243; quote_text_shadow_horizontal_length_tablet=&#8220;0px&#8220; quote_text_shadow_vertical_length=&#8220;quote_text_shadow_style,%91object Object%93&#8243; quote_text_shadow_vertical_length_tablet=&#8220;0px&#8220; quote_text_shadow_blur_strength=&#8220;quote_text_shadow_style,%91object Object%93&#8243; quote_text_shadow_blur_strength_tablet=&#8220;1px&#8220; header_text_shadow_horizontal_length=&#8220;header_text_shadow_style,%91object Object%93&#8243; header_text_shadow_horizontal_length_tablet=&#8220;0px&#8220; header_text_shadow_vertical_length=&#8220;header_text_shadow_style,%91object Object%93&#8243; header_text_shadow_vertical_length_tablet=&#8220;0px&#8220; header_text_shadow_blur_strength=&#8220;header_text_shadow_style,%91object Object%93&#8243; header_text_shadow_blur_strength_tablet=&#8220;1px&#8220; header_2_text_shadow_horizontal_length=&#8220;header_2_text_shadow_style,%91object Object%93&#8243; header_2_text_shadow_horizontal_length_tablet=&#8220;0px&#8220; header_2_text_shadow_vertical_length=&#8220;header_2_text_shadow_style,%91object Object%93&#8243; header_2_text_shadow_vertical_length_tablet=&#8220;0px&#8220; header_2_text_shadow_blur_strength=&#8220;header_2_text_shadow_style,%91object Object%93&#8243; header_2_text_shadow_blur_strength_tablet=&#8220;1px&#8220; header_3_text_shadow_horizontal_length=&#8220;header_3_text_shadow_style,%91object Object%93&#8243; header_3_text_shadow_horizontal_length_tablet=&#8220;0px&#8220; header_3_text_shadow_vertical_length=&#8220;header_3_text_shadow_style,%91object Object%93&#8243; header_3_text_shadow_vertical_length_tablet=&#8220;0px&#8220; header_3_text_shadow_blur_strength=&#8220;header_3_text_shadow_style,%91object Object%93&#8243; header_3_text_shadow_blur_strength_tablet=&#8220;1px&#8220; header_4_text_shadow_horizontal_length=&#8220;header_4_text_shadow_style,%91object Object%93&#8243; header_4_text_shadow_horizontal_length_tablet=&#8220;0px&#8220; header_4_text_shadow_vertical_length=&#8220;header_4_text_shadow_style,%91object Object%93&#8243; header_4_text_shadow_vertical_length_tablet=&#8220;0px&#8220; header_4_text_shadow_blur_strength=&#8220;header_4_text_shadow_style,%91object Object%93&#8243; header_4_text_shadow_blur_strength_tablet=&#8220;1px&#8220; header_5_text_shadow_horizontal_length=&#8220;header_5_text_shadow_style,%91object Object%93&#8243; header_5_text_shadow_horizontal_length_tablet=&#8220;0px&#8220; header_5_text_shadow_vertical_length=&#8220;header_5_text_shadow_style,%91object Object%93&#8243; header_5_text_shadow_vertical_length_tablet=&#8220;0px&#8220; header_5_text_shadow_blur_strength=&#8220;header_5_text_shadow_style,%91object Object%93&#8243; header_5_text_shadow_blur_strength_tablet=&#8220;1px&#8220; header_6_text_shadow_horizontal_length=&#8220;header_6_text_shadow_style,%91object Object%93&#8243; header_6_text_shadow_horizontal_length_tablet=&#8220;0px&#8220; header_6_text_shadow_vertical_length=&#8220;header_6_text_shadow_style,%91object Object%93&#8243; header_6_text_shadow_vertical_length_tablet=&#8220;0px&#8220; header_6_text_shadow_blur_strength=&#8220;header_6_text_shadow_style,%91object Object%93&#8243; header_6_text_shadow_blur_strength_tablet=&#8220;1px&#8220; box_shadow_horizontal_tablet=&#8220;0px&#8220; box_shadow_vertical_tablet=&#8220;0px&#8220; box_shadow_blur_tablet=&#8220;40px&#8220; box_shadow_spread_tablet=&#8220;0px&#8220; vertical_offset_tablet=&#8220;0&#8243; horizontal_offset_tablet=&#8220;0&#8243; z_index_tablet=&#8220;0&#8243;]\r\n\r\n<p><em><strong><img loading=\"lazy\" decoding=\"async\" class=\"alignright size-full wp-image-14992\" src=\"https:\/\/leiklist.is\/wp-content\/uploads\/2020\/02\/BIL-logo.png\" alt=\"\" width=\"200\" height=\"150\" \/>PERS\u00d3NUVERNDARSTEFNA Leiklistarvefsins (Bandalags \u00edslenskra leikf\u00e9laga)<\/strong><\/em><\/p><p>Pers\u00f3nuverndarstefna Bandalags \u00edslenskra leikf\u00e9laga gildir um allar \u00fe\u00e6r pers\u00f3nugreinanlegu uppl\u00fdsingar sem vi\u00f0 kunnum a\u00f0 safna gegnum Leiklistarvefinn e\u00f0a me\u00f0 \u00f6\u00f0rum rafr\u00e6num samskiptum.<\/p><p>Pers\u00f3nuverndarstefna Bandalags \u00edslenskra leikf\u00e9laga, kt. 440169-0239 hl\u00edtir\u00a0<a href=\"https:\/\/www.althingi.is\/altext\/148\/s\/1296.html\">l\u00f6gum nr. 90\/2018<\/a>\u00a0um pers\u00f3nuvernd og me\u00f0fer\u00f0 pers\u00f3nuuppl\u00fdsinga. L\u00f6g um pers\u00f3nuvernd og vinnslu pers\u00f3nuuppl\u00fdsinga n\u00e1 ekki til l\u00f6ga\u00f0ila.<br \/>Bandalag \u00edslenskra leikf\u00e9laga hefur pers\u00f3nuvernd og \u00f6ryggi a\u00f0 lei\u00f0arlj\u00f3si \u00ed allri me\u00f0fer\u00f0 uppl\u00fdsinga um vi\u00f0skiptavini s\u00edna og ber \u00e1byrg\u00f0 \u00e1 \u00feeim g\u00f6gnum sem fyrirt\u00e6ki\u00f0 safnar.<br \/>Bandalag \u00edslenskra leikf\u00e9laga mun aldrei selja n\u00e9 deila pers\u00f3nugreinanlegum uppl\u00fdsingum um vi\u00f0skiptavini s\u00edna til \u00feri\u00f0ja a\u00f0ila.<\/p><p>Bandalag \u00edslenskra leikf\u00e9laga leitast vi\u00f0 a\u00f0 takmarka vinnslu pers\u00f3nugreinanlegra uppl\u00fdsinga og safnar ekki \u00f3nau\u00f0synlegum uppl\u00fdsingum um vi\u00f0skiptavini s\u00edna n\u00e9 starfsmenn. Gildir \u00fea\u00f0 um heims\u00f3knir \u00e1 vef Bandalags \u00edslenskra leikf\u00e9laga og \u00f6nnur rafr\u00e6n samskipti.<\/p><p>\u00de\u00fa getur lesi\u00f0 \u00fe\u00e9r til um grundvallarhugt\u00f6k laganna \u00e1\u00a0<a href=\"https:\/\/www.personuvernd.is\/\">vef Pers\u00f3nuverndar<\/a>.<\/p><p>HVERNIG SAFNAR Bandalag \u00edslenskra leikf\u00e9laga UPPL\u00ddSINGUM UM \u00deIG?<br \/>\u00deegar \u00fe\u00fa n\u00fdtir \u00fe\u00e9r vef Bandalags \u00edslenskra leikf\u00e9laga \u00fe\u00e1 \u00fearft \u00fe\u00fa a\u00f0 gefa upp tilteknar uppl\u00fdsingar um \u00feig og einnig ver\u00f0a til uppl\u00fdsingar um heims\u00f3kn \u00fe\u00edna.<br \/>D\u00e6mi um uppl\u00fdsingar sem \u00fe\u00fa gefur upp eru nafn, kennitala heimilisfang, netfang, grei\u00f0sluuppl\u00fdsingar og grei\u00f0slukortauppl\u00fdsingar*.<br \/>D\u00e6mi um uppl\u00fdsingar sem ver\u00f0a til vi\u00f0 heims\u00f3kn \u00fe\u00edna eru pers\u00f3nugreinanlegar uppl\u00fdsingar \u00e1 bor\u00f0 vi\u00f0 nafn, kennitala, netfang og s\u00edman\u00famer. Landfr\u00e6\u00f0ilegar uppl\u00fdsingar (hvar \u00fe\u00fa ert st\u00f6dd\/staddur), tungum\u00e1lastillingar, vafrastillingar og IP tala.<br \/>\u00c1n \u00feessara uppl\u00fdsinga getur Bandalag \u00edslenskra leikf\u00e9laga ekki uppfyllt \u00f3skir \u00fe\u00ednar um vi\u00f0skipti og \u00fej\u00f3nustu.<\/p><p>HVA\u00d0 NOTAR Bandalag \u00edslenskra leikf\u00e9laga TIL A\u00d0 SAFNA UPPL\u00ddSINGUM?<br \/>Vefur Bandalags \u00edslenskra leikf\u00e9laga er \u00ed WordPress vefumsj\u00f3narkerfinu.<br \/>Bandalag \u00edslenskra leikf\u00e9laga notar p\u00f3stforriti\u00f0 Mailchimp til a\u00f0 senda \u00e1skrifendum \u00e1 postlista fr\u00e9ttir og uppl\u00fdsingar.<br \/>Leiklistarvefurinn notar vafrak\u00f6kur (e. cookies) og \u00feegar \u00fe\u00fa smellir \u00e1 \u201e\u00c9g sam\u00feykki\u201c ertu a\u00f0 leyfa okkur a\u00f0 nota vafrak\u00f6kur.<\/p><p>SKILM\u00c1LAR VAFRAKAKA<\/p><p>Vafrak\u00f6kur eru litlar textaskr\u00e1r, nokkurs konar f\u00f3tspor sem vistast \u00ed t\u00f6lvu notandans. \u00de\u00e6r eru nota\u00f0ar til a\u00f0 bera kennsl \u00e1 notendur sem hafa komi\u00f0 \u00e1\u00f0ur \u00e1 vefinn og sn\u00ed\u00f0a leit og \u00fej\u00f3nustu til samr\u00e6mis vi\u00f0 au\u00f0kenninguna \u00e1samt \u00fev\u00ed a\u00f0 greina heims\u00f3knir \u00e1 vefs\u00ed\u00f0una.<br \/>A\u00f0rar vefs\u00ed\u00f0ur eiga ekki a\u00f0 geta lesi\u00f0 uppl\u00fdsingarnar sem eru geymdar \u00ed textaskr\u00e1nni. Me\u00f0 notkun kaka \u00f6flum vi\u00f0 vitneskju um notkun \u00e1 vefnum og hva\u00f0a efni notendur sko\u00f0a og getum \u00fev\u00ed a\u00f0laga\u00f0 vefinn betur a\u00f0 \u00fe\u00f6rfum \u00feeirra.<\/p><p>Me\u00f0 \u00fev\u00ed a\u00f0 sam\u00feykkja skilm\u00e1la um notkun \u00e1 k\u00f6kum er okkur m.a. veitt heimild til \u00feess a\u00f0 safna og greina uppl\u00fdsingar eins og t.d.:<br \/>Fj\u00f6ldi gesta og fj\u00f6ldi innlita fr\u00e1 gestum<br \/>Lengd innlita gesta<br \/>Hva\u00f0a s\u00ed\u00f0ur innan vefsins eru sko\u00f0a\u00f0ar og hversu oft<br \/>Hva\u00f0a st\u00fdrikerfi og vafrar eru notu\u00f0 til a\u00f0 sko\u00f0a vefinn<br \/>Hva\u00f0a leitaror\u00f0 af leitarv\u00e9lum v\u00edsa \u00e1 vefinn<br \/>Hva\u00f0a vefsv\u00e6\u00f0i v\u00edsa\u00f0i notanda \u00e1 vefinn<br \/>Hven\u00e6r dagsins vefurinn er sko\u00f0a\u00f0ur<br \/>Allar uppl\u00fdsingar sem k\u00f6kurnar gefa okkur eru nafnlausar og eru engar pers\u00f3nulegar uppl\u00fdsingar vista\u00f0ar. Engum uppl\u00fdsingum er deilt me\u00f0 \u00feri\u00f0ja a\u00f0ila.<br \/>\u00cd flestum v\u00f6frum er h\u00e6gt a\u00f0 breyta \u00f6ryggisstillingum svo a\u00f0 \u00feeir taki ekki \u00e1 m\u00f3ti k\u00f6kum. Einnig \u00e1 a\u00f0 vera h\u00e6gt a\u00f0 ey\u00f0a \u00feeim. N\u00e1nari uppl\u00fdsingar um hvernig \u00fea\u00f0 er gert m\u00e1 finna \u00ed stillingum flestra vafra.<\/p><p>R\u00c9TTUR \u00deINN<br \/>\u00de\u00fa \u00e1tt r\u00e9tt \u00e1 a\u00f0 f\u00e1 a\u00f0gang a\u00f0 \u00feeim pers\u00f3nuuppl\u00fdsingum sem vi\u00f0 kunnum a\u00f0 hafa um \u00feig. \u00de\u00fa getur l\u00edka \u00ed sumum tilvikum \u00e1tt r\u00e9tt \u00e1 a\u00f0 uppl\u00fdsingar ver\u00f0i lei\u00f0r\u00e9ttar e\u00f0a \u00feeim eytt.<br \/>Ef \u00fe\u00fa vilt f\u00e1 uppl\u00fdsingar um pers\u00f3nugreinanlegar uppl\u00fdsingar sem vi\u00f0 kunnum a\u00f0 hafa um \u00feig getur sent okkur t\u00f6lvup\u00f3st \u00e1\u00a0<a href=\"mailto:info@leiklist.is\">info@leiklist.is<\/a><\/p><p><\/p>\r\n\r\n[\/et_pb_text][\/et_pb_column][\/et_pb_row][\/et_pb_section]<!-- \/wp:post-content -->","protected":false},"excerpt":{"rendered":"<p>PERS\u00d3NUVERNDARSTEFNA Leiklistarvefsins (Bandalags \u00edslenskra leikf\u00e9laga)Pers\u00f3nuverndarstefna Bandalags \u00edslenskra leikf\u00e9laga gildir um allar \u00fe\u00e6r pers\u00f3nugreinanlegu uppl\u00fdsingar sem vi\u00f0 kunnum a\u00f0 safna gegnum Leiklistarvefinn e\u00f0a me\u00f0 \u00f6\u00f0rum rafr\u00e6num samskiptum.Pers\u00f3nuverndarstefna Bandalags \u00edslenskra leikf\u00e9laga, kt. 440169-0239 hl\u00edtir\u00a0l\u00f6gum nr. 90\/2018\u00a0um pers\u00f3nuvernd og me\u00f0fer\u00f0 pers\u00f3nuuppl\u00fdsinga. L\u00f6g um pers\u00f3nuvernd og vinnslu pers\u00f3nuuppl\u00fdsinga n\u00e1 ekki til l\u00f6ga\u00f0ila.Bandalag \u00edslenskra leikf\u00e9laga hefur pers\u00f3nuvernd og \u00f6ryggi a\u00f0 [&hellip;]<\/p>\n","protected":false},"author":3,"featured_media":0,"parent":0,"menu_order":0,"comment_status":"closed","ping_status":"open","template":"","meta":{"_et_pb_use_builder":"on","_et_pb_old_content":"<!-- wp:heading -->\r\n<p>PERS\u00d3NUVERNDARSTEFNA Leiklistarvefsins (Bandalags \u00edslenskra leikf\u00e9laga)<\/p>\r\n<p>Pers\u00f3nuverndarstefna Bandalags \u00edslenskra leikf\u00e9laga gildir um allar \u00fe\u00e6r pers\u00f3nugreinanlegar uppl\u00fdsingar sem vi\u00f0 kunnum a\u00f0 safna gegnum Leiklistarvefinn e\u00f0a me\u00f0 \u00f6\u00f0rum rafr\u00e6num samskiptum.<\/p>\r\n<p>Pers\u00f3nuverndarstefna Bandalags \u00edslenskra leikf\u00e9laga, kt. 440169-0239 hl\u00edtir\u00a0<a href=\"https:\/\/www.althingi.is\/altext\/148\/s\/1296.html\">l\u00f6gum nr. 90\/2018<\/a>\u00a0um pers\u00f3nuvernd og me\u00f0fer\u00f0 pers\u00f3nuuppl\u00fdsinga. L\u00f6g um pers\u00f3nuvernd og vinnslu pers\u00f3nuuppl\u00fdsinga n\u00e1 ekki til l\u00f6ga\u00f0ila.<br \/>Bandalag \u00edslenskra leikf\u00e9laga hefur pers\u00f3nuvernd og \u00f6ryggi a\u00f0 lei\u00f0arlj\u00f3si \u00ed allri me\u00f0fer\u00f0 uppl\u00fdsinga um vi\u00f0skiptavini s\u00edna og ber \u00e1byrg\u00f0 \u00e1 \u00feeim g\u00f6gnum sem fyrirt\u00e6ki\u00f0 safnar.<br \/>Bandalag \u00edslenskra leikf\u00e9laga mun aldrei selja n\u00e9 deila pers\u00f3nugreinanlegum uppl\u00fdsingum um vi\u00f0skiptavini s\u00edna til \u00feri\u00f0ja a\u00f0ila.<\/p>\r\n<p>Bandalag \u00edslenskra leikf\u00e9laga leitast vi\u00f0 a\u00f0 takmarka vinnslu pers\u00f3nugreinanlegra uppl\u00fdsinga og safnar ekki \u00f3nau\u00f0synlegum uppl\u00fdsingum um vi\u00f0skiptavini s\u00edna n\u00e9 starfsmenn. Gildir \u00fea\u00f0 um heims\u00f3knir \u00e1 vef Bandalags \u00edslenskra leikf\u00e9laga og \u00f6nnur rafr\u00e6n samskipti.<\/p>\r\n<p>\u00de\u00fa getur lesi\u00f0 \u00fe\u00e9r til um grundvallarhugt\u00f6k laganna \u00e1\u00a0<a href=\"https:\/\/www.personuvernd.is\/\">vef Pers\u00f3nuverndar<\/a>.<\/p>\r\n<p>HVERNIG SAFNAR Bandalag \u00edslenskra leikf\u00e9laga UPPL\u00ddSINGUM UM \u00deIG?<br \/>\u00deegar \u00fe\u00fa n\u00fdtir \u00fe\u00e9r vef Bandalags \u00edslenskra leikf\u00e9laga \u00fe\u00e1 \u00fearft \u00fe\u00fa a\u00f0 gefa upp tilteknar uppl\u00fdsingar um \u00feig og einnig ver\u00f0a til uppl\u00fdsingar um heims\u00f3kn \u00fe\u00edna.<br \/>D\u00e6mi um uppl\u00fdsingar sem \u00fe\u00fa gefur upp eru nafn, kennitala heimilisfang, netfang, grei\u00f0sluuppl\u00fdsingar og grei\u00f0slukortauppl\u00fdsingar*.<br \/>D\u00e6mi um uppl\u00fdsingar sem ver\u00f0a til vi\u00f0 heims\u00f3kn \u00fe\u00edna eru pers\u00f3nugreinanlegar uppl\u00fdsingar \u00e1 bor\u00f0 vi\u00f0 nafn, kennitala, netfang og s\u00edman\u00famer. Landfr\u00e6\u00f0ilegar uppl\u00fdsingar (hvar \u00fe\u00fa ert st\u00f6dd\/staddur), tungum\u00e1lastillingar, vafrastillingar og IP tala.<br \/>\u00c1n \u00feessara uppl\u00fdsinga getur Bandalag \u00edslenskra leikf\u00e9laga ekki uppfyllt \u00f3skir \u00fe\u00ednar um vi\u00f0skipti og \u00fej\u00f3nustu.<\/p>\r\n<p>HVA\u00d0 NOTAR Bandalag \u00edslenskra leikf\u00e9laga TIL A\u00d0 SAFNA UPPL\u00ddSINGUM?<br \/>Vefur Bandalags \u00edslenskra leikf\u00e9laga er \u00ed WordPress vefumsj\u00f3narkerfinu.<br \/>Bandalag \u00edslenskra leikf\u00e9laga notar p\u00f3stforriti\u00f0 Mailchimp til a\u00f0 senda \u00e1skrifendum \u00e1 postlista fr\u00e9ttir og uppl\u00fdsingar.<br \/>Leiklistarvefurinn notar vafrak\u00f6kur (e. cookies) og \u00feegar \u00fe\u00fa smellir \u00e1 \u201e\u00c9g sam\u00feykki\u201c ertu a\u00f0 leyfa okkur a\u00f0 nota vafrak\u00f6kur.<\/p>\r\n<p>SKILM\u00c1LAR VAFRAKAKA<\/p>\r\n<p>Vafrak\u00f6kur eru litlar textaskr\u00e1r, nokkurs konar f\u00f3tspor sem vistast \u00ed t\u00f6lvu notandans. \u00de\u00e6r eru nota\u00f0ar til a\u00f0 bera kennsl \u00e1 notendur sem hafa komi\u00f0 \u00e1\u00f0ur \u00e1 vefinn og sn\u00ed\u00f0a leit og \u00fej\u00f3nustu til samr\u00e6mis vi\u00f0 au\u00f0kenninguna \u00e1samt \u00fev\u00ed a\u00f0 greina heims\u00f3knir \u00e1 vefs\u00ed\u00f0una.<br \/>A\u00f0rar vefs\u00ed\u00f0ur eiga ekki a\u00f0 geta lesi\u00f0 uppl\u00fdsingarnar sem eru geymdar \u00ed textaskr\u00e1nni. Me\u00f0 notkun kaka \u00f6flum vi\u00f0 vitneskju um notkun \u00e1 vefnum og hva\u00f0a efni notendur sko\u00f0a og getum \u00fev\u00ed a\u00f0laga\u00f0 vefinn betur a\u00f0 \u00fe\u00f6rfum \u00feeirra.<\/p>\r\n<p>Me\u00f0 \u00fev\u00ed a\u00f0 sam\u00feykkja skilm\u00e1la um notkun \u00e1 k\u00f6kum er okkur m.a. veitt heimild til \u00feess a\u00f0 safna og greina uppl\u00fdsingar eins og t.d.:<br \/>Fj\u00f6ldi gesta og fj\u00f6ldi innlita fr\u00e1 gestum<br \/>Lengd innlita gesta<br \/>Hva\u00f0a s\u00ed\u00f0ur innan vefsins eru sko\u00f0a\u00f0ar og hversu oft<br \/>Hva\u00f0a st\u00fdrikerfi og vafrar eru notu\u00f0 til a\u00f0 sko\u00f0a vefinn<br \/>Hva\u00f0a leitaror\u00f0 af leitarv\u00e9lum v\u00edsa \u00e1 vefinn<br \/>Hva\u00f0a vefsv\u00e6\u00f0i v\u00edsa\u00f0i notanda \u00e1 vefinn<br \/>Hven\u00e6r dagsins vefurinn er sko\u00f0a\u00f0ur<br \/>Allar uppl\u00fdsingar sem k\u00f6kurnar gefa okkur eru nafnlausar og eru engar pers\u00f3nulegar uppl\u00fdsingar vista\u00f0ar. Engum uppl\u00fdsingum er deilt me\u00f0 \u00feri\u00f0ja a\u00f0ila.<br \/>\u00cd flestum v\u00f6frum er h\u00e6gt a\u00f0 breyta \u00f6ryggisstillingum svo a\u00f0 \u00feeir taki ekki \u00e1 m\u00f3ti k\u00f6kum. Einnig \u00e1 a\u00f0 vera h\u00e6gt a\u00f0 ey\u00f0a \u00feeim. N\u00e1nari uppl\u00fdsingar um hvernig \u00fea\u00f0 er gert m\u00e1 finna \u00ed stillingum flestra vafra.<\/p>\r\n<p>R\u00c9TTUR \u00deINN<br \/>\u00de\u00fa \u00e1tt r\u00e9tt \u00e1 a\u00f0 f\u00e1 a\u00f0gang a\u00f0 \u00feeim pers\u00f3nuuppl\u00fdsingum sem vi\u00f0 kunnum a\u00f0 hafa um \u00feig. \u00de\u00fa getur l\u00edka \u00ed sumum tilvikum \u00e1tt r\u00e9tt \u00e1 a\u00f0 uppl\u00fdsingar ver\u00f0i lei\u00f0r\u00e9ttar e\u00f0a \u00feeim eytt.<br \/>Ef \u00fe\u00fa vilt f\u00e1 uppl\u00fdsingar um pers\u00f3nugreinanlegar uppl\u00fdsingar sem vi\u00f0 kunnum a\u00f0 hafa um \u00feig getur sent okkur t\u00f6lvup\u00f3st \u00e1\u00a0<a href=\"mailto:info@leiklist.is\">info@leiklist.is<\/a><\/p>\r\n<!-- \/wp:heading -->","_et_gb_content_width":"","footnotes":""},"class_list":["post-3","page","type-page","status-publish","hentry"],"_links":{"self":[{"href":"https:\/\/leiklist.is\/en\/wp-json\/wp\/v2\/pages\/3","targetHints":{"allow":["GET"]}}],"collection":[{"href":"https:\/\/leiklist.is\/en\/wp-json\/wp\/v2\/pages"}],"about":[{"href":"https:\/\/leiklist.is\/en\/wp-json\/wp\/v2\/types\/page"}],"author":[{"embeddable":true,"href":"https:\/\/leiklist.is\/en\/wp-json\/wp\/v2\/users\/3"}],"replies":[{"embeddable":true,"href":"https:\/\/leiklist.is\/en\/wp-json\/wp\/v2\/comments?post=3"}],"version-history":[{"count":0,"href":"https:\/\/leiklist.is\/en\/wp-json\/wp\/v2\/pages\/3\/revisions"}],"wp:attachment":[{"href":"https:\/\/leiklist.is\/en\/wp-json\/wp\/v2\/media?parent=3"}],"curies":[{"name":"wp","href":"https:\/\/api.w.org\/{rel}","templated":true}]}}