{"id":21091,"date":"2020-03-09T16:30:36","date_gmt":"2020-03-09T16:30:36","guid":{"rendered":"https:\/\/leiklist.is\/?page_id=21091"},"modified":"2020-03-12T22:45:48","modified_gmt":"2020-03-12T22:45:48","slug":"fundagerd-skolanefndar","status":"publish","type":"page","link":"https:\/\/leiklist.is\/en\/fundagerd-skolanefndar\/","title":{"rendered":"Fundager\u00f0 sk\u00f3lanefndar"},"content":{"rendered":"<p>[et_pb_section bb_built=&#8220;1&#8243; inner_width=&#8220;auto&#8220; inner_max_width=&#8220;none&#8220;][et_pb_row][et_pb_column type=&#8220;4_4&#8243; custom_padding__hover=&#8220;|||&#8220; custom_padding=&#8220;|||&#8220;][et_pb_text _builder_version=&#8220;4.4.1&#8243; text_text_shadow_horizontal_length=&#8220;text_text_shadow_style,%91object Object%93&#8243; text_text_shadow_horizontal_length_tablet=&#8220;0px&#8220; text_text_shadow_vertical_length=&#8220;text_text_shadow_style,%91object Object%93&#8243; text_text_shadow_vertical_length_tablet=&#8220;0px&#8220; text_text_shadow_blur_strength=&#8220;text_text_shadow_style,%91object Object%93&#8243; text_text_shadow_blur_strength_tablet=&#8220;1px&#8220; link_text_shadow_horizontal_length=&#8220;link_text_shadow_style,%91object Object%93&#8243; link_text_shadow_horizontal_length_tablet=&#8220;0px&#8220; link_text_shadow_vertical_length=&#8220;link_text_shadow_style,%91object Object%93&#8243; link_text_shadow_vertical_length_tablet=&#8220;0px&#8220; link_text_shadow_blur_strength=&#8220;link_text_shadow_style,%91object Object%93&#8243; link_text_shadow_blur_strength_tablet=&#8220;1px&#8220; ul_text_shadow_horizontal_length=&#8220;ul_text_shadow_style,%91object Object%93&#8243; ul_text_shadow_horizontal_length_tablet=&#8220;0px&#8220; ul_text_shadow_vertical_length=&#8220;ul_text_shadow_style,%91object Object%93&#8243; ul_text_shadow_vertical_length_tablet=&#8220;0px&#8220; ul_text_shadow_blur_strength=&#8220;ul_text_shadow_style,%91object Object%93&#8243; ul_text_shadow_blur_strength_tablet=&#8220;1px&#8220; ol_text_shadow_horizontal_length=&#8220;ol_text_shadow_style,%91object Object%93&#8243; ol_text_shadow_horizontal_length_tablet=&#8220;0px&#8220; ol_text_shadow_vertical_length=&#8220;ol_text_shadow_style,%91object Object%93&#8243; ol_text_shadow_vertical_length_tablet=&#8220;0px&#8220; ol_text_shadow_blur_strength=&#8220;ol_text_shadow_style,%91object Object%93&#8243; ol_text_shadow_blur_strength_tablet=&#8220;1px&#8220; quote_text_shadow_horizontal_length=&#8220;quote_text_shadow_style,%91object Object%93&#8243; quote_text_shadow_horizontal_length_tablet=&#8220;0px&#8220; quote_text_shadow_vertical_length=&#8220;quote_text_shadow_style,%91object Object%93&#8243; quote_text_shadow_vertical_length_tablet=&#8220;0px&#8220; quote_text_shadow_blur_strength=&#8220;quote_text_shadow_style,%91object Object%93&#8243; quote_text_shadow_blur_strength_tablet=&#8220;1px&#8220; header_text_shadow_horizontal_length=&#8220;header_text_shadow_style,%91object Object%93&#8243; header_text_shadow_horizontal_length_tablet=&#8220;0px&#8220; header_text_shadow_vertical_length=&#8220;header_text_shadow_style,%91object Object%93&#8243; header_text_shadow_vertical_length_tablet=&#8220;0px&#8220; header_text_shadow_blur_strength=&#8220;header_text_shadow_style,%91object Object%93&#8243; header_text_shadow_blur_strength_tablet=&#8220;1px&#8220; header_2_text_shadow_horizontal_length=&#8220;header_2_text_shadow_style,%91object Object%93&#8243; header_2_text_shadow_horizontal_length_tablet=&#8220;0px&#8220; header_2_text_shadow_vertical_length=&#8220;header_2_text_shadow_style,%91object Object%93&#8243; header_2_text_shadow_vertical_length_tablet=&#8220;0px&#8220; header_2_text_shadow_blur_strength=&#8220;header_2_text_shadow_style,%91object Object%93&#8243; header_2_text_shadow_blur_strength_tablet=&#8220;1px&#8220; header_3_text_shadow_horizontal_length=&#8220;header_3_text_shadow_style,%91object Object%93&#8243; header_3_text_shadow_horizontal_length_tablet=&#8220;0px&#8220; header_3_text_shadow_vertical_length=&#8220;header_3_text_shadow_style,%91object Object%93&#8243; header_3_text_shadow_vertical_length_tablet=&#8220;0px&#8220; header_3_text_shadow_blur_strength=&#8220;header_3_text_shadow_style,%91object Object%93&#8243; header_3_text_shadow_blur_strength_tablet=&#8220;1px&#8220; header_4_text_shadow_horizontal_length=&#8220;header_4_text_shadow_style,%91object Object%93&#8243; header_4_text_shadow_horizontal_length_tablet=&#8220;0px&#8220; header_4_text_shadow_vertical_length=&#8220;header_4_text_shadow_style,%91object Object%93&#8243; header_4_text_shadow_vertical_length_tablet=&#8220;0px&#8220; header_4_text_shadow_blur_strength=&#8220;header_4_text_shadow_style,%91object Object%93&#8243; header_4_text_shadow_blur_strength_tablet=&#8220;1px&#8220; header_5_text_shadow_horizontal_length=&#8220;header_5_text_shadow_style,%91object Object%93&#8243; header_5_text_shadow_horizontal_length_tablet=&#8220;0px&#8220; header_5_text_shadow_vertical_length=&#8220;header_5_text_shadow_style,%91object Object%93&#8243; header_5_text_shadow_vertical_length_tablet=&#8220;0px&#8220; header_5_text_shadow_blur_strength=&#8220;header_5_text_shadow_style,%91object Object%93&#8243; header_5_text_shadow_blur_strength_tablet=&#8220;1px&#8220; header_6_text_shadow_horizontal_length=&#8220;header_6_text_shadow_style,%91object Object%93&#8243; header_6_text_shadow_horizontal_length_tablet=&#8220;0px&#8220; header_6_text_shadow_vertical_length=&#8220;header_6_text_shadow_style,%91object Object%93&#8243; header_6_text_shadow_vertical_length_tablet=&#8220;0px&#8220; header_6_text_shadow_blur_strength=&#8220;header_6_text_shadow_style,%91object Object%93&#8243; header_6_text_shadow_blur_strength_tablet=&#8220;1px&#8220; box_shadow_horizontal_tablet=&#8220;0px&#8220; box_shadow_vertical_tablet=&#8220;0px&#8220; box_shadow_blur_tablet=&#8220;40px&#8220; box_shadow_spread_tablet=&#8220;0px&#8220; vertical_offset_tablet=&#8220;0&#8243; horizontal_offset_tablet=&#8220;0&#8243; z_index_tablet=&#8220;0&#8243;]<\/p>\n<div class=\"frm_forms  with_frm_style frm_style_formidable-style\" id=\"frm_form_18_container\" >\n<form enctype=\"multipart\/form-data\" method=\"post\" class=\"frm-show-form  frm_pro_form \" id=\"form_72v102\" >\n<div class=\"frm_form_fields \">\n<fieldset>\n<legend class=\"frm_hidden\">Fundarger\u00f0 sk\u00f3lanefndar<\/legend>\r\n<h3 class=\"frm_form_title\">Fundarger\u00f0 sk\u00f3lanefndar<\/h3>\r\n<div class=\"frm_fields_container\">\n<input type=\"hidden\" name=\"frm_action\" value=\"create\" \/>\n<input type=\"hidden\" name=\"form_id\" value=\"18\" \/>\n<input type=\"hidden\" name=\"frm_hide_fields_18\" id=\"frm_hide_fields_18\" value=\"\" \/>\n<input type=\"hidden\" name=\"form_key\" value=\"72v102\" \/>\n<input type=\"hidden\" name=\"item_meta[0]\" value=\"\" \/>\n<input type=\"hidden\" id=\"frm_submit_entry_18\" name=\"frm_submit_entry_18\" value=\"893a76fc87\" \/><input type=\"hidden\" name=\"_wp_http_referer\" value=\"\/en\/wp-json\/wp\/v2\/pages\/21091\" \/><div id=\"frm_field_250_container\" class=\"frm_form_field form-field  frm_top_container frm_first frm_third\">\r\n    <label for=\"field_m8l7l2\" class=\"frm_primary_label\">Sta\u00f0ur\r\n        <span class=\"frm_required\"><\/span>\r\n    <\/label>\r\n    <input  type=\"text\" id=\"field_m8l7l2\" name=\"item_meta[250]\" value=\"\"  data-invmsg=\"Sta\u00f0ur is invalid\" aria-invalid=\"false\"   \/>\r\n    \r\n    \r\n<\/div>\n<div id=\"frm_field_251_container\" class=\"frm_form_field form-field  frm_top_container frm_third\">\r\n    <label for=\"field_tx3b12\" class=\"frm_primary_label\">Dagsetning\r\n        <span class=\"frm_required\"><\/span>\r\n    <\/label>\r\n    <input type=\"text\" id=\"field_tx3b12\" name=\"item_meta[251]\" value=\"\"  data-invmsg=\"Dagsetning is invalid\" class=\"frm_date\" aria-invalid=\"false\"  \/>\r\n    \r\n    \r\n<\/div>\n<div id=\"frm_field_252_container\" class=\"frm_form_field form-field  frm_top_container vertical_radio\">\r\n    <label  class=\"frm_primary_label\">Fundarmenn\r\n        <span class=\"frm_required\"><\/span>\r\n    <\/label>\r\n    <div class=\"frm_opt_container\">\t\t<div class=\"frm_checkbox\" id=\"frm_checkbox_252-1\">\t\t\t<label  for=\"field_ek9no2-1\">\n\t\t\t<input type=\"checkbox\" name=\"item_meta[252][]\" id=\"field_ek9no2-1\" value=\"Hrefna Fri\u00f0riksd\u00f3ttir\"  data-invmsg=\"Fundarmenn is invalid\"   \/> Hrefna Fri\u00f0riksd\u00f3ttir<\/label><\/div>\n\t\t<div class=\"frm_checkbox\" id=\"frm_checkbox_252-4\">\t\t\t<label  for=\"field_ek9no2-4\">\n\t\t\t<input type=\"checkbox\" name=\"item_meta[252][]\" id=\"field_ek9no2-4\" value=\"G\u00edsli Bj\u00f6rn Heimisson\"  data-invmsg=\"Fundarmenn is invalid\"   \/> G\u00edsli Bj\u00f6rn Heimisson<\/label><\/div>\n\t\t<div class=\"frm_checkbox\" id=\"frm_checkbox_252-6\">\t\t\t<label  for=\"field_ek9no2-6\">\n\t\t\t<input type=\"checkbox\" name=\"item_meta[252][]\" id=\"field_ek9no2-6\" value=\"H\u00f6r\u00f0ur Sigur\u00f0arson\"  data-invmsg=\"Fundarmenn is invalid\"   \/> H\u00f6r\u00f0ur Sigur\u00f0arson<\/label><\/div>\n\t\t<div class=\"frm_checkbox\" id=\"frm_checkbox_252-7\">\t\t\t<label  for=\"field_ek9no2-7\">\n\t\t\t<input type=\"checkbox\" name=\"item_meta[252][]\" id=\"field_ek9no2-7\" value=\"J\u00f3nhei\u00f0ur \u00cdsleifsd\u00f3ttir\"  data-invmsg=\"Fundarmenn is invalid\"   \/> J\u00f3nhei\u00f0ur \u00cdsleifsd\u00f3ttir<\/label><\/div>\n\t\t<div class=\"frm_checkbox\" id=\"frm_checkbox_252-8\">\t\t\t<label  for=\"field_ek9no2-8\">\n\t\t\t<input type=\"checkbox\" name=\"item_meta[252][]\" id=\"field_ek9no2-8\" value=\"F.Elli Hafli\u00f0ason\"  data-invmsg=\"Fundarmenn is invalid\"   \/> F.Elli Hafli\u00f0ason<\/label><\/div>\n\t\t<div class=\"frm_checkbox\" id=\"frm_checkbox_252-9\">\t\t\t<label  for=\"field_ek9no2-9\">\n\t\t\t<input type=\"checkbox\" name=\"item_meta[252][]\" id=\"field_ek9no2-9\" value=\"Gu\u00f0finna Gunnarsd\u00f3ttir\"  data-invmsg=\"Fundarmenn is invalid\"   \/> Gu\u00f0finna Gunnarsd\u00f3ttir<\/label><\/div>\n<\/div>\r\n    \r\n    \r\n<\/div>\n\t\t<input  type=\"hidden\" name=\"item_meta[253]\" id=\"field_gxb262\" value=\"Fundarger\u00f0 rita\u00f0i: \n\"  data-frmval=\"Fundarger\u00f0 rita\u00f0i: \n\"   \/>\n\t\t<input type=\"hidden\" name=\"item_meta[254]\" id=\"field_pybvb2\" value=\"\" data-frmval=\"\"\/>\n<div id=\"frm_field_1859_container\" class=\"frm_form_field form-field \">\n\t<div class=\"frm_submit\">\r\n\r\n<button class=\"frm_button_submit frm_final_submit\" type=\"submit\"  >Submit<\/button>\r\n\r\n<\/div>\n<\/div>\n\t<input type=\"hidden\" name=\"item_key\" value=\"\" \/>\n\t\t\t<div id=\"frm_field_2377_container\">\n\t\t\t<label for=\"field_gjfiv\" >\n\t\t\t\tIf you are human, leave this field blank.\t\t\t<\/label>\n\t\t\t<input  id=\"field_gjfiv\" type=\"text\" class=\"frm_form_field form-field frm_verify\" name=\"item_meta[2377]\" value=\"\"  \/>\n\t\t<\/div>\n\t\t<input name=\"frm_state\" type=\"hidden\" value=\"t6QE0ortiJtNR+Lud+fjOhRhx5lzF\/GvmghsvQJ57usVfb8J+LnD5UpX4M5yS4uD\" \/><\/div>\n<\/fieldset>\n<\/div>\n\n<\/form>\n<\/div>\n\n<p>[\/et_pb_text][\/et_pb_column][\/et_pb_row][\/et_pb_section]<\/p>\n","protected":false},"excerpt":{"rendered":"<p>Fundarger\u00f0 sk\u00f3lanefndar Fundarger\u00f0 sk\u00f3lanefndar Sta\u00f0ur Dagsetning Fundarmenn Hrefna Fri\u00f0riksd\u00f3ttir G\u00edsli Bj\u00f6rn Heimisson H\u00f6r\u00f0ur Sigur\u00f0arson J\u00f3nhei\u00f0ur \u00cdsleifsd\u00f3ttir F.Elli Hafli\u00f0ason Gu\u00f0finna Gunnarsd\u00f3ttir Submit If you are human, leave this field blank.<\/p>","protected":false},"author":3,"featured_media":0,"parent":0,"menu_order":0,"comment_status":"closed","ping_status":"closed","template":"","meta":{"_et_pb_use_builder":"on","_et_pb_old_content":"[formidable id=\"18\"]","_et_gb_content_width":"","footnotes":""},"class_list":["post-21091","page","type-page","status-publish","hentry"],"_links":{"self":[{"href":"https:\/\/leiklist.is\/en\/wp-json\/wp\/v2\/pages\/21091","targetHints":{"allow":["GET"]}}],"collection":[{"href":"https:\/\/leiklist.is\/en\/wp-json\/wp\/v2\/pages"}],"about":[{"href":"https:\/\/leiklist.is\/en\/wp-json\/wp\/v2\/types\/page"}],"author":[{"embeddable":true,"href":"https:\/\/leiklist.is\/en\/wp-json\/wp\/v2\/users\/3"}],"replies":[{"embeddable":true,"href":"https:\/\/leiklist.is\/en\/wp-json\/wp\/v2\/comments?post=21091"}],"version-history":[{"count":0,"href":"https:\/\/leiklist.is\/en\/wp-json\/wp\/v2\/pages\/21091\/revisions"}],"wp:attachment":[{"href":"https:\/\/leiklist.is\/en\/wp-json\/wp\/v2\/media?parent=21091"}],"curies":[{"name":"wp","href":"https:\/\/api.w.org\/{rel}","templated":true}]}}