{"id":19855,"date":"2020-02-26T04:41:15","date_gmt":"2020-02-26T04:41:15","guid":{"rendered":"http:\/\/leiklist.websitetest.site\/?page_id=19855"},"modified":"2021-08-01T21:16:28","modified_gmt":"2021-08-01T21:16:28","slug":"leikritasafn","status":"publish","type":"page","link":"https:\/\/leiklist.is\/en\/leikritasafn\/","title":{"rendered":"Leikritasafn"},"content":{"rendered":"<p style=\"text-align: center;\"><a href=\"https:\/\/leiklist.is\/en\/um-leikritasafnid\/\">Uppl\u00fdsingar um safni\u00f0 og l\u00e1n \u00e1 handritum<\/a> <img loading=\"lazy\" decoding=\"async\" class=\"alignnone size-full wp-image-35406\" src=\"https:\/\/leiklist.is\/wp-content\/uploads\/2021\/01\/BIL_logo_transp_small.png\" alt=\"\" width=\"52\" height=\"68\" srcset=\"https:\/\/leiklist.is\/wp-content\/uploads\/2021\/01\/BIL_logo_transp_small.png 52w, https:\/\/leiklist.is\/wp-content\/uploads\/2021\/01\/BIL_logo_transp_small-9x12.png 9w\" sizes=\"auto, (max-width: 52px) 100vw, 52px\" \/><\/p>\n<p>&nbsp;<\/p>","protected":false},"excerpt":{"rendered":"<p>Uppl\u00fdsingar um safni\u00f0 og l\u00e1n \u00e1 handritum &nbsp;<\/p>","protected":false},"author":3,"featured_media":0,"parent":0,"menu_order":0,"comment_status":"closed","ping_status":"closed","template":"page-template-leikritasafnid.php","meta":{"_et_pb_use_builder":"","_et_pb_old_content":"","_et_gb_content_width":"","footnotes":""},"class_list":["post-19855","page","type-page","status-publish","hentry"],"_links":{"self":[{"href":"https:\/\/leiklist.is\/en\/wp-json\/wp\/v2\/pages\/19855","targetHints":{"allow":["GET"]}}],"collection":[{"href":"https:\/\/leiklist.is\/en\/wp-json\/wp\/v2\/pages"}],"about":[{"href":"https:\/\/leiklist.is\/en\/wp-json\/wp\/v2\/types\/page"}],"author":[{"embeddable":true,"href":"https:\/\/leiklist.is\/en\/wp-json\/wp\/v2\/users\/3"}],"replies":[{"embeddable":true,"href":"https:\/\/leiklist.is\/en\/wp-json\/wp\/v2\/comments?post=19855"}],"version-history":[{"count":0,"href":"https:\/\/leiklist.is\/en\/wp-json\/wp\/v2\/pages\/19855\/revisions"}],"wp:attachment":[{"href":"https:\/\/leiklist.is\/en\/wp-json\/wp\/v2\/media?parent=19855"}],"curies":[{"name":"wp","href":"https:\/\/api.w.org\/{rel}","templated":true}]}}