{"id":19847,"date":"2020-02-25T20:36:37","date_gmt":"2020-02-25T20:36:37","guid":{"rendered":"http:\/\/leiklist.websitetest.site\/?page_id=19847"},"modified":"2025-05-16T14:54:20","modified_gmt":"2025-05-16T14:54:20","slug":"styrkumsokn","status":"publish","type":"page","link":"https:\/\/leiklist.is\/en\/styrkumsokn\/","title":{"rendered":"Styrkums\u00f3kn"},"content":{"rendered":"<p>[et_pb_section fb_built=&#8220;1&#8243; _builder_version=&#8220;4.3.2&#8243; custom_padding=&#8220;0px|||||&#8220;][et_pb_row _builder_version=&#8220;4.3.2&#8243;][et_pb_column type=&#8220;4_4&#8243; _builder_version=&#8220;4.3.2&#8243;][et_pb_text _builder_version=&#8220;4.9.10&#8243; text_text_color=&#8220;#000000&#8243; vertical_offset_tablet=&#8220;0&#8243; horizontal_offset_tablet=&#8220;0&#8243; z_index_tablet=&#8220;0&#8243; text_text_shadow_horizontal_length_tablet=&#8220;0px&#8220; text_text_shadow_vertical_length_tablet=&#8220;0px&#8220; text_text_shadow_blur_strength_tablet=&#8220;1px&#8220; link_text_shadow_horizontal_length_tablet=&#8220;0px&#8220; link_text_shadow_vertical_length_tablet=&#8220;0px&#8220; link_text_shadow_blur_strength_tablet=&#8220;1px&#8220; ul_text_shadow_horizontal_length_tablet=&#8220;0px&#8220; ul_text_shadow_vertical_length_tablet=&#8220;0px&#8220; ul_text_shadow_blur_strength_tablet=&#8220;1px&#8220; ol_text_shadow_horizontal_length_tablet=&#8220;0px&#8220; ol_text_shadow_vertical_length_tablet=&#8220;0px&#8220; ol_text_shadow_blur_strength_tablet=&#8220;1px&#8220; quote_text_shadow_horizontal_length_tablet=&#8220;0px&#8220; quote_text_shadow_vertical_length_tablet=&#8220;0px&#8220; quote_text_shadow_blur_strength_tablet=&#8220;1px&#8220; header_text_shadow_horizontal_length_tablet=&#8220;0px&#8220; header_text_shadow_vertical_length_tablet=&#8220;0px&#8220; header_text_shadow_blur_strength_tablet=&#8220;1px&#8220; header_2_text_shadow_horizontal_length_tablet=&#8220;0px&#8220; header_2_text_shadow_vertical_length_tablet=&#8220;0px&#8220; header_2_text_shadow_blur_strength_tablet=&#8220;1px&#8220; header_3_text_shadow_horizontal_length_tablet=&#8220;0px&#8220; header_3_text_shadow_vertical_length_tablet=&#8220;0px&#8220; header_3_text_shadow_blur_strength_tablet=&#8220;1px&#8220; header_4_text_shadow_horizontal_length_tablet=&#8220;0px&#8220; header_4_text_shadow_vertical_length_tablet=&#8220;0px&#8220; header_4_text_shadow_blur_strength_tablet=&#8220;1px&#8220; header_5_text_shadow_horizontal_length_tablet=&#8220;0px&#8220; header_5_text_shadow_vertical_length_tablet=&#8220;0px&#8220; header_5_text_shadow_blur_strength_tablet=&#8220;1px&#8220; header_6_text_shadow_horizontal_length_tablet=&#8220;0px&#8220; header_6_text_shadow_vertical_length_tablet=&#8220;0px&#8220; header_6_text_shadow_blur_strength_tablet=&#8220;1px&#8220; box_shadow_horizontal_tablet=&#8220;0px&#8220; box_shadow_vertical_tablet=&#8220;0px&#8220; box_shadow_blur_tablet=&#8220;40px&#8220; box_shadow_spread_tablet=&#8220;0px&#8220;]<\/p>\n<header class=\"entry-header\">\n<h1 class=\"entry-title\">Ums\u00f3knarform fyrir r\u00edkisstyrk leik\u00e1ri\u00f0 2024-2025<\/h1>\n<\/header>\n<div class=\"entry-content clearfix\"><strong><em>Leikskr\u00e1r og veggspj\u00f6ld skal senda \u00ed p\u00f3sti til:<br \/>Bandalag \u00edslenskra leikf\u00e9laga,\u00a0Kleppsm\u00fdrarvegur 8,\u00a0104 Reykjav\u00edk.<br \/>Ef spurningar vakna, hafi\u00f0 samband vi\u00f0 \u00dej\u00f3nustumi\u00f0st\u00f6\u00f0\u00a0<a href=\"mailto:info@leiklist.is\">info@leiklist.is<\/a> e\u00f0a \u00ed s\u00edma 551 6974. Ums\u00f3knir skal senda inn \u00ed s\u00ed\u00f0asta lagi \u00e1 mi\u00f0n\u00e6tti 8. j\u00fan\u00ed, 2025.<\/em><\/strong><\/div>\n<p>&nbsp;<\/p>\n<p>[\/et_pb_text][\/et_pb_column][\/et_pb_row][\/et_pb_section]<\/p>\n","protected":false},"excerpt":{"rendered":"<p>Ums\u00f3knarform fyrir r\u00edkisstyrk leik\u00e1ri\u00f0 2024-2025 Leikskr\u00e1r og veggspj\u00f6ld skal senda \u00ed p\u00f3sti til:Bandalag \u00edslenskra leikf\u00e9laga,\u00a0Kleppsm\u00fdrarvegur 8,\u00a0104 Reykjav\u00edk.Ef spurningar vakna, hafi\u00f0 samband vi\u00f0 \u00dej\u00f3nustumi\u00f0st\u00f6\u00f0\u00a0info@leiklist.is e\u00f0a \u00ed s\u00edma 551 6974. Ums\u00f3knir skal senda inn \u00ed s\u00ed\u00f0asta lagi \u00e1 mi\u00f0n\u00e6tti 8. j\u00fan\u00ed, 2025. &nbsp;<\/p>","protected":false},"author":3,"featured_media":0,"parent":0,"menu_order":0,"comment_status":"closed","ping_status":"closed","template":"","meta":{"_et_pb_use_builder":"on","_et_pb_old_content":"","_et_gb_content_width":"","footnotes":""},"class_list":["post-19847","page","type-page","status-publish","hentry"],"_links":{"self":[{"href":"https:\/\/leiklist.is\/en\/wp-json\/wp\/v2\/pages\/19847","targetHints":{"allow":["GET"]}}],"collection":[{"href":"https:\/\/leiklist.is\/en\/wp-json\/wp\/v2\/pages"}],"about":[{"href":"https:\/\/leiklist.is\/en\/wp-json\/wp\/v2\/types\/page"}],"author":[{"embeddable":true,"href":"https:\/\/leiklist.is\/en\/wp-json\/wp\/v2\/users\/3"}],"replies":[{"embeddable":true,"href":"https:\/\/leiklist.is\/en\/wp-json\/wp\/v2\/comments?post=19847"}],"version-history":[{"count":0,"href":"https:\/\/leiklist.is\/en\/wp-json\/wp\/v2\/pages\/19847\/revisions"}],"wp:attachment":[{"href":"https:\/\/leiklist.is\/en\/wp-json\/wp\/v2\/media?parent=19847"}],"curies":[{"name":"wp","href":"https:\/\/api.w.org\/{rel}","templated":true}]}}