{"id":15249,"date":"2020-02-24T17:47:30","date_gmt":"2020-02-24T17:47:30","guid":{"rendered":"http:\/\/leiklist.websitetest.site\/?page_id=15249"},"modified":"2026-03-03T14:24:22","modified_gmt":"2026-03-03T14:24:22","slug":"leikstjorar-i-bodi","status":"publish","type":"page","link":"https:\/\/leiklist.is\/en\/leikstjorar-i-bodi\/","title":{"rendered":"Leikstj\u00f3rar og leiklistarkennarar"},"content":{"rendered":"<p><em><strong>Vi\u00f0 bj\u00f3\u00f0um fram krafta okkar til starfa me\u00f0 \u00e1hugaleikf\u00e9l\u00f6gunum:\u00a0<\/strong><\/em><\/p>\n<p><a href=\"https:\/\/leiklist.is\/leikstjoralisti-skraning\/\"><strong>\u00c9G VIL SKR\u00c1 MIG \u00c1 LISTANN<\/strong><\/a><\/p>\n<div class=\"pt-cv-wrapper et_smooth_scroll_disabled\"><div class=\"pt-cv-view pt-cv-grid pt-cv-colsys pt-cv-same-height pt-cv-post-border\" id=\"pt-cv-view-062a804wz5\"><div data-id=\"pt-cv-page-1\" class=\"pt-cv-page\" data-cvc=\"3\" data-cvct=\"2\" data-cvcm=\"1\"><div class=\"col-md-4 col-sm-6 col-xs-12 pt-cv-content-item pt-cv-1-col\"  data-pid=\"42151\"><div class='pt-cv-ifield'><h4 class=\"pt-cv-title\"><a href=\"https:\/\/leiklist.is\/en\/aron-martin-asgerdarson\/\" class=\"_self cvplbd\" target=\"_self\" >Aron Martin \u00c1sger\u00f0arson<\/a><\/h4>\n<a href=\"https:\/\/leiklist.is\/en\/aron-martin-asgerdarson\/\" class=\"_self pt-cv-href-thumbnail pt-cv-thumb-default cvplbd cvp-responsive-image img-none\" target=\"_self\" data-iw=\"300\" data-ih=\"300\"><img loading=\"lazy\" decoding=\"async\" width=\"298\" height=\"300\" src=\"https:\/\/leiklist.is\/wp-content\/uploads\/2026\/01\/1000006617-298x300.jpeg\" class=\"pt-cv-thumbnail img-none skip-lazy \" alt=\"Aron Martin \u00c1sger\u00f0arson\" data-no-lazy=\"1\" \/><\/a>\n<div class=\"pt-cv-content\">Netfang: aron.asgerdar@gmail.com S\u00edmi: 8460855 Aron Martin \u00fatskrifa\u00f0ist \u00e1ri\u00f0 2019 fr\u00e1 Listah\u00e1sk\u00f3la \u00cdslands me\u00f0 BA gr\u00e1\u00f0u af svi\u00f0sh\u00f6fundabraut. S\u00ed\u00f0an \u00fe\u00e1 hefur ...<br \/><div class=\"pt-cv-rmwrap\"><a href=\"https:\/\/leiklist.is\/en\/aron-martin-asgerdarson\/\" class=\"_self pt-cv-readmore btn btn-success cvplbd\" target=\"_self\" data-iw=\"300\" data-ih=\"300\">Read More<\/a><\/div><\/div><\/div><\/div>\n<div class=\"col-md-4 col-sm-6 col-xs-12 pt-cv-content-item pt-cv-1-col\"  data-pid=\"41898\"><div class='pt-cv-ifield'><h4 class=\"pt-cv-title\"><a href=\"https:\/\/leiklist.is\/en\/borkur-gunnarsson\/\" class=\"_self cvplbd\" target=\"_self\" data-iw=\"300\" data-ih=\"300\">B\u00f6rkur Gunnarsson<\/a><\/h4>\n<a href=\"https:\/\/leiklist.is\/en\/borkur-gunnarsson\/\" class=\"_self pt-cv-href-thumbnail pt-cv-thumb-default cvplbd cvp-responsive-image img-none\" target=\"_self\" data-iw=\"300\" data-ih=\"300\"><img loading=\"lazy\" decoding=\"async\" width=\"223\" height=\"300\" src=\"https:\/\/leiklist.is\/wp-content\/uploads\/2025\/09\/borkur-223x300.jpg\" class=\"pt-cv-thumbnail img-none skip-lazy \" alt=\"B\u00f6rkur Gunnarsson\" data-no-lazy=\"1\" \/><\/a>\n<div class=\"pt-cv-content\">borkurg@gmail.com 691 4419 2025 Leikst\u00fdr\u00f0i Leikf\u00e9lagi Hofs\u00f3ss vori\u00f0 2025. Setti \u00e1 svi\u00f0 \u00c6rsladrauginn eftir Noel Coward. Er n\u00fana a\u00f0 leikst\u00fdra ...<br \/><div class=\"pt-cv-rmwrap\"><a href=\"https:\/\/leiklist.is\/en\/borkur-gunnarsson\/\" class=\"_self pt-cv-readmore btn btn-success cvplbd\" target=\"_self\" data-iw=\"300\" data-ih=\"300\">Read More<\/a><\/div><\/div><\/div><\/div>\n<div class=\"col-md-4 col-sm-6 col-xs-12 pt-cv-content-item pt-cv-1-col\"  data-pid=\"4238\"><div class='pt-cv-ifield'><h4 class=\"pt-cv-title\"><a href=\"https:\/\/leiklist.is\/en\/elfar-logi-hannesson\/\" class=\"_self cvplbd\" target=\"_self\" data-iw=\"300\" data-ih=\"300\">Elfar Logi Hannesson<\/a><\/h4>\n<a href=\"https:\/\/leiklist.is\/en\/elfar-logi-hannesson\/\" class=\"_self pt-cv-href-thumbnail pt-cv-thumb-default cvplbd cvp-responsive-image img-none\" target=\"_self\" data-iw=\"300\" data-ih=\"300\"><img loading=\"lazy\" decoding=\"async\" width=\"200\" height=\"300\" src=\"https:\/\/leiklist.is\/wp-content\/uploads\/2013\/06\/ElfarLogi-200x300.jpg\" class=\"pt-cv-thumbnail img-none skip-lazy \" alt=\"Elfar Logi Hannesson\" data-no-lazy=\"1\" \/><\/a>\n<div class=\"pt-cv-content\">Netfang: komedia@komedia.is S\u00edmi: 891 7025 Nam leiklist vi\u00f0 hin geggja\u00f0a leiklistarsk\u00f3la The Commedia School \u00ed Danm\u00f6rku og \u00fatskrifa\u00f0ist \u00fea\u00f0an 1997 ...<br \/><div class=\"pt-cv-rmwrap\"><a href=\"https:\/\/leiklist.is\/en\/elfar-logi-hannesson\/\" class=\"_self pt-cv-readmore btn btn-success cvplbd\" target=\"_self\" data-iw=\"300\" data-ih=\"300\">Read More<\/a><\/div><\/div><\/div><\/div>\n<div class=\"col-md-4 col-sm-6 col-xs-12 pt-cv-content-item pt-cv-1-col\"  data-pid=\"42102\"><div class='pt-cv-ifield'><h4 class=\"pt-cv-title\"><a href=\"https:\/\/leiklist.is\/en\/elisabet-skagfjord\/\" class=\"_self cvplbd\" target=\"_self\" data-iw=\"300\" data-ih=\"300\">El\u00edsabet Skagfj\u00f6r\u00f0<\/a><\/h4>\n<a href=\"https:\/\/leiklist.is\/en\/elisabet-skagfjord\/\" class=\"_self pt-cv-href-thumbnail pt-cv-thumb-default cvplbd cvp-responsive-image img-none\" target=\"_self\" data-iw=\"300\" data-ih=\"300\"><img loading=\"lazy\" decoding=\"async\" width=\"200\" height=\"300\" src=\"https:\/\/leiklist.is\/wp-content\/uploads\/2026\/01\/elisabetskagfjord-200x300.jpg\" class=\"pt-cv-thumbnail img-none skip-lazy \" alt=\"El\u00edsabet Skagfj\u00f6r\u00f0\" data-no-lazy=\"1\" \/><\/a>\n<div class=\"pt-cv-content\">Netfang elisabetskagfjord9@gmail.com S\u00edman\u00famer 8508924 Heildst\u00e6\u00f0 ferilsskr\u00e1 \u00e1 PDF Svi\u00f0slistan\u00e1m: MA leiklist fr\u00e1 Liverpool Institute for Performing Arts BA leiklist fr\u00e1 ...<br \/><div class=\"pt-cv-rmwrap\"><a href=\"https:\/\/leiklist.is\/en\/elisabet-skagfjord\/\" class=\"_self pt-cv-readmore btn btn-success cvplbd\" target=\"_self\" data-iw=\"300\" data-ih=\"300\">Read More<\/a><\/div><\/div><\/div><\/div>\n<div class=\"col-md-4 col-sm-6 col-xs-12 pt-cv-content-item pt-cv-1-col\"  data-pid=\"4236\"><div class='pt-cv-ifield'><h4 class=\"pt-cv-title\"><a href=\"https:\/\/leiklist.is\/en\/eyvindur-karlsson\/\" class=\"_self cvplbd\" target=\"_self\" data-iw=\"300\" data-ih=\"300\">Eyvindur Karlsson<\/a><\/h4>\n<a href=\"https:\/\/leiklist.is\/en\/eyvindur-karlsson\/\" class=\"_self pt-cv-href-thumbnail pt-cv-thumb-default cvplbd cvp-responsive-image img-none\" target=\"_self\" data-iw=\"300\" data-ih=\"300\"><img loading=\"lazy\" decoding=\"async\" width=\"300\" height=\"300\" src=\"https:\/\/leiklist.is\/wp-content\/uploads\/2013\/06\/eyvindurkarlsson-300x300.jpg\" class=\"pt-cv-thumbnail img-none skip-lazy \" alt=\"Eyvindur Karlsson\" data-no-lazy=\"1\" \/><\/a>\n<div class=\"pt-cv-content\">[et_pb_section fb_built=\"1\" admin_label=\"section\" _builder_version=\"3.22\"][et_pb_row admin_label=\"row\" _builder_version=\"3.25\" background_size=\"initial\" background_position=\"top_left\" background_repeat=\"repeat\"][et_pb_column type=\"4_4\" _builder_version=\"3.25\" custom_padding=\"|||\" custom_padding__hover=\"|||\"][et_pb_text admin_label=\"Text\" _builder_version=\"4.9.10\" background_size=\"initial\" background_position=\"top_left\" background_repeat=\"repeat\" hover_enabled=\"0\" sticky_enabled=\"0\"]svarthjalmar@gmail.com868 ...<br \/><div class=\"pt-cv-rmwrap\"><a href=\"https:\/\/leiklist.is\/en\/eyvindur-karlsson\/\" class=\"_self pt-cv-readmore btn btn-success cvplbd\" target=\"_self\" data-iw=\"300\" data-ih=\"300\">Read More<\/a><\/div><\/div><\/div><\/div>\n<div class=\"col-md-4 col-sm-6 col-xs-12 pt-cv-content-item pt-cv-1-col\"  data-pid=\"5583\"><div class='pt-cv-ifield'><h4 class=\"pt-cv-title\"><a href=\"https:\/\/leiklist.is\/en\/gunnar-b-gudmundsson\/\" class=\"_self cvplbd\" target=\"_self\" data-iw=\"300\" data-ih=\"300\">Gunnar Bj\u00f6rn Gu\u00f0mundsson<\/a><\/h4>\n<a href=\"https:\/\/leiklist.is\/en\/gunnar-b-gudmundsson\/\" class=\"_self pt-cv-href-thumbnail pt-cv-thumb-default cvplbd cvp-responsive-image img-none\" target=\"_self\" data-iw=\"300\" data-ih=\"300\"><img loading=\"lazy\" decoding=\"async\" width=\"200\" height=\"300\" src=\"https:\/\/leiklist.is\/wp-content\/uploads\/2015\/04\/GBG_Leikstjoralisti-200x300.jpg\" class=\"pt-cv-thumbnail img-none skip-lazy \" alt=\"Gunnar Bj\u00f6rn Gu\u00f0mundsson\" data-no-lazy=\"1\" \/><\/a>\n<div class=\"pt-cv-content\">Leikstj\u00f3ri \/ Handritsh\u00f6fundur Gsm: 8203661 Netfang: gbgudmundsson@gmail.com \u00c9g hef unni\u00f0 j\u00f6fnum h\u00f6ndum \u00ed leikh\u00fasi og kvikmyndum s\u00ed\u00f0an 1996. \u00c1 \u00feessum ...<br \/><div class=\"pt-cv-rmwrap\"><a href=\"https:\/\/leiklist.is\/en\/gunnar-b-gudmundsson\/\" class=\"_self pt-cv-readmore btn btn-success cvplbd\" target=\"_self\" data-iw=\"300\" data-ih=\"300\">Read More<\/a><\/div><\/div><\/div><\/div>\n<div class=\"col-md-4 col-sm-6 col-xs-12 pt-cv-content-item pt-cv-1-col\"  data-pid=\"42199\"><div class='pt-cv-ifield'><h4 class=\"pt-cv-title\"><a href=\"https:\/\/leiklist.is\/en\/halldor-e-laxness\/\" class=\"_self cvplbd\" target=\"_self\" data-iw=\"300\" data-ih=\"300\">Halld\u00f3r E. Laxness<\/a><\/h4>\n<a href=\"https:\/\/leiklist.is\/en\/halldor-e-laxness\/\" class=\"_self pt-cv-href-thumbnail pt-cv-thumb-default cvplbd cvp-responsive-image img-none\" target=\"_self\" data-iw=\"300\" data-ih=\"300\"><img loading=\"lazy\" decoding=\"async\" width=\"245\" height=\"300\" src=\"https:\/\/leiklist.is\/wp-content\/uploads\/2026\/02\/IMG_6546small-245x300.jpg\" class=\"pt-cv-thumbnail img-none skip-lazy \" alt=\"Halld\u00f3r E. Laxness\" data-no-lazy=\"1\" \/><\/a>\n<div class=\"pt-cv-content\">Netfang: helaxness@gmail.com Halld\u00f3r E. Laxness (leikstj\u00f3ri) er f\u00e6ddur og uppalinn \u00ed Reykjav\u00edk. Hann stunda\u00f0i leiklistarn\u00e1m \u00e1 \u00cdtal\u00edu og starfa\u00f0i \u00fear ...<br \/><div class=\"pt-cv-rmwrap\"><a href=\"https:\/\/leiklist.is\/en\/halldor-e-laxness\/\" class=\"_self pt-cv-readmore btn btn-success cvplbd\" target=\"_self\" data-iw=\"300\" data-ih=\"300\">Read More<\/a><\/div><\/div><\/div><\/div>\n<div class=\"col-md-4 col-sm-6 col-xs-12 pt-cv-content-item pt-cv-1-col\"  data-pid=\"5570\"><div class='pt-cv-ifield'><h4 class=\"pt-cv-title\"><a href=\"https:\/\/leiklist.is\/en\/ingrid-jonsdottir\/\" class=\"_self cvplbd\" target=\"_self\" data-iw=\"300\" data-ih=\"300\">Ingrid J\u00f3nsd\u00f3ttir<\/a><\/h4>\n<a href=\"https:\/\/leiklist.is\/en\/ingrid-jonsdottir\/\" class=\"_self pt-cv-href-thumbnail pt-cv-thumb-default cvplbd cvp-responsive-image img-none\" target=\"_self\" data-iw=\"300\" data-ih=\"300\"><img loading=\"lazy\" decoding=\"async\" width=\"240\" height=\"288\" src=\"https:\/\/leiklist.is\/wp-content\/uploads\/2020\/02\/ingridjons.jpg\" class=\"pt-cv-thumbnail img-none skip-lazy \" alt=\"Ingrid J\u00f3nsd\u00f3ttir\" data-no-lazy=\"1\" \/><\/a>\n<div class=\"pt-cv-content\">Netfang: ingridj@simnet.is S\u00edmi: 861 5107 \u00datskrifa\u00f0ist fr\u00e1 Menntask\u00f3lanum vi\u00f0 Sund 1981 og\u00a0 Leiklistarsk\u00f3la \u00cdslands 1987.\u2028 Ingrid hefur unni\u00f0 vi\u00f0 leikh\u00fas ...<br \/><div class=\"pt-cv-rmwrap\"><a href=\"https:\/\/leiklist.is\/en\/ingrid-jonsdottir\/\" class=\"_self pt-cv-readmore btn btn-success cvplbd\" target=\"_self\" data-iw=\"300\" data-ih=\"300\">Read More<\/a><\/div><\/div><\/div><\/div>\n<div class=\"col-md-4 col-sm-6 col-xs-12 pt-cv-content-item pt-cv-1-col\"  data-pid=\"5558\"><div class='pt-cv-ifield'><h4 class=\"pt-cv-title\"><a href=\"https:\/\/leiklist.is\/en\/maria-sigurdardottir\/\" class=\"_self cvplbd\" target=\"_self\" data-iw=\"300\" data-ih=\"300\">Mar\u00eda Sigur\u00f0ard\u00f3ttir<\/a><\/h4>\n<a href=\"https:\/\/leiklist.is\/en\/maria-sigurdardottir\/\" class=\"_self pt-cv-href-thumbnail pt-cv-thumb-default cvplbd cvp-responsive-image img-none\" target=\"_self\" data-iw=\"300\" data-ih=\"300\"><img loading=\"lazy\" decoding=\"async\" width=\"225\" height=\"300\" src=\"https:\/\/leiklist.is\/wp-content\/uploads\/2015\/04\/MajaSig_leikstjori-225x300.jpg\" class=\"pt-cv-thumbnail img-none skip-lazy \" alt=\"Mar\u00eda Sigur\u00f0ard\u00f3ttir\" data-no-lazy=\"1\" \/><\/a>\n<div class=\"pt-cv-content\">s. 897 4820 Netfang: maja.solbakki@gmail.com Me\u00f0 \u00e1ratuga reynslu og brennandi \u00e1str\u00ed\u00f0u er \u00e9g hvergi n\u00e6rri h\u00e6tt a\u00f0 vilja leika m\u00e9r ...<br \/><div class=\"pt-cv-rmwrap\"><a href=\"https:\/\/leiklist.is\/en\/maria-sigurdardottir\/\" class=\"_self pt-cv-readmore btn btn-success cvplbd\" target=\"_self\" data-iw=\"300\" data-ih=\"300\">Read More<\/a><\/div><\/div><\/div><\/div>\n<div class=\"col-md-4 col-sm-6 col-xs-12 pt-cv-content-item pt-cv-1-col\"  data-pid=\"11243\"><div class='pt-cv-ifield'><h4 class=\"pt-cv-title\"><a href=\"https:\/\/leiklist.is\/en\/olafur-jens-sigurdsson\/\" class=\"_self cvplbd\" target=\"_self\" data-iw=\"300\" data-ih=\"300\">\u00d3lafur Jens Sigur\u00f0sson<\/a><\/h4>\n<a href=\"https:\/\/leiklist.is\/en\/olafur-jens-sigurdsson\/\" class=\"_self pt-cv-href-thumbnail pt-cv-thumb-default cvplbd cvp-responsive-image img-none\" target=\"_self\" data-iw=\"300\" data-ih=\"300\"><img loading=\"lazy\" decoding=\"async\" width=\"300\" height=\"254\" src=\"https:\/\/leiklist.is\/wp-content\/uploads\/2020\/02\/olijens-606x513-1-300x254.jpg\" class=\"pt-cv-thumbnail img-none skip-lazy \" alt=\"\u00d3lafur Jens Sigur\u00f0sson\" data-no-lazy=\"1\" \/><\/a>\n<div class=\"pt-cv-content\">Leikstj\u00f3ri og leiklistarkennari Netfang: olijens@gmail \/ s\u00edmi: 864 6946 Menntun: Listah\u00e1sk\u00f3li \u00cdslands; masterspr\u00f3f fr\u00e1 listkennsludeild 2015 Bristol Old Vic Theatre ...<br \/><div class=\"pt-cv-rmwrap\"><a href=\"https:\/\/leiklist.is\/en\/olafur-jens-sigurdsson\/\" class=\"_self pt-cv-readmore btn btn-success cvplbd\" target=\"_self\" data-iw=\"300\" data-ih=\"300\">Read More<\/a><\/div><\/div><\/div><\/div>\n<div class=\"col-md-4 col-sm-6 col-xs-12 pt-cv-content-item pt-cv-1-col\"  data-pid=\"10910\"><div class='pt-cv-ifield'><h4 class=\"pt-cv-title\"><a href=\"https:\/\/leiklist.is\/en\/petur-gudjonsson\/\" class=\"_self cvplbd\" target=\"_self\" data-iw=\"300\" data-ih=\"300\">P\u00e9tur Gu\u00f0j\u00f3nsson<\/a><\/h4>\n<a href=\"https:\/\/leiklist.is\/en\/petur-gudjonsson\/\" class=\"_self pt-cv-href-thumbnail pt-cv-thumb-default cvplbd cvp-responsive-image img-none\" target=\"_self\" data-iw=\"300\" data-ih=\"300\"><img loading=\"lazy\" decoding=\"async\" width=\"300\" height=\"200\" src=\"https:\/\/leiklist.is\/wp-content\/uploads\/2018\/06\/DST_6119-pg-300x200.jpg\" class=\"pt-cv-thumbnail img-none skip-lazy \" alt=\"P\u00e9tur Gu\u00f0j\u00f3nsson\" data-no-lazy=\"1\" \/><\/a>\n<div class=\"pt-cv-content\">Netfang: petur@draumaleikhusid.is S\u00edman\u00famer: 6911219 Ferilsskr\u00e1: Leikstj\u00f3ri, h\u00f6fundur og framlei\u00f0andi me\u00f0 v\u00ed\u00f0t\u00e6ka reynslu af uppsetningum fyrir ungmenni og \u00e1hugaleikf\u00e9l\u00f6g. S\u00e9rh\u00e6fi mig ...<br \/><div class=\"pt-cv-rmwrap\"><a href=\"https:\/\/leiklist.is\/en\/petur-gudjonsson\/\" class=\"_self pt-cv-readmore btn btn-success cvplbd\" target=\"_self\" data-iw=\"300\" data-ih=\"300\">Read More<\/a><\/div><\/div><\/div><\/div>\n<div class=\"col-md-4 col-sm-6 col-xs-12 pt-cv-content-item pt-cv-1-col\"  data-pid=\"41808\"><div class='pt-cv-ifield'><h4 class=\"pt-cv-title\"><a href=\"https:\/\/leiklist.is\/en\/runar-gudbrandsson\/\" class=\"_self cvplbd\" target=\"_self\" data-iw=\"300\" data-ih=\"300\">R\u00fanar Gu\u00f0brandsson<\/a><\/h4>\n<a href=\"https:\/\/leiklist.is\/en\/runar-gudbrandsson\/\" class=\"_self pt-cv-href-thumbnail pt-cv-thumb-default cvplbd cvp-responsive-image img-none\" target=\"_self\" data-iw=\"300\" data-ih=\"300\"><img loading=\"lazy\" decoding=\"async\" width=\"240\" height=\"300\" src=\"https:\/\/leiklist.is\/wp-content\/uploads\/2025\/09\/Runargud_photo-240x300.jpg\" class=\"pt-cv-thumbnail img-none skip-lazy \" alt=\"R\u00fanar Gu\u00f0brandsson\" data-no-lazy=\"1\" \/><\/a>\n<div class=\"pt-cv-content\">Netfang: labloki@mmedia.is \/ S. 6944249 \/ \u00cdtarleg ferilskr\u00e1 \u00e1 PDF R\u00fanar nam upphaflega leiklist \u00ed Danm\u00f6rku (Cafe Teaterets Dramaskole 1976-79) ...<br \/><div class=\"pt-cv-rmwrap\"><a href=\"https:\/\/leiklist.is\/en\/runar-gudbrandsson\/\" class=\"_self pt-cv-readmore btn btn-success cvplbd\" target=\"_self\" data-iw=\"300\" data-ih=\"300\">Read More<\/a><\/div><\/div><\/div><\/div>\n<div class=\"col-md-4 col-sm-6 col-xs-12 pt-cv-content-item pt-cv-1-col\"  data-pid=\"4766\"><div class='pt-cv-ifield'><h4 class=\"pt-cv-title\"><a href=\"https:\/\/leiklist.is\/en\/valgeir-skagfjord\/\" class=\"_self cvplbd\" target=\"_self\" data-iw=\"300\" data-ih=\"300\">Valgeir Skagfj\u00f6r\u00f0<\/a><\/h4>\n<a href=\"https:\/\/leiklist.is\/en\/valgeir-skagfjord\/\" class=\"_self pt-cv-href-thumbnail pt-cv-thumb-default cvplbd cvp-responsive-image img-none\" target=\"_self\" data-iw=\"300\" data-ih=\"300\"><img loading=\"lazy\" decoding=\"async\" width=\"251\" height=\"300\" src=\"https:\/\/leiklist.is\/wp-content\/uploads\/2014\/09\/valgeir_skag-251x300.jpg\" class=\"pt-cv-thumbnail img-none skip-lazy \" alt=\"Valgeir Skagfj\u00f6r\u00f0\" data-no-lazy=\"1\" \/><\/a>\n<div class=\"pt-cv-content\">Netfang valliskag@gmail.com S\u00edman\u00famer 7807911 Hef veri\u00f0 vi\u00f0lo\u00f0andi leikh\u00fas fr\u00e1 \u00farskrift 1987. Starfa\u00f0 sem leikari, leikstj\u00f3ri og h\u00f6fundur. Undanfarin \u00e1r hef ...<br \/><div class=\"pt-cv-rmwrap\"><a href=\"https:\/\/leiklist.is\/en\/valgeir-skagfjord\/\" class=\"_self pt-cv-readmore btn btn-success cvplbd\" target=\"_self\" data-iw=\"300\" data-ih=\"300\">Read More<\/a><\/div><\/div><\/div><\/div><\/div><\/div><\/div>\t\t\t<style type=\"text\/css\" id=\"pt-cv-inline-style-0ea82ddpt6\">#pt-cv-view-062a804wz5.pt-cv-post-border { margin: 0; border-top-width: 1px; border-left-width: 1px }\n#pt-cv-view-062a804wz5.pt-cv-post-border { margin: 0; border-top-style: solid; border-left-style: solid }\n#pt-cv-view-062a804wz5.pt-cv-post-border .pt-cv-content-item   { border-right-width: 1px; border-bottom-width: 1px; border-right-style: solid; border-bottom-style: solid; }\n#pt-cv-view-062a804wz5 .pt-cv-title a, #pt-cv-view-062a804wz5  .panel-title { font-weight: 600 !important; }\n#pt-cv-view-062a804wz5 .pt-cv-readmore  { color: #ffffff !important; background-color: #00aeef !important; }\n#pt-cv-view-062a804wz5 .pt-cv-readmore:hover  { color: #ffffff !important; background-color: #00aeef !important; }\n#pt-cv-view-062a804wz5 .cvp-responsive-image[style*=\"background-image\"] { width: 300px; max-height: 300px; overflow: hidden; aspect-ratio: 1 }\n#pt-cv-view-062a804wz5 .cvp-responsive-image img { max-width: 300px; max-height: 300px; aspect-ratio: 1 }<\/style>\r\n\t\t\t\n","protected":false},"excerpt":{"rendered":"<p>Vi\u00f0 bj\u00f3\u00f0um fram krafta okkar til starfa me\u00f0 \u00e1hugaleikf\u00e9l\u00f6gunum:\u00a0 \u00c9G VIL SKR\u00c1 MIG \u00c1 LISTANN<\/p>","protected":false},"author":3,"featured_media":0,"parent":0,"menu_order":0,"comment_status":"closed","ping_status":"closed","template":"","meta":{"_et_pb_use_builder":"off","_et_pb_old_content":"","_et_gb_content_width":"","footnotes":""},"class_list":["post-15249","page","type-page","status-publish","hentry"],"_links":{"self":[{"href":"https:\/\/leiklist.is\/en\/wp-json\/wp\/v2\/pages\/15249","targetHints":{"allow":["GET"]}}],"collection":[{"href":"https:\/\/leiklist.is\/en\/wp-json\/wp\/v2\/pages"}],"about":[{"href":"https:\/\/leiklist.is\/en\/wp-json\/wp\/v2\/types\/page"}],"author":[{"embeddable":true,"href":"https:\/\/leiklist.is\/en\/wp-json\/wp\/v2\/users\/3"}],"replies":[{"embeddable":true,"href":"https:\/\/leiklist.is\/en\/wp-json\/wp\/v2\/comments?post=15249"}],"version-history":[{"count":4,"href":"https:\/\/leiklist.is\/en\/wp-json\/wp\/v2\/pages\/15249\/revisions"}],"predecessor-version":[{"id":42312,"href":"https:\/\/leiklist.is\/en\/wp-json\/wp\/v2\/pages\/15249\/revisions\/42312"}],"wp:attachment":[{"href":"https:\/\/leiklist.is\/en\/wp-json\/wp\/v2\/media?parent=15249"}],"curies":[{"name":"wp","href":"https:\/\/api.w.org\/{rel}","templated":true}]}}