{"id":15097,"date":"2020-02-15T18:51:10","date_gmt":"2020-02-15T18:51:10","guid":{"rendered":"http:\/\/leiklist.websitetest.site\/?page_id=15097"},"modified":"2025-05-22T16:02:48","modified_gmt":"2025-05-22T16:02:48","slug":"upptokur-af-leiksyningum-god-rad","status":"publish","type":"page","link":"https:\/\/leiklist.is\/en\/upptokur-af-leiksyningum-god-rad\/","title":{"rendered":"Uppt\u00f6kur af leiks\u00fdningum \u2013 G\u00f3\u00f0 r\u00e1\u00f0"},"content":{"rendered":"<p>[et_pb_section fb_built=&#8220;1&#8243; _builder_version=&#8220;4.3.2&#8243;][et_pb_row column_structure=&#8220;3_5,2_5&#8243; _builder_version=&#8220;4.3.2&#8243; custom_padding=&#8220;||0px|||&#8220;][et_pb_column type=&#8220;3_5&#8243; _builder_version=&#8220;4.3.2&#8243;][et_pb_text _builder_version=&#8220;4.4.1&#8243; text_text_color=&#8220;#000000&#8243; text_line_height=&#8220;1.6em&#8220;]<\/p>\n<p>Uppt\u00f6kur af s\u00fdningum \u00feurfa n\u00fa skilyr\u00f0islaust a\u00f0 fara \u00e1 vefinn. \u00dea\u00f0 er ekki sj\u00e1lfgefi\u00f0 a\u00f0 \u00fatb\u00faa uppt\u00f6ku til a\u00f0 setja \u00e1 vefinn sem uppfyllir 2 mikilv\u00e6gustu skilyr\u00f0in \u00e1 \u00fev\u00ed svi\u00f0i sem er a\u00f0 vera \u2026<\/p>\n<ol>\n<li>\u2026 \u00ed\u00a0<strong><em>\u00e1s\u00e6ttanlegum g\u00e6\u00f0um<\/em><\/strong><\/li>\n<li>\u2026 af\u00a0<strong><em>vi\u00f0r\u00e1\u00f0anlegri st\u00e6r\u00f0<\/em><\/strong><\/li>\n<\/ol>\n<p>VI\u00d0 M\u00c6LUM ME\u00d0 <em><\/em><a href=\"https:\/\/handbrake.fr\/\"><strong><em>HANDBRAKE<\/em><\/strong><\/a> forritinu til a\u00f0 minnka uppt\u00f6kur \u00e1n \u00feess a\u00f0 tapa g\u00e6\u00f0um.<\/p>\n<p><strong><em>&#8212;&#8212;&#8212;&#8212;&#8212;&#8212;-<\/em><\/strong><\/p>\n<p><strong>Upptaka<\/strong>\u00a0\u2013 Hiklaust er m\u00e6lt me\u00f0 a\u00f0 s\u00fdningar s\u00e9u teknar upp \u00ed h\u00e1skerpu (HD). \u00a0Alltaf er h\u00e6gt a\u00f0 keyra \u00fat misst\u00f3rar og -g\u00f3\u00f0ar \u00fatg\u00e1fur af uppt\u00f6kunni \u00e1 form sem hentar en mikilv\u00e6gt er a\u00f0 eiga master \u00ed mestu g\u00e6\u00f0um.<\/p>\n<p><strong>Myndvinnsla<\/strong>\u00a0\u2013 Til er \u00f3keypis (e\u00f0a \u00f3d\u00fdr) hugb\u00fana\u00f0ur til a\u00f0 vinna v\u00edde\u00f3 \u00e1 MacOS og Windows (og au\u00f0vita\u00f0 Linux ef \u00fat \u00ed \u00fea\u00f0 er fari\u00f0). Nokkur d\u00e6mi:<\/p>\n<ul>\n<li><a href=\"https:\/\/www.apple.com\/mac\/imovie\/\">iMovie<\/a>\u00a0fylgir fr\u00edtt me\u00f0 \u00f6llum Macintosh t\u00f6lvum og er mj\u00f6g \u00f6flugur hugb\u00fana\u00f0ur fyrir einfalda myndvinnslu. \u00a0A\u00f0eins til fyrir Mac OS. H\u00e6gt a\u00f0\u00a0<a href=\"https:\/\/itunes.apple.com\/us\/app\/imovie\/id408981434?mt=12&amp;ls=1\">s\u00e6kja fr\u00edtt \u00ed AppStore<\/a>.<\/li>\n<li><a href=\"https:\/\/www.apple.com\/finalcutpro\/\">Final Cut Pro X<\/a>\u00a0er hugb\u00fana\u00f0ur fyrir fagmenn. A\u00f0eins til fyrir Mac OS.<\/li>\n<li><a href=\"https:\/\/www.adobe.com\/products\/premiere.html\">Adobe Premiere<\/a>\u00a0\u00a0er hugb\u00fana\u00f0ur fyrir fagmenn. Til fyrir Mac OS og Windows.<\/li>\n<\/ul>\n<p>[\/et_pb_text][\/et_pb_column][et_pb_column type=&#8220;2_5&#8243; _builder_version=&#8220;4.3.2&#8243;][et_pb_image src=&#8220;http:\/\/leiklist.websitetest.site\/wp-content\/uploads\/2020\/02\/Video-Reel-and-Film-Canister-300&#215;300-1.jpg&#8220; _builder_version=&#8220;4.3.2&#8243;][\/et_pb_image][\/et_pb_column][\/et_pb_row][et_pb_row _builder_version=&#8220;4.3.2&#8243; custom_padding=&#8220;4px|||||&#8220;][et_pb_column type=&#8220;4_4&#8243; _builder_version=&#8220;4.3.2&#8243;][et_pb_text _builder_version=&#8220;4.9.10&#8243; text_text_color=&#8220;#000000&#8243; text_line_height=&#8220;1.6em&#8220; hover_enabled=&#8220;0&#8243; sticky_enabled=&#8220;0&#8243;]<\/p>\n<p><strong>\u00datkeyrsla (export) \u2013<br \/><\/strong>\u00deegar b\u00fai\u00f0 er a\u00f0 ganga fr\u00e1 uppt\u00f6kunni (klippa, hlj\u00f3\u00f0setja, setja texta og titla o.s.frv.) er h\u00e6gt a\u00f0 keyra \u00fat myndina \u00e1\u00f0ur en h\u00fan er flutt \u00e1 vefinn. <em>(V\u00e9r bi\u00f0jumst forl\u00e1ts \u00e1 a\u00f0 enska er notu\u00f0 \u00fear sem ekki eru til vi\u00f0urkenndar \u00fe\u00fd\u00f0ingar \u00e1 sumum hugt\u00f6kum)<\/em><\/p>\n<p>AVI, MOV, H.264, ProRes, MKV og MP4 eru algengar skammstafanir \u00ed v\u00edde\u00f3vinnslu. \u00de\u00e6r standa fyrir mismunandi \u201ccodecs\u201d og \u201ccontainers\u201d. Algengt er a\u00f0 f\u00f3lk rugli saman \u201ccodec\u201d og \u201ccontainer\u201d sem eru ekki s\u00f6mu hlutirnir \u00fe\u00f3 tengdir s\u00e9u.<\/p>\n<p><strong>Container<\/strong>\u00a0(\u00edl\u00e1t): avi, mov, mkv\u00a0og mp4 (m4v) eru allt mismunandi \u00edl\u00e1t\u00a0fyrir v\u00eddeo. V\u00edde\u00f3i\u00f0 getur veri\u00f0 \u00ed einhverjum af fyrrgreindum \u00edl\u00e1tum en s\u00ed\u00f0an notast vi\u00f0 mismunandi codec, t.d. h.264. M\u00e6lt er me\u00f0 a\u00f0 nota mp4 sem container ef setja \u00e1 v\u00edde\u00f3 \u00e1 vefinn. MKV er einnig gott \u00edl\u00e1t en athugi\u00f0 \u00fe\u00f3 a\u00f0 mp4 er \u00fe\u00f3 s\u00e9rstaklega hentugt til a\u00f0 spila v\u00edde\u00f3 \u00ed vafra.<br \/><strong>Alls ekki nota AVI e\u00f0a WMV!\u00a0<\/strong><\/p>\n<p><strong>Codec<\/strong>: h.264 er langalgengasta codec sem nota\u00f0 er fyrir v\u00edde\u00f3 \u00e1 vefnum. \u00c1st\u00e6\u00f0an er a\u00f0 \u00fea\u00f0 b\u00fd\u00f0ur upp \u00e1 bestu \u00fej\u00f6ppunina \u00e1n \u00feess a\u00f0 tapa umtalsver\u00f0um g\u00e6\u00f0um.<br \/>Veri\u00f0 er a\u00f0 \u00fer\u00f3a n\u00e6stu kynsl\u00f3\u00f0 sem er h.265 (e\u00f0a High Efficiency Video Coding\u00a0(HEVC)) og ku \u00fea\u00f0 bj\u00f3\u00f0a s\u00f6mu g\u00e6\u00f0i me\u00f0 tv\u00f6falt minna pl\u00e1ssi. M\u00e6lt er me\u00f0 a\u00f0 nota h.264 sem codec \u00fe\u00f3 h.265 muni v\u00e6ntanlega sm\u00e1m saman ry\u00f0ja s\u00e9r til r\u00fams \u00e1 n\u00e6stu \u00e1rum.<\/p>\n<p><em>ATH! Ofangreindar \u00fatsk\u00fdringar er nokku\u00f0 einfalda\u00f0ar en \u00fea\u00f0 \u00e6tti ekki a\u00f0 koma a\u00f0 s\u00f6k.\u00a0<\/em><\/p>\n<p><strong>Hugb\u00fana\u00f0ur fyrir \u00fatkeyrslu<\/strong>\u00a0\u2013<br \/>G\u00f3\u00f0ur, \u00f3keypis hugb\u00fana\u00f0ur til a\u00f0 keyra \u00fat\u00a0l\u00edtil v\u00edde\u00f3 \u00ed \u00feokkalegum g\u00e6\u00f0um er\u00a0<a href=\"https:\/\/handbrake.fr\/\">Handbrake<\/a>\u00a0sem er til fyrir OSX, Windows og Linux.<\/p>\n<p>A\u00f0 ne\u00f0an m\u00e1 sj\u00e1 skj\u00e1mynd \u00far <a href=\"https:\/\/handbrake.fr\/\">Handbrake<\/a> forritinu me\u00f0 stillingum sem gefa g\u00f3\u00f0a raun vi\u00f0 a\u00f0 keyra \u00fat .mov skr\u00e1. H\u00e6gt er a\u00f0 velja &#8222;preset&#8220; sem hentar fyrir v\u00edde\u00f3 sem hla\u00f0a \u00e1 upp \u00e1 Vimeo.<\/p>\n<p>[\/et_pb_text][et_pb_image src=&#8220;https:\/\/leiklist.is\/wp-content\/uploads\/2020\/03\/Handbrake_settings-1024&#215;719.jpg&#8220; align=&#8220;center&#8220; _builder_version=&#8220;4.4.1&#8243;][\/et_pb_image][\/et_pb_column][\/et_pb_row][et_pb_row column_structure=&#8220;2_3,1_3&#8243; _builder_version=&#8220;4.3.2&#8243;][et_pb_column type=&#8220;2_3&#8243; _builder_version=&#8220;4.3.2&#8243;][\/et_pb_column][et_pb_column type=&#8220;1_3&#8243; _builder_version=&#8220;4.3.2&#8243;][\/et_pb_column][\/et_pb_row][\/et_pb_section]<\/p>\n","protected":false},"excerpt":{"rendered":"<p>Uppt\u00f6kur af s\u00fdningum \u00feurfa n\u00fa skilyr\u00f0islaust a\u00f0 fara \u00e1 vefinn. \u00dea\u00f0 er ekki sj\u00e1lfgefi\u00f0 a\u00f0 \u00fatb\u00faa uppt\u00f6ku til a\u00f0 setja \u00e1 vefinn sem uppfyllir 2 mikilv\u00e6gustu skilyr\u00f0in \u00e1 \u00fev\u00ed svi\u00f0i sem er a\u00f0 vera \u2026 \u2026 \u00ed\u00a0\u00e1s\u00e6ttanlegum g\u00e6\u00f0um \u2026 af\u00a0vi\u00f0r\u00e1\u00f0anlegri st\u00e6r\u00f0 VI\u00d0 M\u00c6LUM ME\u00d0 HANDBRAKE forritinu til a\u00f0 minnka uppt\u00f6kur \u00e1n \u00feess a\u00f0 tapa g\u00e6\u00f0um. [&hellip;]<\/p>\n","protected":false},"author":3,"featured_media":0,"parent":0,"menu_order":0,"comment_status":"closed","ping_status":"closed","template":"","meta":{"_et_pb_use_builder":"on","_et_pb_old_content":"","_et_gb_content_width":"","footnotes":""},"class_list":["post-15097","page","type-page","status-publish","hentry"],"_links":{"self":[{"href":"https:\/\/leiklist.is\/en\/wp-json\/wp\/v2\/pages\/15097","targetHints":{"allow":["GET"]}}],"collection":[{"href":"https:\/\/leiklist.is\/en\/wp-json\/wp\/v2\/pages"}],"about":[{"href":"https:\/\/leiklist.is\/en\/wp-json\/wp\/v2\/types\/page"}],"author":[{"embeddable":true,"href":"https:\/\/leiklist.is\/en\/wp-json\/wp\/v2\/users\/3"}],"replies":[{"embeddable":true,"href":"https:\/\/leiklist.is\/en\/wp-json\/wp\/v2\/comments?post=15097"}],"version-history":[{"count":0,"href":"https:\/\/leiklist.is\/en\/wp-json\/wp\/v2\/pages\/15097\/revisions"}],"wp:attachment":[{"href":"https:\/\/leiklist.is\/en\/wp-json\/wp\/v2\/media?parent=15097"}],"curies":[{"name":"wp","href":"https:\/\/api.w.org\/{rel}","templated":true}]}}