{"id":15089,"date":"2020-02-15T18:48:06","date_gmt":"2020-02-15T18:48:06","guid":{"rendered":"http:\/\/leiklist.websitetest.site\/?page_id=15089"},"modified":"2026-02-28T22:24:34","modified_gmt":"2026-02-28T22:24:34","slug":"algengar-spurningar-umsoknarform","status":"publish","type":"page","link":"https:\/\/leiklist.is\/en\/algengar-spurningar-umsoknarform\/","title":{"rendered":"Algengar spurningar \u2013 ums\u00f3knarform"},"content":{"rendered":"<p><span class=\"wppb-frontend-restriction-message wppb-content-restriction-message\">\u00de\u00fa hefur ekki leyfi til a\u00f0 sko\u00f0a \u00feessa s\u00ed\u00f0u.<\/span><\/p>","protected":false},"excerpt":{"rendered":"<p>\u00de\u00fa hefur ekki leyfi til a\u00f0 sko\u00f0a \u00feessa s\u00ed\u00f0u.<\/p>","protected":false},"author":3,"featured_media":0,"parent":0,"menu_order":0,"comment_status":"closed","ping_status":"closed","template":"","meta":{"_et_pb_use_builder":"on","_et_pb_old_content":"","_et_gb_content_width":"","footnotes":""},"class_list":["post-15089","page","type-page","status-publish","hentry"],"_links":{"self":[{"href":"https:\/\/leiklist.is\/en\/wp-json\/wp\/v2\/pages\/15089","targetHints":{"allow":["GET"]}}],"collection":[{"href":"https:\/\/leiklist.is\/en\/wp-json\/wp\/v2\/pages"}],"about":[{"href":"https:\/\/leiklist.is\/en\/wp-json\/wp\/v2\/types\/page"}],"author":[{"embeddable":true,"href":"https:\/\/leiklist.is\/en\/wp-json\/wp\/v2\/users\/3"}],"replies":[{"embeddable":true,"href":"https:\/\/leiklist.is\/en\/wp-json\/wp\/v2\/comments?post=15089"}],"version-history":[{"count":1,"href":"https:\/\/leiklist.is\/en\/wp-json\/wp\/v2\/pages\/15089\/revisions"}],"predecessor-version":[{"id":42306,"href":"https:\/\/leiklist.is\/en\/wp-json\/wp\/v2\/pages\/15089\/revisions\/42306"}],"wp:attachment":[{"href":"https:\/\/leiklist.is\/en\/wp-json\/wp\/v2\/media?parent=15089"}],"curies":[{"name":"wp","href":"https:\/\/api.w.org\/{rel}","templated":true}]}}