{"id":15087,"date":"2020-02-15T18:44:21","date_gmt":"2020-02-15T18:44:21","guid":{"rendered":"http:\/\/leiklist.websitetest.site\/?page_id=15087"},"modified":"2024-04-09T13:15:19","modified_gmt":"2024-04-09T13:15:19","slug":"umsoknarform-fyrir-rikisstyrk-leikarid-2023-2024","status":"publish","type":"page","link":"https:\/\/leiklist.is\/en\/umsoknarform-fyrir-rikisstyrk-leikarid-2023-2024\/","title":{"rendered":"Ums\u00f3knarform fyrir r\u00edkisstyrk leik\u00e1ri\u00f0 2023-2024"},"content":{"rendered":"<p><span class=\"wppb-frontend-restriction-message wppb-content-restriction-message\">\u00de\u00fa hefur ekki leyfi til a\u00f0 sko\u00f0a \u00feessa s\u00ed\u00f0u.<\/span><\/p>","protected":false},"excerpt":{"rendered":"<p>\u00de\u00fa hefur ekki leyfi til a\u00f0 sko\u00f0a \u00feessa s\u00ed\u00f0u.<\/p>","protected":false},"author":3,"featured_media":0,"parent":0,"menu_order":0,"comment_status":"closed","ping_status":"closed","template":"","meta":{"_et_pb_use_builder":"on","_et_pb_old_content":"<header class=\"entry-header\"><\/header>\r\n<div class=\"entry-content clearfix\"><header class=\"entry-header\">\r\n<p class=\"entry-title\"><strong><em>Leikskr\u00e1r og veggspj\u00f6ld skal senda \u00ed PDF formi<\/em><\/strong><\/p>\r\n\r\n<\/header>\r\n<div class=\"entry-content clearfix\"><strong><em>Ef spurningar vakna, hafi\u00f0 samband vi\u00f0 \u00dej\u00f3nustumi\u00f0st\u00f6\u00f0\u00a0<a href=\"mailto:info@leiklist.is\">info@leiklist.is<\/a> e\u00f0a \u00ed s\u00edma 551 6974. Ums\u00f3knir skal senda inn \u00ed s\u00ed\u00f0asta lagi \u00e1 mi\u00f0n\u00e6tti 10. j\u00fan\u00ed, 2024.<\/em><\/strong><\/div>\r\n<strong><span style=\"color: #ff0000;\">\u00d3ska\u00f0 er eftir a\u00f0 f\u00e9l\u00f6gin sendi inn ums\u00f3kn eigi s\u00ed\u00f0ar en 3. j\u00fan\u00ed.<\/span> \u00a0<\/strong>\r\n\r\nSmelli\u00f0 \u00e1 \u00f6rvarnar til a\u00f0 opna\/loka sv\u00e6\u00f0um<img class=\"wp-image-39648 size-medium alignleft\" src=\"https:\/\/leiklist.is\/wp-content\/uploads\/2024\/01\/ArrowExpand-300x34.jpg\" alt=\"\" width=\"300\" height=\"34\" \/>\r\n\r\n\u00a0\r\n\r\n<\/div>\r\n\r\n<hr \/>\r\n\r\n\u00a0\r\n\r\n[formidable id=\"79\"]\r\n\r\n\u00a0","_et_gb_content_width":"","footnotes":""},"class_list":["post-15087","page","type-page","status-publish","hentry"],"_links":{"self":[{"href":"https:\/\/leiklist.is\/en\/wp-json\/wp\/v2\/pages\/15087","targetHints":{"allow":["GET"]}}],"collection":[{"href":"https:\/\/leiklist.is\/en\/wp-json\/wp\/v2\/pages"}],"about":[{"href":"https:\/\/leiklist.is\/en\/wp-json\/wp\/v2\/types\/page"}],"author":[{"embeddable":true,"href":"https:\/\/leiklist.is\/en\/wp-json\/wp\/v2\/users\/3"}],"replies":[{"embeddable":true,"href":"https:\/\/leiklist.is\/en\/wp-json\/wp\/v2\/comments?post=15087"}],"version-history":[{"count":0,"href":"https:\/\/leiklist.is\/en\/wp-json\/wp\/v2\/pages\/15087\/revisions"}],"wp:attachment":[{"href":"https:\/\/leiklist.is\/en\/wp-json\/wp\/v2\/media?parent=15087"}],"curies":[{"name":"wp","href":"https:\/\/api.w.org\/{rel}","templated":true}]}}