{"id":15079,"date":"2020-02-15T18:39:29","date_gmt":"2020-02-15T18:39:29","guid":{"rendered":"http:\/\/leiklist.websitetest.site\/?page_id=15079"},"modified":"2020-02-22T05:22:24","modified_gmt":"2020-02-22T05:22:24","slug":"shylock-lans-og-leigulisti-bil","status":"publish","type":"page","link":"https:\/\/leiklist.is\/en\/shylock-lans-og-leigulisti-bil\/","title":{"rendered":"Shylock (l\u00e1ns- og leigulisti B\u00cdL)"},"content":{"rendered":"<p>[et_pb_section fb_built=&#8220;1&#8243; _builder_version=&#8220;4.3.2&#8243;][et_pb_row _builder_version=&#8220;4.3.2&#8243;][et_pb_column _builder_version=&#8220;4.3.2&#8243; type=&#8220;4_4&#8243;][et_pb_text _builder_version=&#8220;4.3.2&#8243; hover_enabled=&#8220;0&#8243;]<\/p>\n<table border=\"1\" cellpadding=\"15\">\n<thead>\n<tr>\n<th>Hlutur<\/th>\n<th>Mynd<\/th>\n<th>Flokkur<\/th>\n<th>Eigandi<\/th>\n<\/tr>\n<\/thead>\n<tbody>\n<tr>\n<td><a href=\"https:\/\/leiklist.is\/leigulisti-bil\/entry\/1281\">Handj\u00e1rn<\/a><\/td>\n<td><img loading=\"lazy\" decoding=\"async\" width=\"150\" height=\"150\" src=\"https:\/\/leiklist.is\/wp-content\/uploads\/formidable\/52\/IMG_3899-150x150.jpg\" class=\"attachment-thumbnail size-thumbnail\" alt=\"\" srcset=\"https:\/\/leiklist.is\/wp-content\/uploads\/formidable\/52\/IMG_3899-150x150.jpg 150w, https:\/\/leiklist.is\/wp-content\/uploads\/formidable\/52\/IMG_3899-75x75.jpg 75w, https:\/\/leiklist.is\/wp-content\/uploads\/formidable\/52\/IMG_3899-300x300.jpg 300w, https:\/\/leiklist.is\/wp-content\/uploads\/formidable\/52\/IMG_3899-100x100.jpg 100w\" sizes=\"auto, (max-width: 150px) 100vw, 150px\" \/><\/td>\n<td>Leikmunir<\/td>\n<td>Leikf\u00e9lag K\u00f3pavogs<\/td>\n<\/tr>\n<tr>\n<td><a href=\"https:\/\/leiklist.is\/leigulisti-bil\/entry\/1852\">Kaffikanna<\/a><\/td>\n<td><\/td>\n<td>Leikmunir<\/td>\n<td>lensherra<\/td>\n<\/tr>\n<tr>\n<td><a href=\"https:\/\/leiklist.is\/leigulisti-bil\/entry\/1401\">L\u00edkamspartar<\/a><\/td>\n<td>\n<div class=\"frm_file_container\"><img loading=\"lazy\" decoding=\"async\" width=\"150\" height=\"150\" src=\"https:\/\/leiklist.is\/wp-content\/uploads\/formidable\/52\/Screenshot-2018-10-02-at-16.06.26-2-150x150.png\" class=\"attachment-thumbnail size-thumbnail\" alt=\"\" srcset=\"https:\/\/leiklist.is\/wp-content\/uploads\/formidable\/52\/Screenshot-2018-10-02-at-16.06.26-2-150x150.png 150w, https:\/\/leiklist.is\/wp-content\/uploads\/formidable\/52\/Screenshot-2018-10-02-at-16.06.26-2-300x301.png 300w, https:\/\/leiklist.is\/wp-content\/uploads\/formidable\/52\/Screenshot-2018-10-02-at-16.06.26-2-768x770.png 768w, https:\/\/leiklist.is\/wp-content\/uploads\/formidable\/52\/Screenshot-2018-10-02-at-16.06.26-2-75x75.png 75w, https:\/\/leiklist.is\/wp-content\/uploads\/formidable\/52\/Screenshot-2018-10-02-at-16.06.26-2-100x100.png 100w, https:\/\/leiklist.is\/wp-content\/uploads\/formidable\/52\/Screenshot-2018-10-02-at-16.06.26-2.png 998w\" sizes=\"auto, (max-width: 150px) 100vw, 150px\" \/><span>\u00a0<\/span><img loading=\"lazy\" decoding=\"async\" width=\"150\" height=\"150\" src=\"https:\/\/leiklist.is\/wp-content\/uploads\/formidable\/52\/Screenshot-2018-10-02-at-16.06.34-1-150x150.png\" class=\"attachment-thumbnail size-thumbnail\" alt=\"\" srcset=\"https:\/\/leiklist.is\/wp-content\/uploads\/formidable\/52\/Screenshot-2018-10-02-at-16.06.34-1-150x150.png 150w, https:\/\/leiklist.is\/wp-content\/uploads\/formidable\/52\/Screenshot-2018-10-02-at-16.06.34-1-300x299.png 300w, https:\/\/leiklist.is\/wp-content\/uploads\/formidable\/52\/Screenshot-2018-10-02-at-16.06.34-1-768x766.png 768w, https:\/\/leiklist.is\/wp-content\/uploads\/formidable\/52\/Screenshot-2018-10-02-at-16.06.34-1-75x75.png 75w, https:\/\/leiklist.is\/wp-content\/uploads\/formidable\/52\/Screenshot-2018-10-02-at-16.06.34-1-100x100.png 100w, https:\/\/leiklist.is\/wp-content\/uploads\/formidable\/52\/Screenshot-2018-10-02-at-16.06.34-1.png 998w\" sizes=\"auto, (max-width: 150px) 100vw, 150px\" \/><\/div>\n<\/td>\n<td>Leikmunir<\/td>\n<td>lensherra<\/td>\n<\/tr>\n<tr>\n<td><a href=\"https:\/\/leiklist.is\/leigulisti-bil\/entry\/1573\">Superman b\u00faningur<\/a><\/td>\n<td><img loading=\"lazy\" decoding=\"async\" width=\"150\" height=\"150\" src=\"https:\/\/leiklist.is\/wp-content\/uploads\/formidable\/52\/superman-150x150.jpg\" class=\"attachment-thumbnail size-thumbnail\" alt=\"\" srcset=\"https:\/\/leiklist.is\/wp-content\/uploads\/formidable\/52\/superman-150x150.jpg 150w, https:\/\/leiklist.is\/wp-content\/uploads\/formidable\/52\/superman-75x75.jpg 75w, https:\/\/leiklist.is\/wp-content\/uploads\/formidable\/52\/superman-300x300.jpg 300w, https:\/\/leiklist.is\/wp-content\/uploads\/formidable\/52\/superman-100x100.jpg 100w\" sizes=\"auto, (max-width: 150px) 100vw, 150px\" \/><\/td>\n<td>B\u00faningar<\/td>\n<td>lensherra<\/td>\n<\/tr>\n<\/tbody>\n<\/table>\n<p>[\/et_pb_text][\/et_pb_column][\/et_pb_row][\/et_pb_section]<\/p>\n","protected":false},"excerpt":{"rendered":"<p>Hlutur Mynd Flokkur Eigandi Handj\u00e1rn Leikmunir Leikf\u00e9lag K\u00f3pavogs Kaffikanna Leikmunir lensherra L\u00edkamspartar \u00a0 Leikmunir lensherra Superman b\u00faningur B\u00faningar lensherra<\/p>","protected":false},"author":3,"featured_media":0,"parent":0,"menu_order":0,"comment_status":"closed","ping_status":"closed","template":"","meta":{"_et_pb_use_builder":"on","_et_pb_old_content":"","_et_gb_content_width":"","footnotes":""},"class_list":["post-15079","page","type-page","status-publish","hentry"],"_links":{"self":[{"href":"https:\/\/leiklist.is\/en\/wp-json\/wp\/v2\/pages\/15079","targetHints":{"allow":["GET"]}}],"collection":[{"href":"https:\/\/leiklist.is\/en\/wp-json\/wp\/v2\/pages"}],"about":[{"href":"https:\/\/leiklist.is\/en\/wp-json\/wp\/v2\/types\/page"}],"author":[{"embeddable":true,"href":"https:\/\/leiklist.is\/en\/wp-json\/wp\/v2\/users\/3"}],"replies":[{"embeddable":true,"href":"https:\/\/leiklist.is\/en\/wp-json\/wp\/v2\/comments?post=15079"}],"version-history":[{"count":0,"href":"https:\/\/leiklist.is\/en\/wp-json\/wp\/v2\/pages\/15079\/revisions"}],"wp:attachment":[{"href":"https:\/\/leiklist.is\/en\/wp-json\/wp\/v2\/media?parent=15079"}],"curies":[{"name":"wp","href":"https:\/\/api.w.org\/{rel}","templated":true}]}}