{"id":15018,"date":"2020-02-15T18:05:49","date_gmt":"2020-02-15T18:05:49","guid":{"rendered":"http:\/\/leiklist.websitetest.site\/?page_id=15018"},"modified":"2026-02-26T20:57:20","modified_gmt":"2026-02-26T20:57:20","slug":"leiklistarskoli-bil","status":"publish","type":"page","link":"https:\/\/leiklist.is\/en\/leiklistarskoli-bil\/","title":{"rendered":"Leiklistarsk\u00f3li B\u00cdL"},"content":{"rendered":"<p>[et_pb_section fb_built=&#8220;1&#8243; _builder_version=&#8220;4.3.2&#8243; custom_padding=&#8220;0px|||||&#8220;][et_pb_row column_structure=&#8220;3_4,1_4&#8243; _builder_version=&#8220;4.3.2&#8243;][et_pb_column type=&#8220;3_4&#8243; _builder_version=&#8220;4.3.2&#8243;][et_pb_text _builder_version=&#8220;4.9.10&#8243; text_text_color=&#8220;#000000&#8243; vertical_offset_tablet=&#8220;0&#8243; horizontal_offset_tablet=&#8220;0&#8243; z_index_tablet=&#8220;0&#8243; text_text_shadow_horizontal_length_tablet=&#8220;0px&#8220; text_text_shadow_vertical_length_tablet=&#8220;0px&#8220; text_text_shadow_blur_strength_tablet=&#8220;1px&#8220; link_text_shadow_horizontal_length_tablet=&#8220;0px&#8220; link_text_shadow_vertical_length_tablet=&#8220;0px&#8220; link_text_shadow_blur_strength_tablet=&#8220;1px&#8220; ul_text_shadow_horizontal_length_tablet=&#8220;0px&#8220; ul_text_shadow_vertical_length_tablet=&#8220;0px&#8220; ul_text_shadow_blur_strength_tablet=&#8220;1px&#8220; ol_text_shadow_horizontal_length_tablet=&#8220;0px&#8220; ol_text_shadow_vertical_length_tablet=&#8220;0px&#8220; ol_text_shadow_blur_strength_tablet=&#8220;1px&#8220; quote_text_shadow_horizontal_length_tablet=&#8220;0px&#8220; quote_text_shadow_vertical_length_tablet=&#8220;0px&#8220; quote_text_shadow_blur_strength_tablet=&#8220;1px&#8220; header_text_shadow_horizontal_length_tablet=&#8220;0px&#8220; header_text_shadow_vertical_length_tablet=&#8220;0px&#8220; header_text_shadow_blur_strength_tablet=&#8220;1px&#8220; header_2_text_shadow_horizontal_length_tablet=&#8220;0px&#8220; header_2_text_shadow_vertical_length_tablet=&#8220;0px&#8220; header_2_text_shadow_blur_strength_tablet=&#8220;1px&#8220; header_3_text_shadow_horizontal_length_tablet=&#8220;0px&#8220; header_3_text_shadow_vertical_length_tablet=&#8220;0px&#8220; header_3_text_shadow_blur_strength_tablet=&#8220;1px&#8220; header_4_text_shadow_horizontal_length_tablet=&#8220;0px&#8220; header_4_text_shadow_vertical_length_tablet=&#8220;0px&#8220; header_4_text_shadow_blur_strength_tablet=&#8220;1px&#8220; header_5_text_shadow_horizontal_length_tablet=&#8220;0px&#8220; header_5_text_shadow_vertical_length_tablet=&#8220;0px&#8220; header_5_text_shadow_blur_strength_tablet=&#8220;1px&#8220; header_6_text_shadow_horizontal_length_tablet=&#8220;0px&#8220; header_6_text_shadow_vertical_length_tablet=&#8220;0px&#8220; header_6_text_shadow_blur_strength_tablet=&#8220;1px&#8220; box_shadow_horizontal_tablet=&#8220;0px&#8220; box_shadow_vertical_tablet=&#8220;0px&#8220; box_shadow_blur_tablet=&#8220;40px&#8220; box_shadow_spread_tablet=&#8220;0px&#8220;]<\/p>\n<p>Leiklistarsk\u00f3li Bandalags \u00edslenskra leikf\u00e9laga hefur starfa\u00f0 \u00ed n\u00faverandi mynd s\u00ed\u00f0an vori\u00f0 1997. \u00c1rlega s\u00ed\u00f0an hefur sk\u00f3linn starfa\u00f0 \u00ed 9 daga \u00e1 \u00e1ri, venjulega \u00ed j\u00fan\u00ed og hefur veri\u00f0 bo\u00f0i\u00f0 upp \u00e1 mikinn fj\u00f6lda n\u00e1mskei\u00f0a sem s\u00f3tt hafa veri\u00f0 af yfir \u00fe\u00fasund nemendum.<\/p>\n<p><a href=\"https:\/\/leiklist.is\/leiklistarskn\/\" title=\"Leiklistarsk\u00f3linn\">N\u00e1nari uppl\u00fdsingar um sk\u00f3lann og n\u00e1mskei\u00f0 fyrri \u00e1ra.<\/a><\/p>\n<p><a href=\"https:\/\/leiklist.is\/bekkjarmyndir-fra-leiklistarskola-bil\/\">Sk\u00f3lamyndir fr\u00e1 1997-2019<\/a><\/p>\n<p>[\/et_pb_text][\/et_pb_column][et_pb_column type=&#8220;1_4&#8243; _builder_version=&#8220;4.3.2&#8243;][et_pb_image src=&#8220;https:\/\/leiklist.is\/wp-content\/uploads\/2020\/03\/skolalogo_colour60small.jpg&#8220; _builder_version=&#8220;4.4.0&#8243; vertical_offset_tablet=&#8220;0&#8243; horizontal_offset_tablet=&#8220;0&#8243; z_index_tablet=&#8220;0&#8243; box_shadow_horizontal_tablet=&#8220;0px&#8220; box_shadow_vertical_tablet=&#8220;0px&#8220; box_shadow_blur_tablet=&#8220;40px&#8220; box_shadow_spread_tablet=&#8220;0px&#8220;]<br \/>\n[\/et_pb_image][\/et_pb_column][\/et_pb_row][et_pb_row _builder_version=&#8220;4.3.2&#8243; border_width_top=&#8220;1px&#8220; border_color_top=&#8220;#a3a3a3&#8243; border_style_top=&#8220;dotted&#8220;][et_pb_column type=&#8220;4_4&#8243; _builder_version=&#8220;4.3.2&#8243;][et_pb_text _builder_version=&#8220;4.9.10&#8243; text_text_color=&#8220;#000000&#8243; vertical_offset_tablet=&#8220;0&#8243; horizontal_offset_tablet=&#8220;0&#8243; hover_enabled=&#8220;0&#8243; z_index_tablet=&#8220;0&#8243; text_text_shadow_horizontal_length_tablet=&#8220;0px&#8220; text_text_shadow_vertical_length_tablet=&#8220;0px&#8220; text_text_shadow_blur_strength_tablet=&#8220;1px&#8220; link_text_shadow_horizontal_length_tablet=&#8220;0px&#8220; link_text_shadow_vertical_length_tablet=&#8220;0px&#8220; link_text_shadow_blur_strength_tablet=&#8220;1px&#8220; ul_text_shadow_horizontal_length_tablet=&#8220;0px&#8220; ul_text_shadow_vertical_length_tablet=&#8220;0px&#8220; ul_text_shadow_blur_strength_tablet=&#8220;1px&#8220; ol_text_shadow_horizontal_length_tablet=&#8220;0px&#8220; ol_text_shadow_vertical_length_tablet=&#8220;0px&#8220; ol_text_shadow_blur_strength_tablet=&#8220;1px&#8220; quote_text_shadow_horizontal_length_tablet=&#8220;0px&#8220; quote_text_shadow_vertical_length_tablet=&#8220;0px&#8220; quote_text_shadow_blur_strength_tablet=&#8220;1px&#8220; header_text_shadow_horizontal_length_tablet=&#8220;0px&#8220; header_text_shadow_vertical_length_tablet=&#8220;0px&#8220; header_text_shadow_blur_strength_tablet=&#8220;1px&#8220; header_2_text_shadow_horizontal_length_tablet=&#8220;0px&#8220; header_2_text_shadow_vertical_length_tablet=&#8220;0px&#8220; header_2_text_shadow_blur_strength_tablet=&#8220;1px&#8220; header_3_text_shadow_horizontal_length_tablet=&#8220;0px&#8220; header_3_text_shadow_vertical_length_tablet=&#8220;0px&#8220; header_3_text_shadow_blur_strength_tablet=&#8220;1px&#8220; header_4_text_shadow_horizontal_length_tablet=&#8220;0px&#8220; header_4_text_shadow_vertical_length_tablet=&#8220;0px&#8220; header_4_text_shadow_blur_strength_tablet=&#8220;1px&#8220; header_5_text_shadow_horizontal_length_tablet=&#8220;0px&#8220; header_5_text_shadow_vertical_length_tablet=&#8220;0px&#8220; header_5_text_shadow_blur_strength_tablet=&#8220;1px&#8220; header_6_text_shadow_horizontal_length_tablet=&#8220;0px&#8220; header_6_text_shadow_vertical_length_tablet=&#8220;0px&#8220; header_6_text_shadow_blur_strength_tablet=&#8220;1px&#8220; box_shadow_horizontal_tablet=&#8220;0px&#8220; box_shadow_vertical_tablet=&#8220;0px&#8220; box_shadow_blur_tablet=&#8220;40px&#8220; box_shadow_spread_tablet=&#8220;0px&#8220; sticky_enabled=&#8220;0&#8243;]<\/p>\n<div class=\"page\" title=\"Page 2\">\n<div class=\"layoutArea\">\n<div class=\"column\">\n<h4><b><img loading=\"lazy\" decoding=\"async\" src=\"https:\/\/leiklist.is\/wp-content\/uploads\/2026\/02\/Reykjaskoli_2026square-300x300.jpg\" width=\"300\" height=\"300\" alt=\"\" class=\"wp-image-42219 alignright size-medium\" srcset=\"https:\/\/leiklist.is\/wp-content\/uploads\/2026\/02\/Reykjaskoli_2026square-300x300.jpg 300w, https:\/\/leiklist.is\/wp-content\/uploads\/2026\/02\/Reykjaskoli_2026square-150x150.jpg 150w, https:\/\/leiklist.is\/wp-content\/uploads\/2026\/02\/Reykjaskoli_2026square-768x768.jpg 768w, https:\/\/leiklist.is\/wp-content\/uploads\/2026\/02\/Reykjaskoli_2026square-12x12.jpg 12w, https:\/\/leiklist.is\/wp-content\/uploads\/2026\/02\/Reykjaskoli_2026square-440x440.jpg 440w, https:\/\/leiklist.is\/wp-content\/uploads\/2026\/02\/Reykjaskoli_2026square-600x600.jpg 600w, https:\/\/leiklist.is\/wp-content\/uploads\/2026\/02\/Reykjaskoli_2026square-100x100.jpg 100w, https:\/\/leiklist.is\/wp-content\/uploads\/2026\/02\/Reykjaskoli_2026square.jpg 800w\" sizes=\"auto, (max-width: 300px) 100vw, 300px\" \/>Starfs\u00e1ri\u00f0 2026\u00a0<\/b><\/h4>\n<p>Starfst\u00edmi sk\u00f3lans ver\u00f0ur fr\u00e1 lau. 20. j\u00fan\u00ed til sun. 28. j\u00fan\u00ed a\u00f0 Reykjask\u00f3la \u00ed Hr\u00fatafir\u00f0i.<b>\u00a0<\/b>Skr\u00e1ning \u00ed sk\u00f3lann hefst 1. mars kl. 12.00 og stendur til 31. mars.<\/p>\n<p><strong><a href=\"https:\/\/leiklist.is\/leiklistarskoli-bil-2026\/\">N\u00e1nari uppl\u00fdsingar um starfs\u00e1ri\u00f0 2026<\/a><br \/><\/strong><\/p>\n<\/div>\n<\/div>\n<\/div>\n<p>[\/et_pb_text][\/et_pb_column][\/et_pb_row][\/et_pb_section]<\/p>\n","protected":false},"excerpt":{"rendered":"<p>Leiklistarsk\u00f3li Bandalags \u00edslenskra leikf\u00e9laga hefur starfa\u00f0 \u00ed n\u00faverandi mynd s\u00ed\u00f0an vori\u00f0 1997. \u00c1rlega s\u00ed\u00f0an hefur sk\u00f3linn starfa\u00f0 \u00ed 9 daga \u00e1 \u00e1ri, venjulega \u00ed j\u00fan\u00ed og hefur veri\u00f0 bo\u00f0i\u00f0 upp \u00e1 mikinn fj\u00f6lda n\u00e1mskei\u00f0a sem s\u00f3tt hafa veri\u00f0 af yfir \u00fe\u00fasund nemendum. N\u00e1nari uppl\u00fdsingar um sk\u00f3lann og n\u00e1mskei\u00f0 fyrri \u00e1ra. Sk\u00f3lamyndir fr\u00e1 1997-2019 Starfs\u00e1ri\u00f0 2026\u00a0 [&hellip;]<\/p>\n","protected":false},"author":3,"featured_media":0,"parent":0,"menu_order":0,"comment_status":"closed","ping_status":"closed","template":"","meta":{"_et_pb_use_builder":"on","_et_pb_old_content":"","_et_gb_content_width":"","footnotes":""},"class_list":["post-15018","page","type-page","status-publish","hentry"],"_links":{"self":[{"href":"https:\/\/leiklist.is\/en\/wp-json\/wp\/v2\/pages\/15018","targetHints":{"allow":["GET"]}}],"collection":[{"href":"https:\/\/leiklist.is\/en\/wp-json\/wp\/v2\/pages"}],"about":[{"href":"https:\/\/leiklist.is\/en\/wp-json\/wp\/v2\/types\/page"}],"author":[{"embeddable":true,"href":"https:\/\/leiklist.is\/en\/wp-json\/wp\/v2\/users\/3"}],"replies":[{"embeddable":true,"href":"https:\/\/leiklist.is\/en\/wp-json\/wp\/v2\/comments?post=15018"}],"version-history":[{"count":6,"href":"https:\/\/leiklist.is\/en\/wp-json\/wp\/v2\/pages\/15018\/revisions"}],"predecessor-version":[{"id":42305,"href":"https:\/\/leiklist.is\/en\/wp-json\/wp\/v2\/pages\/15018\/revisions\/42305"}],"wp:attachment":[{"href":"https:\/\/leiklist.is\/en\/wp-json\/wp\/v2\/media?parent=15018"}],"curies":[{"name":"wp","href":"https:\/\/api.w.org\/{rel}","templated":true}]}}