{"id":15002,"date":"2020-02-15T17:50:04","date_gmt":"2020-02-15T17:50:04","guid":{"rendered":"http:\/\/leiklist.websitetest.site\/?page_id=15002"},"modified":"2022-09-30T10:16:20","modified_gmt":"2022-09-30T10:16:20","slug":"styrkir","status":"publish","type":"page","link":"https:\/\/leiklist.is\/en\/styrkir\/","title":{"rendered":"Styrkir"},"content":{"rendered":"<p>[et_pb_section fb_built=&#8220;1&#8243; _builder_version=&#8220;4.3.2&#8243; custom_padding=&#8220;0px|||||&#8220;][et_pb_row _builder_version=&#8220;4.3.2&#8243;][et_pb_column type=&#8220;4_4&#8243; _builder_version=&#8220;4.3.2&#8243;][et_pb_text _builder_version=&#8220;4.9.10&#8243; text_text_color=&#8220;#000000&#8243; vertical_offset_tablet=&#8220;0&#8243; horizontal_offset_tablet=&#8220;0&#8243; hover_enabled=&#8220;0&#8243; z_index_tablet=&#8220;0&#8243; text_text_shadow_horizontal_length_tablet=&#8220;0px&#8220; text_text_shadow_vertical_length_tablet=&#8220;0px&#8220; text_text_shadow_blur_strength_tablet=&#8220;1px&#8220; link_text_shadow_horizontal_length_tablet=&#8220;0px&#8220; link_text_shadow_vertical_length_tablet=&#8220;0px&#8220; link_text_shadow_blur_strength_tablet=&#8220;1px&#8220; ul_text_shadow_horizontal_length_tablet=&#8220;0px&#8220; ul_text_shadow_vertical_length_tablet=&#8220;0px&#8220; ul_text_shadow_blur_strength_tablet=&#8220;1px&#8220; ol_text_shadow_horizontal_length_tablet=&#8220;0px&#8220; ol_text_shadow_vertical_length_tablet=&#8220;0px&#8220; ol_text_shadow_blur_strength_tablet=&#8220;1px&#8220; quote_text_shadow_horizontal_length_tablet=&#8220;0px&#8220; quote_text_shadow_vertical_length_tablet=&#8220;0px&#8220; quote_text_shadow_blur_strength_tablet=&#8220;1px&#8220; header_text_shadow_horizontal_length_tablet=&#8220;0px&#8220; header_text_shadow_vertical_length_tablet=&#8220;0px&#8220; header_text_shadow_blur_strength_tablet=&#8220;1px&#8220; header_2_text_shadow_horizontal_length_tablet=&#8220;0px&#8220; header_2_text_shadow_vertical_length_tablet=&#8220;0px&#8220; header_2_text_shadow_blur_strength_tablet=&#8220;1px&#8220; header_3_text_shadow_horizontal_length_tablet=&#8220;0px&#8220; header_3_text_shadow_vertical_length_tablet=&#8220;0px&#8220; header_3_text_shadow_blur_strength_tablet=&#8220;1px&#8220; header_4_text_shadow_horizontal_length_tablet=&#8220;0px&#8220; header_4_text_shadow_vertical_length_tablet=&#8220;0px&#8220; header_4_text_shadow_blur_strength_tablet=&#8220;1px&#8220; header_5_text_shadow_horizontal_length_tablet=&#8220;0px&#8220; header_5_text_shadow_vertical_length_tablet=&#8220;0px&#8220; header_5_text_shadow_blur_strength_tablet=&#8220;1px&#8220; header_6_text_shadow_horizontal_length_tablet=&#8220;0px&#8220; header_6_text_shadow_vertical_length_tablet=&#8220;0px&#8220; header_6_text_shadow_blur_strength_tablet=&#8220;1px&#8220; box_shadow_horizontal_tablet=&#8220;0px&#8220; box_shadow_vertical_tablet=&#8220;0px&#8220; box_shadow_blur_tablet=&#8220;40px&#8220; box_shadow_spread_tablet=&#8220;0px&#8220; sticky_enabled=&#8220;0&#8243;]<\/p>\n<p><strong><a href=\"https:\/\/leiklist.is\/styrkumsokn\/\"><img loading=\"lazy\" decoding=\"async\" class=\"alignright wp-image-20129 size-medium\" src=\"http:\/\/leiklist.websitetest.site\/wp-content\/uploads\/2020\/03\/Styrkumsokn2020-300x73.jpg\" alt=\"\" width=\"300\" height=\"73\" srcset=\"https:\/\/leiklist.is\/wp-content\/uploads\/2020\/03\/Styrkumsokn2020-300x73.jpg 300w, https:\/\/leiklist.is\/wp-content\/uploads\/2020\/03\/Styrkumsokn2020.jpg 370w\" sizes=\"auto, (max-width: 300px) 100vw, 300px\" \/><\/a>Menntingar- og vi\u00f0skiptar\u00e1\u00f0uneyti\u00f0<\/strong><br \/>veitir \u00e1rlega styrki til a\u00f0ildarf\u00e9laga Bandalags \u00edslenskra leikf\u00e9laga, en\u00a0<a href=\"https:\/\/leiklist.is\/stjorn\/\">stj\u00f3rn\u00a0<\/a>\u00feess fer yfir ums\u00f3knirnar og vinnur till\u00f6gur a\u00f0 styrkveitingum til r\u00e1\u00f0uneytisins. Leik\u00e1r Bandalagsf\u00e9laganna er fr\u00e1 1. j\u00fan\u00ed til 31. ma\u00ed. S\u00e6kja skal um \u00e1\u00a0<a href=\"https:\/\/leiklist.is\/innskraning\/\">Leiklistarvefnum<\/a>. S\u00ed\u00f0asti skiladagur er 10. j\u00fan\u00ed \u00e1r hvert. H\u00e9r eru\u00a0<a href=\"https:\/\/leiklist.is\/wp-content\/uploads\/2020\/02\/\u00dathlutunarreglur-2019.pdf\">\u00fathlutunarreglurnar.<\/a><\/p>\n<p><strong>Hitt h\u00fasi\u00f0<\/strong>\u00a0\u2013 P\u00f3sth\u00fasstr\u00e6ti 3-5, 101 RVK \u2013 s\u00edmi 551 5353<br \/>Hitt h\u00fasi\u00f0 er uppl\u00fdsingami\u00f0st\u00f6\u00f0 ungs f\u00f3lks \u00e1 aldrinum 16 \u2013 25 \u00e1ra. \u00dear er h\u00e6gt a\u00f0 n\u00e1lgast miki\u00f0 af uppl\u00fdsingum um styrki, s\u00e9rstaklega evr\u00f3pska, til margskonar verkefna.<br \/>Netfang hitthusid@hitthusid.is<br \/>Veffang\u00a0<a href=\"http:\/\/www.hitthusid.is\/\">www.hitthusid.is<\/a><\/p>\n<p><strong>Norr\u00e6na h\u00fasi\u00f0<\/strong>, v\/Hringbraut, 101 Reykjav\u00edk, s\u00edmi 551 7030<br \/>Norr\u00e6na h\u00fasi\u00f0 veitir fer\u00f0astyrki til frj\u00e1lsra f\u00e9lagasamtaka til a\u00f0 s\u00e6kja r\u00e1\u00f0stefnur og fundi \u00e1 hinum Nor\u00f0url\u00f6ndunum.<br \/>N\u00e1nari uppl\u00fdsingar \u00e1 vefsl\u00f3\u00f0inni\u00a0<a href=\"https:\/\/nordichouse.is\/norraent-samstarf\/norraenar-styrktegundir\/\">http:\/\/www.nordice.is\/<\/a><\/p>\n<p>Viti\u00f0 \u00fei\u00f0 um a\u00f0ra styrki sem standa leikh\u00fasf\u00f3lki til bo\u00f0a?<br \/>L\u00e1ti\u00f0 okkur vita ef \u00fei\u00f0 rekist \u00e1 einhverja sem vi\u00f0 vitum ekki um\u2026.<\/p>\n<p>[\/et_pb_text][\/et_pb_column][\/et_pb_row][\/et_pb_section]<\/p>\n","protected":false},"excerpt":{"rendered":"<p>Menntingar- og vi\u00f0skiptar\u00e1\u00f0uneyti\u00f0veitir \u00e1rlega styrki til a\u00f0ildarf\u00e9laga Bandalags \u00edslenskra leikf\u00e9laga, en\u00a0stj\u00f3rn\u00a0\u00feess fer yfir ums\u00f3knirnar og vinnur till\u00f6gur a\u00f0 styrkveitingum til r\u00e1\u00f0uneytisins. Leik\u00e1r Bandalagsf\u00e9laganna er fr\u00e1 1. j\u00fan\u00ed til 31. ma\u00ed. S\u00e6kja skal um \u00e1\u00a0Leiklistarvefnum. S\u00ed\u00f0asti skiladagur er 10. j\u00fan\u00ed \u00e1r hvert. H\u00e9r eru\u00a0\u00fathlutunarreglurnar. Hitt h\u00fasi\u00f0\u00a0\u2013 P\u00f3sth\u00fasstr\u00e6ti 3-5, 101 RVK \u2013 s\u00edmi 551 5353Hitt h\u00fasi\u00f0 er [&hellip;]<\/p>\n","protected":false},"author":3,"featured_media":0,"parent":0,"menu_order":0,"comment_status":"closed","ping_status":"closed","template":"","meta":{"_et_pb_use_builder":"on","_et_pb_old_content":"","_et_gb_content_width":"","footnotes":""},"class_list":["post-15002","page","type-page","status-publish","hentry"],"_links":{"self":[{"href":"https:\/\/leiklist.is\/en\/wp-json\/wp\/v2\/pages\/15002","targetHints":{"allow":["GET"]}}],"collection":[{"href":"https:\/\/leiklist.is\/en\/wp-json\/wp\/v2\/pages"}],"about":[{"href":"https:\/\/leiklist.is\/en\/wp-json\/wp\/v2\/types\/page"}],"author":[{"embeddable":true,"href":"https:\/\/leiklist.is\/en\/wp-json\/wp\/v2\/users\/3"}],"replies":[{"embeddable":true,"href":"https:\/\/leiklist.is\/en\/wp-json\/wp\/v2\/comments?post=15002"}],"version-history":[{"count":0,"href":"https:\/\/leiklist.is\/en\/wp-json\/wp\/v2\/pages\/15002\/revisions"}],"wp:attachment":[{"href":"https:\/\/leiklist.is\/en\/wp-json\/wp\/v2\/media?parent=15002"}],"curies":[{"name":"wp","href":"https:\/\/api.w.org\/{rel}","templated":true}]}}