{"id":14989,"date":"2020-02-15T17:43:16","date_gmt":"2020-02-15T17:43:16","guid":{"rendered":"http:\/\/leiklist.websitetest.site\/?page_id=14989"},"modified":"2024-05-21T18:00:38","modified_gmt":"2024-05-21T18:00:38","slug":"stjornarsida","status":"publish","type":"page","link":"https:\/\/leiklist.is\/en\/stjornarsida\/","title":{"rendered":"Stj\u00f3rnars\u00ed\u00f0a"},"content":{"rendered":"<p>[et_pb_section fb_built=&#8220;1&#8243; _builder_version=&#8220;4.3.1&#8243; custom_padding=&#8220;0px|||||&#8220;][et_pb_row column_structure=&#8220;2_3,1_3&#8243; _builder_version=&#8220;4.3.2&#8243; border_width_top=&#8220;1px&#8220; border_color_top=&#8220;#a0a0a0&#8243; border_style_top=&#8220;dotted&#8220;][et_pb_column type=&#8220;2_3&#8243; _builder_version=&#8220;4.3.2&#8243;][et_pb_text _builder_version=&#8220;4.9.10&#8243; text_text_color=&#8220;#000000&#8243;]<\/p>\n<p><a href=\"https:\/\/leiklist.is\/frm_display\/fundargerdir-stjornar-bil\">Fundarger\u00f0ir stj\u00f3rnar<\/a>\u00a0\u2013\u00a0<a href=\"https:\/\/leiklist.is\/fundargerd-stjornar\/\">N\u00fd fundarger\u00f0<\/a><\/p>\n<p><a href=\"https:\/\/leiklist.is\/adalfundargerdir\/\">A\u00f0alfundarger\u00f0ir<\/a>\u00a0\u2013 Sk\u00fdrslur nefnda \u2013 <a href=\"https:\/\/leiklist.is\/felagapostar-BIL\/\">F\u00e9lagap\u00f3star<\/a><\/p>\n<p><a href=\"https:\/\/leiklist.is\/wp-content\/uploads\/2022\/03\/LogBIL2021.pdf\">L\u00f6g B\u00cdL<\/a>\u00a0\u2013\u00a0<a href=\"https:\/\/leiklist.is\/bandalag-islenskra-leikfelaga\/\">\u00c1rsritin<\/a>\u00a0\u2013\u00a0<a href=\"https:\/\/leiklist.is\/wp-content\/uploads\/2020\/02\/\u00dathlutunarreglur-2019.pdf\">\u00dathlutunarreglur<\/a>\u00a0\u2013\u00a0<a href=\"https:\/\/leiklist.is\/wp-content\/uploads\/2020\/03\/Starfsaaetlun2019-2020.pdf\">Starfs\u00e1\u00e6tlun<\/a>\u00a0\u2013\u00a0<a href=\"https:\/\/leiklist.is\/?p=306\">Menningarstefna<\/a><\/p>\n<hr \/>\n<p><a href=\"https:\/\/leiklist.is\/frm_display\/fundargerdir-skolanefndar\/\">Fundarger\u00f0ir sk\u00f3lanefndar<\/a>\u00a0\u2013\u00a0<a href=\"https:\/\/leiklist.is\/fundagerd-skolanefndar\/\">N\u00fd fundarger\u00f0<\/a><\/p>\n<hr \/>\n<p><a href=\"https:\/\/leiklist.is\/skyrslur-framkv-stjora-2019\/\">Sk\u00fdrslur framkv\u00e6mdastj\u00f3ra<\/a><\/p>\n<hr \/>\n<p><a href=\"https:\/\/leiklist.is\/wp-content\/uploads\/2020\/02\/Hofundalaun_Taxti01062018.pdf\">Taxti \u2013 h\u00f6funda- og \u00fe\u00fd\u00f0endalaun<\/a><\/p>\n<p>[\/et_pb_text][\/et_pb_column][et_pb_column type=&#8220;1_3&#8243; _builder_version=&#8220;4.3.2&#8243;][et_pb_image src=&#8220;https:\/\/leiklist.is\/wp-content\/uploads\/2021\/01\/BIL_logo_round_shadow-300&#215;300.jpg&#8220; alt=&#8220;BIL_logo_round_shadow&#8220; title_text=&#8220;BIL_logo_round_shadow&#8220; show_in_lightbox=&#8220;on&#8220; force_fullwidth=&#8220;on&#8220; _builder_version=&#8220;4.9.10&#8243;]<br \/>\n[\/et_pb_image][\/et_pb_column][\/et_pb_row][\/et_pb_section]<\/p>\n","protected":false},"excerpt":{"rendered":"<p>Fundarger\u00f0ir stj\u00f3rnar\u00a0\u2013\u00a0N\u00fd fundarger\u00f0 A\u00f0alfundarger\u00f0ir\u00a0\u2013 Sk\u00fdrslur nefnda \u2013 F\u00e9lagap\u00f3star L\u00f6g B\u00cdL\u00a0\u2013\u00a0\u00c1rsritin\u00a0\u2013\u00a0\u00dathlutunarreglur\u00a0\u2013\u00a0Starfs\u00e1\u00e6tlun\u00a0\u2013\u00a0Menningarstefna Fundarger\u00f0ir sk\u00f3lanefndar\u00a0\u2013\u00a0N\u00fd fundarger\u00f0 Sk\u00fdrslur framkv\u00e6mdastj\u00f3ra Taxti \u2013 h\u00f6funda- og \u00fe\u00fd\u00f0endalaun<\/p>","protected":false},"author":3,"featured_media":0,"parent":0,"menu_order":0,"comment_status":"closed","ping_status":"closed","template":"","meta":{"_et_pb_use_builder":"on","_et_pb_old_content":"","_et_gb_content_width":"","footnotes":""},"class_list":["post-14989","page","type-page","status-publish","hentry"],"_links":{"self":[{"href":"https:\/\/leiklist.is\/en\/wp-json\/wp\/v2\/pages\/14989","targetHints":{"allow":["GET"]}}],"collection":[{"href":"https:\/\/leiklist.is\/en\/wp-json\/wp\/v2\/pages"}],"about":[{"href":"https:\/\/leiklist.is\/en\/wp-json\/wp\/v2\/types\/page"}],"author":[{"embeddable":true,"href":"https:\/\/leiklist.is\/en\/wp-json\/wp\/v2\/users\/3"}],"replies":[{"embeddable":true,"href":"https:\/\/leiklist.is\/en\/wp-json\/wp\/v2\/comments?post=14989"}],"version-history":[{"count":0,"href":"https:\/\/leiklist.is\/en\/wp-json\/wp\/v2\/pages\/14989\/revisions"}],"wp:attachment":[{"href":"https:\/\/leiklist.is\/en\/wp-json\/wp\/v2\/media?parent=14989"}],"curies":[{"name":"wp","href":"https:\/\/api.w.org\/{rel}","templated":true}]}}