{"id":14983,"date":"2020-02-15T16:48:37","date_gmt":"2020-02-15T16:48:37","guid":{"rendered":"http:\/\/leiklist.websitetest.site\/?page_id=14983"},"modified":"2020-02-15T16:54:42","modified_gmt":"2020-02-15T16:54:42","slug":"fundargerdir-stjornar-bil","status":"publish","type":"page","link":"https:\/\/leiklist.is\/en\/fundargerdir-stjornar-bil\/","title":{"rendered":"Fundarger\u00f0ir stj\u00f3rnar B\u00cdL"},"content":{"rendered":"<p>[et_pb_section fb_built=&#8220;1&#8243; _builder_version=&#8220;4.3.1&#8243; custom_padding=&#8220;0px|||||&#8220;][et_pb_row _builder_version=&#8220;4.3.1&#8243;][et_pb_column type=&#8220;4_4&#8243; _builder_version=&#8220;4.3.1&#8243;][et_pb_text _builder_version=&#8220;4.3.2&#8243; text_text_color=&#8220;#000000&#8243; text_line_height=&#8220;1.6em&#8220; hover_enabled=&#8220;0&#8243;]<\/p>\n<div style=\"text-align: left;\"><span>Eldri fundarger\u00f0ir m\u00e1\u00a0<\/span><a href=\"http:\/\/leiklist.websitetest.site\/category\/fundir\/\">n\u00e1lgast h\u00e9r<\/a><span>.<\/span><\/div>\n<p>[\/et_pb_text][\/et_pb_column][\/et_pb_row][et_pb_row _builder_version=&#8220;4.3.2&#8243; border_width_top=&#8220;1px&#8220; border_color_top=&#8220;#a0a0a0&#8243; border_style_top=&#8220;dotted&#8220;][et_pb_column type=&#8220;4_4&#8243; _builder_version=&#8220;4.3.2&#8243;][et_pb_text _builder_version=&#8220;4.3.2&#8243; text_text_color=&#8220;#000000&#8243; hover_enabled=&#8220;0&#8243;]<\/p>\n<p><span>Stj\u00f3rnarfundur<\/span><strong>\u00a0<a href=\"https:\/\/leiklist.is\/bandalag-islenskra-leikfelaga\/stjorn\/fundargerdir-stjornar-bil\/entry\/1858\">2. November, 2019<\/a>\u00a0&#8211;\u00a0<\/strong><span>Sta\u00f0ur:\u00a0\u00dej\u00f3nustumi\u00f0st\u00f6\u00f0<\/span><\/p>\n<hr \/>\n<p><span>\u00a0Stj\u00f3rnarfundur<\/span><strong>\u00a0<a href=\"https:\/\/leiklist.is\/bandalag-islenskra-leikfelaga\/stjorn\/fundargerdir-stjornar-bil\/entry\/1820\">29. June, 2019<\/a>\u00a0&#8211;\u00a0<\/strong><span>Sta\u00f0ur:\u00a0Kleppsm\u00fdrarvegur 8<\/span><\/p>\n<hr \/>\n<p><span>\u00a0Stj\u00f3rnarfundur<\/span><strong>\u00a0<a href=\"https:\/\/leiklist.is\/bandalag-islenskra-leikfelaga\/stjorn\/fundargerdir-stjornar-bil\/entry\/1572\">5. May, 2019<\/a>\u00a0&#8211;\u00a0<\/strong><span>Sta\u00f0ur:\u00a0Fossh\u00f3tel H\u00fasav\u00edk<\/span><\/p>\n<hr \/>\n<p><span>\u00a0Stj\u00f3rnarfundur<\/span><strong>\u00a0<a href=\"https:\/\/leiklist.is\/bandalag-islenskra-leikfelaga\/stjorn\/fundargerdir-stjornar-bil\/entry\/1571\">3. May, 2019<\/a>\u00a0&#8211;\u00a0<\/strong><span>Sta\u00f0ur:\u00a0Fossh\u00f3tel H\u00fasav\u00edk<\/span><\/p>\n<hr \/>\n<p><span>\u00a0Stj\u00f3rnarfundur<\/span><strong>\u00a0<a href=\"https:\/\/leiklist.is\/bandalag-islenskra-leikfelaga\/stjorn\/fundargerdir-stjornar-bil\/entry\/1509\">30. March, 2019<\/a>\u00a0&#8211;\u00a0<\/strong><span>Sta\u00f0ur:\u00a0Kleppsm\u00fdrarvegur 8<\/span><\/p>\n<hr \/>\n<p><span>\u00a0Stj\u00f3rnarfundur<\/span><strong>\u00a0<a href=\"https:\/\/leiklist.is\/bandalag-islenskra-leikfelaga\/stjorn\/fundargerdir-stjornar-bil\/entry\/1407\">5. January, 2019<\/a>\u00a0&#8211;\u00a0<\/strong><span>Sta\u00f0ur:\u00a0Kleppsm\u00fdrarvegur 8<\/span><\/p>\n<hr \/>\n<p><span>\u00a0Stj\u00f3rnarfundur<\/span><strong>\u00a0<a href=\"https:\/\/leiklist.is\/bandalag-islenskra-leikfelaga\/stjorn\/fundargerdir-stjornar-bil\/entry\/1400\">14. September, 2018<\/a>\u00a0&#8211;\u00a0<\/strong><span>Sta\u00f0ur:\u00a0Kleppsm\u00fdrarvegur 8<\/span><\/p>\n<hr \/>\n<p><span>\u00a0Stj\u00f3rnarfundur<\/span><strong>\u00a0<a href=\"https:\/\/leiklist.is\/bandalag-islenskra-leikfelaga\/stjorn\/fundargerdir-stjornar-bil\/entry\/1395\">19. June, 2018<\/a>\u00a0&#8211;\u00a0<\/strong><span>Sta\u00f0ur:\u00a0Kleppsm\u00fdrarvegur 8<\/span><\/p>\n<hr \/>\n<p><span>\u00a0Stj\u00f3rnarfundur<\/span><strong>\u00a0<a href=\"https:\/\/leiklist.is\/bandalag-islenskra-leikfelaga\/stjorn\/fundargerdir-stjornar-bil\/entry\/1283\">6. May, 2018<\/a>\u00a0&#8211;\u00a0<\/strong><span>Sta\u00f0ur:\u00a0Logaland \u00ed Borgarfir\u00f0i<\/span><\/p>\n<hr \/>\n<p><span>\u00a0Stj\u00f3rnarfundur<\/span><strong>\u00a0<a href=\"https:\/\/leiklist.is\/bandalag-islenskra-leikfelaga\/stjorn\/fundargerdir-stjornar-bil\/entry\/1282\">4. May, 2018<\/a>\u00a0&#8211;\u00a0<\/strong><span>Sta\u00f0ur:\u00a0Logaland \u00ed Borgarfir\u00f0i<\/span><\/p>\n<hr \/>\n<p><span>\u00a0Stj\u00f3rnarfundur<\/span><strong>\u00a0<a href=\"https:\/\/leiklist.is\/bandalag-islenskra-leikfelaga\/stjorn\/fundargerdir-stjornar-bil\/entry\/1210\">18. March, 2018<\/a>\u00a0&#8211;\u00a0<\/strong><span>Sta\u00f0ur:\u00a0Kleppsm\u00fdrarvegur 8<\/span><\/p>\n<hr \/>\n<p><span>\u00a0Stj\u00f3rnarfundur<\/span><strong>\u00a0<a href=\"https:\/\/leiklist.is\/bandalag-islenskra-leikfelaga\/stjorn\/fundargerdir-stjornar-bil\/entry\/1194\">11. November, 2017<\/a>\u00a0&#8211;\u00a0<\/strong><span>Sta\u00f0ur:\u00a0Kleppsm\u00fdrarvegur 8<\/span><\/p>\n<hr \/>\n<p><span>\u00a0Stj\u00f3rnarfundur<\/span><strong>\u00a0<a href=\"https:\/\/leiklist.is\/bandalag-islenskra-leikfelaga\/stjorn\/fundargerdir-stjornar-bil\/entry\/1186\">26. June, 2017<\/a>\u00a0&#8211;\u00a0<\/strong><span>Sta\u00f0ur:\u00a0\u00dej\u00f3nustumi\u00f0st\u00f6\u00f0<\/span><\/p>\n<hr \/>\n<p><span>\u00a0Stj\u00f3rnarfundur<\/span><strong>\u00a0<a href=\"https:\/\/leiklist.is\/bandalag-islenskra-leikfelaga\/stjorn\/fundargerdir-stjornar-bil\/entry\/1183\">6. May, 2017<\/a>\u00a0&#8211;\u00a0<\/strong><span>Sta\u00f0ur:\u00a0H\u00f3tel Hl\u00ed\u00f0<\/span><\/p>\n<hr \/>\n<p><span>\u00a0Stj\u00f3rnarfundur<\/span><strong>\u00a0<a href=\"https:\/\/leiklist.is\/bandalag-islenskra-leikfelaga\/stjorn\/fundargerdir-stjornar-bil\/entry\/1184\">5. May, 2017<\/a>\u00a0&#8211;\u00a0<\/strong><span>Sta\u00f0ur:\u00a0H\u00f3tel Hl\u00ed\u00f0<\/span><\/p>\n<hr \/>\n<p><span>\u00a0Stj\u00f3rnarfundur<\/span><strong>\u00a0<a href=\"https:\/\/leiklist.is\/bandalag-islenskra-leikfelaga\/stjorn\/fundargerdir-stjornar-bil\/entry\/1185\">18. March, 2017<\/a>\u00a0&#8211;\u00a0<\/strong><span>Sta\u00f0ur:\u00a0\u00dej\u00f3nustumi\u00f0st\u00f6\u00f0<\/span><\/p>\n<p>[\/et_pb_text][\/et_pb_column][\/et_pb_row][\/et_pb_section]<\/p>\n","protected":false},"excerpt":{"rendered":"<p>Eldri fundarger\u00f0ir m\u00e1\u00a0n\u00e1lgast h\u00e9r. Stj\u00f3rnarfundur\u00a02. November, 2019\u00a0&#8211;\u00a0Sta\u00f0ur:\u00a0\u00dej\u00f3nustumi\u00f0st\u00f6\u00f0 \u00a0Stj\u00f3rnarfundur\u00a029. June, 2019\u00a0&#8211;\u00a0Sta\u00f0ur:\u00a0Kleppsm\u00fdrarvegur 8 \u00a0Stj\u00f3rnarfundur\u00a05. May, 2019\u00a0&#8211;\u00a0Sta\u00f0ur:\u00a0Fossh\u00f3tel H\u00fasav\u00edk \u00a0Stj\u00f3rnarfundur\u00a03. May, 2019\u00a0&#8211;\u00a0Sta\u00f0ur:\u00a0Fossh\u00f3tel H\u00fasav\u00edk \u00a0Stj\u00f3rnarfundur\u00a030. March, 2019\u00a0&#8211;\u00a0Sta\u00f0ur:\u00a0Kleppsm\u00fdrarvegur 8 \u00a0Stj\u00f3rnarfundur\u00a05. January, 2019\u00a0&#8211;\u00a0Sta\u00f0ur:\u00a0Kleppsm\u00fdrarvegur 8 \u00a0Stj\u00f3rnarfundur\u00a014. September, 2018\u00a0&#8211;\u00a0Sta\u00f0ur:\u00a0Kleppsm\u00fdrarvegur 8 \u00a0Stj\u00f3rnarfundur\u00a019. June, 2018\u00a0&#8211;\u00a0Sta\u00f0ur:\u00a0Kleppsm\u00fdrarvegur 8 \u00a0Stj\u00f3rnarfundur\u00a06. May, 2018\u00a0&#8211;\u00a0Sta\u00f0ur:\u00a0Logaland \u00ed Borgarfir\u00f0i \u00a0Stj\u00f3rnarfundur\u00a04. May, 2018\u00a0&#8211;\u00a0Sta\u00f0ur:\u00a0Logaland \u00ed Borgarfir\u00f0i \u00a0Stj\u00f3rnarfundur\u00a018. March, 2018\u00a0&#8211;\u00a0Sta\u00f0ur:\u00a0Kleppsm\u00fdrarvegur 8 \u00a0Stj\u00f3rnarfundur\u00a011. November, 2017\u00a0&#8211;\u00a0Sta\u00f0ur:\u00a0Kleppsm\u00fdrarvegur 8 \u00a0Stj\u00f3rnarfundur\u00a026. June, [&hellip;]<\/p>\n","protected":false},"author":3,"featured_media":0,"parent":0,"menu_order":0,"comment_status":"closed","ping_status":"closed","template":"","meta":{"_et_pb_use_builder":"on","_et_pb_old_content":"","_et_gb_content_width":"","footnotes":""},"class_list":["post-14983","page","type-page","status-publish","hentry"],"_links":{"self":[{"href":"https:\/\/leiklist.is\/en\/wp-json\/wp\/v2\/pages\/14983","targetHints":{"allow":["GET"]}}],"collection":[{"href":"https:\/\/leiklist.is\/en\/wp-json\/wp\/v2\/pages"}],"about":[{"href":"https:\/\/leiklist.is\/en\/wp-json\/wp\/v2\/types\/page"}],"author":[{"embeddable":true,"href":"https:\/\/leiklist.is\/en\/wp-json\/wp\/v2\/users\/3"}],"replies":[{"embeddable":true,"href":"https:\/\/leiklist.is\/en\/wp-json\/wp\/v2\/comments?post=14983"}],"version-history":[{"count":0,"href":"https:\/\/leiklist.is\/en\/wp-json\/wp\/v2\/pages\/14983\/revisions"}],"wp:attachment":[{"href":"https:\/\/leiklist.is\/en\/wp-json\/wp\/v2\/media?parent=14983"}],"curies":[{"name":"wp","href":"https:\/\/api.w.org\/{rel}","templated":true}]}}