{"id":14967,"date":"2020-02-15T16:37:18","date_gmt":"2020-02-15T16:37:18","guid":{"rendered":"http:\/\/leiklist.websitetest.site\/?page_id=14967"},"modified":"2026-05-05T14:36:44","modified_gmt":"2026-05-05T14:36:44","slug":"stjorn","status":"publish","type":"page","link":"https:\/\/leiklist.is\/en\/stjorn\/","title":{"rendered":"Stj\u00f3rn"},"content":{"rendered":"<p>[et_pb_section fb_built=&#8220;1&#8243; _builder_version=&#8220;4.3.1&#8243; custom_padding=&#8220;0px|||||&#8220;][et_pb_row _builder_version=&#8220;4.3.1&#8243;][et_pb_column type=&#8220;4_4&#8243; _builder_version=&#8220;4.3.1&#8243;][et_pb_text _builder_version=&#8220;4.3.2&#8243; text_text_color=&#8220;#000000&#8243; text_line_height=&#8220;1.6em&#8220;]<\/p>\n<div style=\"text-align: center;\"><strong>Stj\u00f3rn Bandalags \u00edslenskra leikf\u00e9laga<\/strong><\/div>\n<blockquote>\n<p><em>Tilvitnun \u00ed l\u00f6g Bandalagsins:<\/em><br \/><em>\u201cStj\u00f3rn Bandalagsins fer me\u00f0 \u00e6\u00f0sta vald Bandalagsins milli a\u00f0alfunda, hana skipi 5 menn, forma\u00f0ur, varaforma\u00f0ur, ritari og tveir me\u00f0stj\u00f3rnendur. \u00deeir skulu kosnir \u00e1 a\u00f0alfundi til tveggja \u00e1ra \u00ed senn, \u00feannig a\u00f0 anna\u00f0 \u00e1ri\u00f0 er kosinn forma\u00f0ur og einn stj\u00f3rnarmanna, en n\u00e6sta \u00e1r \u00fer\u00edr stj\u00f3rnarmenn. Forma\u00f0ur er kosinn s\u00e9rstaklega, en a\u00f0 \u00f6\u00f0ru leyti skiptir stj\u00f3rnin me\u00f0 s\u00e9r verkum. \u00c1 sama h\u00e1tt skal kj\u00f3sa \u00fdmist tvo e\u00f0a \u00ferj\u00e1 \u00ed fimm manna varastj\u00f3rn. Varastj\u00f3rnarmenn eru bo\u00f0a\u00f0ir \u00e1 alla stj\u00f3rnarfundi og hafa m\u00e1lfrelsi og till\u00f6gur\u00e9tt, en ekki atkv\u00e6\u00f0isr\u00e9tt nema \u00feegar \u00feeir taka s\u00e6ti \u00ed a\u00f0alstj\u00f3rn vegna forfalla a\u00f0almanna. Kosningar skulu bundnar vi\u00f0 upp\u00e1stungur. Forma\u00f0ur bo\u00f0ar til stj\u00f3rnarfunda. Halda skal minnst fj\u00f3ra stj\u00f3rnarfundi \u00e1 \u00e1ri og skulu fundarger\u00f0ir sendar \u00fat til f\u00e9laganna. Fundur er l\u00f6gm\u00e6tur ef minnst \u00fer\u00edr a\u00f0almenn m\u00e6ta.\u201d<\/em><\/p>\n<\/blockquote>\n<p><span>Stj\u00f3rnarli\u00f0ar skipta me\u00f0 s\u00e9r a\u00f0 vera tengili\u00f0ir a\u00f0ildarf\u00e9laganna, eiga s\u00edn f\u00f3sturf\u00e9l\u00f6g eins og \u00fea\u00f0 er kalla\u00f0. F\u00e9l\u00f6gin eru hv\u00f6tt til a\u00f0 hafa samband vi\u00f0 s\u00edna tengili\u00f0i \u00ed stj\u00f3rn til a\u00f0 leita r\u00e1\u00f0a, bj\u00f3\u00f0a \u00feeim \u00e1 s\u00fdningar og jafnvel \u00e1 a\u00f0alfundi.<\/span><\/p>\n<p>[\/et_pb_text][\/et_pb_column][\/et_pb_row][et_pb_row column_structure=&#8220;2_3,1_3&#8243; _builder_version=&#8220;4.3.2&#8243; border_width_top=&#8220;1px&#8220; border_color_top=&#8220;#a0a0a0&#8243; border_style_top=&#8220;dotted&#8220;][et_pb_column type=&#8220;2_3&#8243; _builder_version=&#8220;4.3.2&#8243;][et_pb_text _builder_version=&#8220;4.9.10&#8243; text_text_color=&#8220;#000000&#8243;]<\/p>\n<p><strong>Forma\u00f0ur<\/strong><\/p>\n<p><strong>\u00d3l\u00f6f \u00de\u00f3r\u00f0ard\u00f3ttir,<\/strong><strong><span>\u00a0<\/span>Leikf\u00e9lagi Mosfellssveitar, s\u00edmi 6934922, netfang \u00a0<\/strong><a href=\"mailto:lmolofthordar@gmail.com\">lmolofthordar@gmail.com<\/a><\/p>\n<p><em>F\u00f3sturf\u00e9l\u00f6g \u00d3lafar:<br \/><\/em>Leikf\u00e9lag A-Eyfellinga<br \/>Leikf\u00e9lag Keflav\u00edkur<br \/>Leikf\u00e9lag Fjallabygg\u00f0ar<br \/>Leikf\u00e9lag Flateyrar<br \/>Leikf\u00e9lag Stafholtstungna<\/p>\n<p>[\/et_pb_text][\/et_pb_column][et_pb_column type=&#8220;1_3&#8243; _builder_version=&#8220;4.3.2&#8243;][et_pb_image src=&#8220;https:\/\/leiklist.is\/wp-content\/uploads\/2020\/02\/\u00d3l\u00f6f.jpg&#8220; show_in_lightbox=&#8220;on&#8220; _builder_version=&#8220;4.4.1&#8243;]<br \/>\n[\/et_pb_image][\/et_pb_column][\/et_pb_row][et_pb_row column_structure=&#8220;2_3,1_3&#8243; _builder_version=&#8220;4.3.2&#8243; border_width_top=&#8220;1px&#8220; border_color_top=&#8220;#a0a0a0&#8243; border_style_top=&#8220;dotted&#8220;][et_pb_column type=&#8220;2_3&#8243; _builder_version=&#8220;4.3.2&#8243;][et_pb_text _builder_version=&#8220;4.9.10&#8243; text_text_color=&#8220;#000000&#8243; hover_enabled=&#8220;0&#8243; sticky_enabled=&#8220;0&#8243;]<\/p>\n<p><strong>Varaforma\u00f0ur<\/strong><\/p>\n<p><strong>Sigr\u00fan Tryggvad\u00f3ttir, Leikf\u00e9lag K\u00f3pavogs, s\u00edmi <span>664 8991<\/span>, netfang <a href=\"mailto:sigrunt6549@gmail.com\">sigrunt6549@gmail.com<\/a>.<a href=\"mailto:sigrun.tryggvadottir@reykjavik.is\"><\/a><\/strong><\/p>\n<p><em>F\u00f3sturf\u00e9l\u00f6g Sigr\u00fanar:<br \/><\/em><span>Leikdeild UMF Gn\u00fapverja<br \/>Leikf\u00e9lag Dalv\u00edkur<br \/>Leikf\u00e9lag \u00d6lfuss<\/span><span><br \/>Leikflokkur H\u00fana\u00feings vestra<\/span><\/p>\n<p>[\/et_pb_text][\/et_pb_column][et_pb_column type=&#8220;1_3&#8243; _builder_version=&#8220;4.3.2&#8243;][et_pb_image src=&#8220;https:\/\/leiklist.is\/wp-content\/uploads\/2021\/06\/SigrunT01.jpg&#8220; title_text=&#8220;SigrunT01&#8243; show_in_lightbox=&#8220;on&#8220; force_fullwidth=&#8220;on&#8220; _builder_version=&#8220;4.9.4&#8243;]<br \/>\n[\/et_pb_image][\/et_pb_column][\/et_pb_row][et_pb_row column_structure=&#8220;2_3,1_3&#8243; _builder_version=&#8220;4.3.2&#8243; border_width_top=&#8220;1px&#8220; border_color_top=&#8220;#a0a0a0&#8243; border_style_top=&#8220;dotted&#8220;][et_pb_column type=&#8220;2_3&#8243; _builder_version=&#8220;4.3.2&#8243;][et_pb_text _builder_version=&#8220;4.9.10&#8243; text_text_color=&#8220;#000000&#8243;]<\/p>\n<p><strong>Ritari<\/strong><\/p>\n<p><strong>Halla R\u00fan Tryggvad\u00f3ttir, Leikf\u00e9lagi H\u00fasav\u00edkur, s\u00edmi<\/strong><span>\u00a0<\/span><strong>863 4178, netfang <a href=\"mailto:hallart@simnet.is\">hallart@simnet.is<\/a><\/strong><\/p>\n<p><em>F\u00f3sturf\u00e9l\u00f6g H\u00f6llu R\u00fanar:<br \/><\/em><span>Leikf\u00e9lag S\u00f3lheima<\/span><br \/><span>Leikf\u00e9lag Vestmannaeyja<\/span><br \/><span>Leikf\u00e9lagi\u00f0 Gr\u00edmnir<\/span><br \/><span>Leikf\u00e9lag Hverager\u00f0is<\/span><\/p>\n<p>[\/et_pb_text][\/et_pb_column][et_pb_column type=&#8220;1_3&#8243; _builder_version=&#8220;4.3.2&#8243;][et_pb_image src=&#8220;https:\/\/leiklist.is\/wp-content\/uploads\/2026\/05\/HallaRunCrop.jpg&#8220; show_in_lightbox=&#8220;on&#8220; force_fullwidth=&#8220;on&#8220; _builder_version=&#8220;4.9.10&#8243;]<br \/>\n[\/et_pb_image][\/et_pb_column][\/et_pb_row][et_pb_row column_structure=&#8220;2_3,1_3&#8243; _builder_version=&#8220;4.3.2&#8243; border_width_top=&#8220;1px&#8220; border_color_top=&#8220;#a0a0a0&#8243; border_style_top=&#8220;dotted&#8220;][et_pb_column type=&#8220;2_3&#8243; _builder_version=&#8220;4.3.2&#8243;][et_pb_text _builder_version=&#8220;4.9.10&#8243; text_text_color=&#8220;#000000&#8243;]<\/p>\n<p><strong>Me\u00f0stj\u00f3rnandi<\/strong><\/p>\n<p><strong>Hanna Margr\u00e9t Kristleifsd\u00f3ttir, Halaleikh\u00f3pnum, s\u00edmi <span>896-2786<\/span>, netfang<a href=\"mailto:hannagull@simnet.is\"><span> hannagull@simnet.is<\/span><\/a><\/strong><strong><\/strong><strong><\/strong><\/p>\n<p><em>F\u00f3sturf\u00e9l\u00f6g H\u00f6nnu:<\/em><br \/>Freyvangsleikh\u00fasi\u00f0<br \/>Hugleikur<br \/>Leikf\u00e9lag Sey\u00f0isfjar\u00f0ar<br \/>Leikf\u00e9lagi\u00f0 Lauga<\/p>\n<p>[\/et_pb_text][\/et_pb_column][et_pb_column type=&#8220;1_3&#8243; _builder_version=&#8220;4.3.2&#8243;][et_pb_image src=&#8220;https:\/\/leiklist.is\/wp-content\/uploads\/2023\/05\/Hanna_portrett.jpg&#8220; alt=&#8220;Hanna_portrett-150&#215;150&#8243; title_text=&#8220;Hanna_portrett-150&#215;150&#8243; _builder_version=&#8220;4.9.10&#8243; _module_preset=&#8220;default&#8220;][\/et_pb_image][\/et_pb_column][\/et_pb_row][et_pb_row column_structure=&#8220;2_3,1_3&#8243; _builder_version=&#8220;4.3.2&#8243; border_width_top=&#8220;1px&#8220; border_color_top=&#8220;#a0a0a0&#8243; border_style_top=&#8220;dotted&#8220;][et_pb_column type=&#8220;2_3&#8243; _builder_version=&#8220;4.3.2&#8243;][et_pb_text _builder_version=&#8220;4.9.10&#8243; text_text_color=&#8220;#000000&#8243;]<\/p>\n<p><strong>Me\u00f0stj\u00f3rnandi<\/strong><\/p>\n<p><strong>Da\u00f0i Freyr \u00deorgeirsson, Leikf\u00e9lagi Keflav\u00edkur, s\u00edmi 774 4622, netfang <a href=\"mailto:dadifth@gmail.com\">dadifth@gmail.com<\/a><\/strong><\/p>\n<p><em>F\u00f3sturf\u00e9l\u00f6g Da\u00f0a:<\/em><br \/>Leikf\u00e9lag H\u00f3lmav\u00edkur<br \/>Leikf\u00e9lag Nor\u00f0fjar\u00f0ar<br \/><span>Leikf\u00e9lagi\u00f0 Borg<br \/>Umf. Skallagr\u00edmur, leikdeild<br \/><\/span><\/p>\n<p>[\/et_pb_text][\/et_pb_column][et_pb_column type=&#8220;1_3&#8243; _builder_version=&#8220;4.3.2&#8243;][et_pb_image src=&#8220;https:\/\/leiklist.is\/wp-content\/uploads\/2024\/05\/dadifreyr2.jpg&#8220; show_in_lightbox=&#8220;on&#8220; force_fullwidth=&#8220;on&#8220; _builder_version=&#8220;4.9.10&#8243;]<br \/>\n[\/et_pb_image][\/et_pb_column][\/et_pb_row][et_pb_row column_structure=&#8220;2_3,1_3&#8243; _builder_version=&#8220;4.3.2&#8243; border_width_top=&#8220;1px&#8220; border_color_top=&#8220;#a0a0a0&#8243; border_style_top=&#8220;dotted&#8220;][et_pb_column type=&#8220;2_3&#8243; _builder_version=&#8220;4.3.2&#8243;][et_pb_text _builder_version=&#8220;4.9.10&#8243; text_text_color=&#8220;#000000&#8243;]<\/p>\n<p><strong>Varastj\u00f3rn<\/strong><\/p>\n<p class=\"p1\"><strong>Anna Mar\u00eda Hj\u00e1lmarsd\u00f3ttir, Freyvangsleikh\u00fasinu, s. 8997689,\u00a0netfang\u00a0\u00a0<\/strong><a href=\"mailto:erkitypa@gmail.com\">erkitypa@gmail.com<\/a><\/p>\n<p><em>F\u00f3sturf\u00e9l\u00f6g \u00d6nnu Mar\u00edu:<br \/><\/em>Leikf\u00e9lag Flj\u00f3tsdalsh\u00e9ra\u00f0s<br \/>Leikf\u00e9lag Bl\u00f6ndu\u00f3ss<br \/>Leikf\u00e9lag K\u00f3pavogs<br \/>Leikf\u00e9lag Mosfellssveitar<\/p>\n<p>[\/et_pb_text][\/et_pb_column][et_pb_column type=&#8220;1_3&#8243; _builder_version=&#8220;4.3.2&#8243;][et_pb_image src=&#8220;https:\/\/leiklist.is\/wp-content\/uploads\/2020\/02\/annamaria-213&#215;300-1.jpg&#8220; show_in_lightbox=&#8220;on&#8220; force_fullwidth=&#8220;on&#8220; _builder_version=&#8220;4.4.1&#8243;]<br \/>\n[\/et_pb_image][\/et_pb_column][\/et_pb_row][et_pb_row column_structure=&#8220;2_3,1_3&#8243; _builder_version=&#8220;4.3.2&#8243; border_width_top=&#8220;1px&#8220; border_color_top=&#8220;#a0a0a0&#8243; border_style_top=&#8220;dotted&#8220;][et_pb_column type=&#8220;2_3&#8243; _builder_version=&#8220;4.3.2&#8243;][et_pb_text _builder_version=&#8220;4.9.10&#8243; text_text_color=&#8220;#000000&#8243; hover_enabled=&#8220;0&#8243; sticky_enabled=&#8220;0&#8243;]<\/p>\n<p><strong>Varastj\u00f3rn<\/strong><\/p>\n<p><strong>Bjarklind \u00de\u00f3r, Leikf\u00e9lagi K\u00f3pavogs, s\u00edmi 6905123, netfang <\/strong><a href=\"mailto:bjarklind@internet.is\">bjarklind@internet.is<\/a><\/p>\n<p><strong>\u00a0<\/strong><em>F\u00f3sturf\u00e9l\u00f6g Bjarklindar:<\/em><br \/>Leikf\u00e9lag H\u00f6rgd\u00e6la<br \/>Leikf\u00e9lag Eyrarbakka<br \/>Litli leikkl\u00fabburinn<br \/>Umf. Biskupstungna, leikdeild<\/p>\n<p>[\/et_pb_text][\/et_pb_column][et_pb_column type=&#8220;1_3&#8243; _builder_version=&#8220;4.3.2&#8243;][et_pb_image src=&#8220;https:\/\/leiklist.is\/wp-content\/uploads\/2023\/05\/Bjarklind.jpeg&#8220; _builder_version=&#8220;4.9.10&#8243; _module_preset=&#8220;default&#8220;][\/et_pb_image][\/et_pb_column][\/et_pb_row][et_pb_row column_structure=&#8220;2_3,1_3&#8243; _builder_version=&#8220;4.3.2&#8243; border_width_top=&#8220;1px&#8220; border_color_top=&#8220;#a0a0a0&#8243; border_style_top=&#8220;dotted&#8220;][et_pb_column type=&#8220;2_3&#8243; _builder_version=&#8220;4.3.2&#8243;][et_pb_text _builder_version=&#8220;4.9.10&#8243; text_text_color=&#8220;#000000&#8243;]<\/p>\n<p><strong>Varastj\u00f3rn<\/strong><\/p>\n<p><strong>Fanney Valsd\u00f3ttir, Leikf\u00e9lagi H\u00f6rgd\u00e6la, s\u00edmi\u00a0695 7185, netfang <\/strong><span><\/span><a href=\"mailto:fanneyv@tonak.is\">fanneyv@tonak.is<\/a><\/p>\n<p><em>F\u00f3sturf\u00e9l\u00f6g Fanneyjar<\/em>:<br \/>Leikf\u00e9lag Hofs\u00f3ss<br \/>Leikf\u00e9lag Hornafjar\u00f0ar<br \/>Leikf\u00e9lag H\u00fasav\u00edkur<br \/>Leikf\u00e9lag \u00de\u00f3rshafnar<\/p>\n<p>[\/et_pb_text][\/et_pb_column][et_pb_column type=&#8220;1_3&#8243; _builder_version=&#8220;4.3.2&#8243;][et_pb_image src=&#8220;https:\/\/leiklist.is\/wp-content\/uploads\/2023\/05\/Fanney02crop.jpg&#8220; _builder_version=&#8220;4.9.10&#8243; _module_preset=&#8220;default&#8220;][\/et_pb_image][\/et_pb_column][\/et_pb_row][et_pb_row column_structure=&#8220;2_3,1_3&#8243; _builder_version=&#8220;4.3.2&#8243; border_width_top=&#8220;1px&#8220; border_color_top=&#8220;#a0a0a0&#8243; border_style_top=&#8220;dotted&#8220;][et_pb_column type=&#8220;2_3&#8243; _builder_version=&#8220;4.3.2&#8243;][et_pb_text _builder_version=&#8220;4.9.10&#8243; text_text_color=&#8220;#000000&#8243;]<\/p>\n<p><strong>Varastj\u00f3rn<\/strong><\/p>\n<p><strong>\u00dalfhildur \u00d6rn\u00f3lfsd\u00f3ttir, Leikf\u00e9lagi K\u00f3pavogs, s\u00edmi 693 7211, netfang<a href=\"mailto:ulfhildur.ornolfs@gmail.com\"><span> ulfhildur.ornolfs@gmail.com<\/span><\/a><\/strong><a href=\"mailto:gisli@dk.is\"><\/a><\/p>\n<p><em>F\u00f3sturf\u00e9l\u00f6g \u00dalfhildar:<br \/><\/em>Leikdeild UMF Laxd\u00e6la<br \/>Leikf\u00e9lag Rang\u00e6inga<br \/>Leikf\u00e9lag Sau\u00f0\u00e1rkr\u00f3ks<br \/>Leikf\u00e9lag Selfoss<\/p>\n<p>[\/et_pb_text][\/et_pb_column][et_pb_column type=&#8220;1_3&#8243; _builder_version=&#8220;4.3.2&#8243;][et_pb_image src=&#8220;https:\/\/leiklist.is\/wp-content\/uploads\/2025\/05\/ulfhildur.jpg&#8220; show_in_lightbox=&#8220;on&#8220; force_fullwidth=&#8220;on&#8220; _builder_version=&#8220;4.9.10&#8243;]<br \/>\n[\/et_pb_image][\/et_pb_column][\/et_pb_row][et_pb_row column_structure=&#8220;2_3,1_3&#8243; _builder_version=&#8220;4.3.2&#8243; border_width_top=&#8220;1px&#8220; border_color_top=&#8220;#a0a0a0&#8243; border_style_top=&#8220;dotted&#8220;][et_pb_column type=&#8220;2_3&#8243; _builder_version=&#8220;4.3.2&#8243;][et_pb_text _builder_version=&#8220;4.9.10&#8243; text_text_color=&#8220;#000000&#8243;]<\/p>\n<p><strong>Varastj\u00f3rn<\/strong><\/p>\n<p><strong>Brynhildur Sveinsd\u00f3ttir, Leikf\u00e9lagi Mosfellssveitar, s\u00edmi <span style=\"color: #333333;\">698 0928<\/span>, netfang <a href=\"mailto:brynhis@gmail.com\"><span style=\"color: #333333;\">brynhis@gmail.com<\/span><\/a><\/strong><\/p>\n<p><em>F\u00f3sturf\u00e9l\u00f6g Brynhildar:<br \/><\/em>Halaleikh\u00f3purinn<br \/>Umf. Dagrenning,\u00a0 leikdeild<br \/>Umf. Efling leikdeild<br \/>Umf. Reykd\u00e6la<\/p>\n<p>[\/et_pb_text][\/et_pb_column][et_pb_column type=&#8220;1_3&#8243; _builder_version=&#8220;4.3.2&#8243;][et_pb_image src=&#8220;https:\/\/leiklist.is\/wp-content\/uploads\/2026\/05\/brynhildurs.jpg&#8220; show_in_lightbox=&#8220;on&#8220; force_fullwidth=&#8220;on&#8220; _builder_version=&#8220;4.9.10&#8243;]<br \/>\n[\/et_pb_image][\/et_pb_column][\/et_pb_row][et_pb_row column_structure=&#8220;2_3,1_3&#8243; _builder_version=&#8220;4.3.2&#8243; border_width_top=&#8220;1px&#8220; border_color_top=&#8220;#a0a0a0&#8243; border_style_top=&#8220;dotted&#8220;][et_pb_column type=&#8220;2_3&#8243; _builder_version=&#8220;4.3.2&#8243;][et_pb_text _builder_version=&#8220;4.4.1&#8243; text_text_color=&#8220;#000000&#8243;]<\/p>\n<p><strong>H\u00f6r\u00f0ur Sigur\u00f0arson<br \/> framkv\u00e6mdastj\u00f3ri B\u00cdL<br \/> s\u00edmi 8600105, <br \/>netfang <\/strong><a href=\"mailto:hs@leiklist.is\">hs@leiklist.is<\/a><\/p>\n<p>&nbsp;<\/p>\n<p>[\/et_pb_text][\/et_pb_column][et_pb_column type=&#8220;1_3&#8243; _builder_version=&#8220;4.3.2&#8243;][et_pb_image src=&#8220;https:\/\/leiklist.is\/wp-content\/uploads\/2020\/02\/Folk_Leikstjorar_HS_photo-500&#215;513-1.jpg&#8220; _builder_version=&#8220;4.4.1&#8243; vertical_offset_tablet=&#8220;0&#8243; horizontal_offset_tablet=&#8220;0&#8243; z_index_tablet=&#8220;0&#8243; box_shadow_horizontal_tablet=&#8220;0px&#8220; box_shadow_vertical_tablet=&#8220;0px&#8220; box_shadow_blur_tablet=&#8220;40px&#8220; box_shadow_spread_tablet=&#8220;0px&#8220;][\/et_pb_image][\/et_pb_column][\/et_pb_row][et_pb_row column_structure=&#8220;2_3,1_3&#8243; _builder_version=&#8220;4.3.2&#8243; border_width_top=&#8220;1px&#8220; border_color_top=&#8220;#a0a0a0&#8243; border_style_top=&#8220;dotted&#8220;][et_pb_column type=&#8220;2_3&#8243; _builder_version=&#8220;4.3.2&#8243;][et_pb_text _builder_version=&#8220;4.9.10&#8243; text_text_color=&#8220;#000000&#8243;]<\/p>\n<p><strong>Formenn Bandalagsins fr\u00e1 upphafi:<\/strong><\/p>\n<ul>\n<li>1950-1958 \u00c6var Kvaran, Reykjav\u00edk<\/li>\n<li>1958-1961 Sigur\u00f0ur Kristinsson, Hafnarfir\u00f0i<\/li>\n<li>1961-1962 P\u00e1ll \u00de\u00f3r Kristinsson, H\u00fasav\u00edk<\/li>\n<li>1962-1964 Valgeir \u00d3li G\u00edslason, Hafnarfir\u00f0i<\/li>\n<li>1964-1968 J\u00f3hann \u00d6gmundsson, Akureyri<\/li>\n<li>1968-1970 Birgir Stef\u00e1nsson, Neskaupssta\u00f0<\/li>\n<li>1970-1972 Gu\u00f0ni \u00c1smundsson, \u00cdsafir\u00f0i<\/li>\n<li>1972-1974 Helgi Seljan, Rey\u00f0arfir\u00f0i<\/li>\n<li>1974-1980 J\u00f3n\u00edna Kristj\u00e1nsd\u00f3ttir, Keflav\u00edk<\/li>\n<li>1980-1987 Einar Nj\u00e1lsson, H\u00fasav\u00edk<\/li>\n<li>1987-1993 Gu\u00f0bj\u00f6rg \u00c1rnad\u00f3ttir, Akranesi<\/li>\n<li>1993-1995 Kristj\u00e1n Hjartarson, Dalv\u00edk<\/li>\n<li>1995-2005 Einar Rafn Haraldsson, Egilsst\u00f6\u00f0um<\/li>\n<li>2005-2007 Gu\u00f0r\u00fan Halla J\u00f3nsd\u00f3ttir, Akureyri<\/li>\n<li>2007-2015 \u00deorgeir Tryggvason, Reykjav\u00edk<\/li>\n<li>2015-2023 Gu\u00f0finna Gunnarsd\u00f3ttir, Selfossi<\/li>\n<li>2023-\u00d3l\u00f6f \u00de\u00f3r\u00f0ard\u00f3ttir, Reykjanesb\u00e6<\/li>\n<\/ul>\n<p>[\/et_pb_text][\/et_pb_column][et_pb_column type=&#8220;1_3&#8243; _builder_version=&#8220;4.3.2&#8243;][\/et_pb_column][\/et_pb_row][\/et_pb_section]<\/p>\n","protected":false},"excerpt":{"rendered":"<p>Stj\u00f3rn Bandalags \u00edslenskra leikf\u00e9laga Tilvitnun \u00ed l\u00f6g Bandalagsins:\u201cStj\u00f3rn Bandalagsins fer me\u00f0 \u00e6\u00f0sta vald Bandalagsins milli a\u00f0alfunda, hana skipi 5 menn, forma\u00f0ur, varaforma\u00f0ur, ritari og tveir me\u00f0stj\u00f3rnendur. \u00deeir skulu kosnir \u00e1 a\u00f0alfundi til tveggja \u00e1ra \u00ed senn, \u00feannig a\u00f0 anna\u00f0 \u00e1ri\u00f0 er kosinn forma\u00f0ur og einn stj\u00f3rnarmanna, en n\u00e6sta \u00e1r \u00fer\u00edr stj\u00f3rnarmenn. Forma\u00f0ur er kosinn s\u00e9rstaklega, [&hellip;]<\/p>\n","protected":false},"author":3,"featured_media":0,"parent":0,"menu_order":0,"comment_status":"closed","ping_status":"closed","template":"","meta":{"_et_pb_use_builder":"on","_et_pb_old_content":"","_et_gb_content_width":"","footnotes":""},"class_list":["post-14967","page","type-page","status-publish","hentry"],"_links":{"self":[{"href":"https:\/\/leiklist.is\/en\/wp-json\/wp\/v2\/pages\/14967","targetHints":{"allow":["GET"]}}],"collection":[{"href":"https:\/\/leiklist.is\/en\/wp-json\/wp\/v2\/pages"}],"about":[{"href":"https:\/\/leiklist.is\/en\/wp-json\/wp\/v2\/types\/page"}],"author":[{"embeddable":true,"href":"https:\/\/leiklist.is\/en\/wp-json\/wp\/v2\/users\/3"}],"replies":[{"embeddable":true,"href":"https:\/\/leiklist.is\/en\/wp-json\/wp\/v2\/comments?post=14967"}],"version-history":[{"count":3,"href":"https:\/\/leiklist.is\/en\/wp-json\/wp\/v2\/pages\/14967\/revisions"}],"predecessor-version":[{"id":42629,"href":"https:\/\/leiklist.is\/en\/wp-json\/wp\/v2\/pages\/14967\/revisions\/42629"}],"wp:attachment":[{"href":"https:\/\/leiklist.is\/en\/wp-json\/wp\/v2\/media?parent=14967"}],"curies":[{"name":"wp","href":"https:\/\/api.w.org\/{rel}","templated":true}]}}