{"id":14938,"date":"2020-02-15T16:07:59","date_gmt":"2020-02-15T16:07:59","guid":{"rendered":"http:\/\/leiklist.websitetest.site\/shop\/"},"modified":"2022-12-06T12:09:20","modified_gmt":"2022-12-06T12:09:20","slug":"shop","status":"publish","type":"page","link":"https:\/\/leiklist.is\/en\/shop\/","title":{"rendered":"Leikh\u00fasb\u00fa\u00f0in"},"content":{"rendered":"<p><strong>S\u00e9rverslun me\u00f0 leikh\u00fasv\u00f6rur s.s. f\u00f6r\u00f0unarv\u00f6rur, gervi og \u00fdmislegt anna\u00f0 sem tengist leikh\u00fasi, kvikmyndum o.s.frv. Leikh\u00fasb\u00fa\u00f0in er opin virka daga 9.00-13.00 en vefverslunin er alltaf opin.<br \/>\n<\/strong>Fyrirspurnir m\u00e1 senda \u00e1 <a href=\"mailto:info@leiklist.is\">info@leiklist.is<\/a>\u00a0e\u00f0a hringja \u00ed s\u00edma <strong>551-6974<\/strong>.<\/p>\n<div class=\"aws-container\" data-url=\"https:\/\/leiklist.is\/en\/?wc-ajax=aws_action\" data-siteurl=\"https:\/\/leiklist.is\/en\" data-lang=\"\" data-show-loader=\"true\" data-show-more=\"true\" data-show-page=\"true\" data-ajax-search=\"true\" data-show-clear=\"true\" data-mobile-screen=\"false\" data-use-analytics=\"false\" data-min-chars=\"2\" data-buttons-order=\"2\" data-timeout=\"300\" data-is-mobile=\"false\" data-page-id=\"0\" data-tax=\"\" ><form class=\"aws-search-form\" action=\"https:\/\/leiklist.is\/en\/\" method=\"get\" role=\"search\" data-trp-original-action=\"https:\/\/leiklist.is\/en\/\" ><div class=\"aws-wrapper\"><label class=\"aws-search-label\" for=\"6a092d2b93889\">Leita a\u00f0 v\u00f6ru-settu inn fyrstu stafi \u00ed leitaror\u00f0i<\/label><input type=\"search\" name=\"s\" id=\"6a092d2b93889\" value=\"\" class=\"aws-search-field\" placeholder=\"Leita a\u00f0 v\u00f6ru-settu inn fyrstu stafi \u00ed leitaror\u00f0i\" autocomplete=\"off\" \/><input type=\"hidden\" name=\"post_type\" value=\"product\"><input type=\"hidden\" name=\"type_aws\" value=\"true\"><div class=\"aws-search-clear\"><span>\u00d7<\/span><\/div><div class=\"aws-loader\"><\/div><\/div><div class=\"aws-search-btn aws-form-btn\"><span class=\"aws-search-btn_icon\"><svg focusable=\"false\" xmlns=\"http:\/\/www.w3.org\/2000\/svg\" viewbox=\"0 0 24 24\" width=\"24px\"><path d=\"M15.5 14h-.79l-.28-.27C15.41 12.59 16 11.11 16 9.5 16 5.91 13.09 3 9.5 3S3 5.91 3 9.5 5.91 16 9.5 16c1.61 0 3.09-.59 4.23-1.57l.27.28v.79l5 4.99L20.49 19l-4.99-5zm-6 0C7.01 14 5 11.99 5 9.5S7.01 5 9.5 5 14 7.01 14 9.5 11.99 14 9.5 14z\"><\/path><\/svg><\/span><\/div><input type=\"hidden\" name=\"trp-form-language\" value=\"en\"\/><\/form><\/div>\n<p>&nbsp;<\/p>","protected":false},"excerpt":{"rendered":"<p>S\u00e9rverslun me\u00f0 leikh\u00fasv\u00f6rur s.s. f\u00f6r\u00f0unarv\u00f6rur, gervi og \u00fdmislegt anna\u00f0 sem tengist leikh\u00fasi, kvikmyndum o.s.frv. Leikh\u00fasb\u00fa\u00f0in er opin virka daga 9.00-13.00 en vefverslunin er alltaf opin. Fyrirspurnir m\u00e1 senda \u00e1 info@leiklist.is\u00a0e\u00f0a hringja \u00ed s\u00edma 551-6974. &nbsp;<\/p>","protected":false},"author":3,"featured_media":0,"parent":0,"menu_order":0,"comment_status":"closed","ping_status":"closed","template":"","meta":{"_et_pb_use_builder":"","_et_pb_old_content":"","_et_gb_content_width":"","footnotes":""},"class_list":["post-14938","page","type-page","status-publish","hentry"],"_links":{"self":[{"href":"https:\/\/leiklist.is\/en\/wp-json\/wp\/v2\/pages\/14938","targetHints":{"allow":["GET"]}}],"collection":[{"href":"https:\/\/leiklist.is\/en\/wp-json\/wp\/v2\/pages"}],"about":[{"href":"https:\/\/leiklist.is\/en\/wp-json\/wp\/v2\/types\/page"}],"author":[{"embeddable":true,"href":"https:\/\/leiklist.is\/en\/wp-json\/wp\/v2\/users\/3"}],"replies":[{"embeddable":true,"href":"https:\/\/leiklist.is\/en\/wp-json\/wp\/v2\/comments?post=14938"}],"version-history":[{"count":0,"href":"https:\/\/leiklist.is\/en\/wp-json\/wp\/v2\/pages\/14938\/revisions"}],"wp:attachment":[{"href":"https:\/\/leiklist.is\/en\/wp-json\/wp\/v2\/media?parent=14938"}],"curies":[{"name":"wp","href":"https:\/\/api.w.org\/{rel}","templated":true}]}}